{"id":8142,"date":"2024-04-17T17:26:01","date_gmt":"2024-04-17T17:26:01","guid":{"rendered":"http:\/\/localhost\/KBtourstravel\/page-right-sidebar\/"},"modified":"2026-03-05T18:54:45","modified_gmt":"2026-03-05T18:54:45","slug":"christmas-campaign","status":"publish","type":"page","link":"https:\/\/kbtourstravel.com\/pt\/christmas-campaign\/","title":{"rendered":"Campanha de Natal"},"content":{"rendered":"<div data-elementor-type=\"wp-page\" data-elementor-id=\"8142\" class=\"elementor elementor-8142\" data-elementor-post-type=\"page\">\n\t\t\t\t<div class=\"elementor-element elementor-element-678878c8 e-flex e-con-boxed e-con e-parent\" data-id=\"678878c8\" data-element_type=\"container\" data-e-type=\"container\" data-settings=\"{&quot;background_background&quot;:&quot;classic&quot;}\">\n\t\t\t\t\t<div class=\"e-con-inner\">\n\t\t<div class=\"elementor-element elementor-element-20e7548d e-flex e-con-boxed e-con e-child\" data-id=\"20e7548d\" data-element_type=\"container\" data-e-type=\"container\">\n\t\t\t\t\t<div class=\"e-con-inner\">\n\t\t\t\t<div class=\"elementor-element elementor-element-cade7db elementor-widget elementor-widget-heading\" data-id=\"cade7db\" data-element_type=\"widget\" data-e-type=\"widget\" data-widget_type=\"heading.default\">\n\t\t\t\t\t<h2 class=\"elementor-heading-title elementor-size-default\">Campanha de Natal<\/h2>\t\t\t\t<\/div>\n\t\t\t\t\t<\/div>\n\t\t\t\t<\/div>\n\t\t\t\t\t<\/div>\n\t\t\t\t<\/div>\n\t\t<div class=\"elementor-element elementor-element-4126e15 e-flex e-con-boxed e-con e-parent\" data-id=\"4126e15\" data-element_type=\"container\" data-e-type=\"container\">\n\t\t\t\t\t<div class=\"e-con-inner\">\n\t\t\t\t<div class=\"elementor-element elementor-element-0610307 elementor-icon-list--layout-inline elementor-list-item-link-full_width elementor-widget elementor-widget-icon-list\" data-id=\"0610307\" data-element_type=\"widget\" data-e-type=\"widget\" data-widget_type=\"icon-list.default\">\n\t\t\t\t\t\t\t<ul class=\"elementor-icon-list-items elementor-inline-items\">\n\t\t\t\t\t\t\t<li class=\"elementor-icon-list-item elementor-inline-item\">\n\t\t\t\t\t\t\t\t\t\t\t<a href=\"https:\/\/kbtourstravel.com\/pt\/\">\n\n\t\t\t\t\t\t\t\t\t\t\t\t<span class=\"elementor-icon-list-icon\">\n\t\t\t\t\t\t\t<svg aria-hidden=\"true\" class=\"e-font-icon-svg e-fas-chevron-right\" viewbox=\"0 0 320 512\" xmlns=\"http:\/\/www.w3.org\/2000\/svg\"><path d=\"M285.476 272.971L91.132 467.314c-9.373 9.373-24.569 9.373-33.941 0l-22.667-22.667c-9.357-9.357-9.375-24.522-.04-33.901L188.505 256 34.484 101.255c-9.335-9.379-9.317-24.544.04-33.901l22.667-22.667c9.373-9.373 24.569-9.373 33.941 0L285.475 239.03c9.373 9.372 9.373 24.568.001 33.941z\"><\/path><\/svg>\t\t\t\t\t\t<\/span>\n\t\t\t\t\t\t\t\t\t\t<span class=\"elementor-icon-list-text\">HOME<\/span>\n\t\t\t\t\t\t\t\t\t\t\t<\/a>\n\t\t\t\t\t\t\t\t\t<\/li>\n\t\t\t\t\t\t\t\t<li class=\"elementor-icon-list-item elementor-inline-item\">\n\t\t\t\t\t\t\t\t\t\t\t<a href=\"https:\/\/kbtourstravel.com\/pt\/our-social-projects\/\">\n\n\t\t\t\t\t\t\t\t\t\t\t\t<span class=\"elementor-icon-list-icon\">\n\t\t\t\t\t\t\t<svg aria-hidden=\"true\" class=\"e-font-icon-svg e-fas-chevron-right\" viewbox=\"0 0 320 512\" xmlns=\"http:\/\/www.w3.org\/2000\/svg\"><path d=\"M285.476 272.971L91.132 467.314c-9.373 9.373-24.569 9.373-33.941 0l-22.667-22.667c-9.357-9.357-9.375-24.522-.04-33.901L188.505 256 34.484 101.255c-9.335-9.379-9.317-24.544.04-33.901l22.667-22.667c9.373-9.373 24.569-9.373 33.941 0L285.475 239.03c9.373 9.372 9.373 24.568.001 33.941z\"><\/path><\/svg>\t\t\t\t\t\t<\/span>\n\t\t\t\t\t\t\t\t\t\t<span class=\"elementor-icon-list-text\">NOSSOS PROJETOS SOCIAIS<\/span>\n\t\t\t\t\t\t\t\t\t\t\t<\/a>\n\t\t\t\t\t\t\t\t\t<\/li>\n\t\t\t\t\t\t\t\t<li class=\"elementor-icon-list-item elementor-inline-item\">\n\t\t\t\t\t\t\t\t\t\t\t<span class=\"elementor-icon-list-icon\">\n\t\t\t\t\t\t\t<svg aria-hidden=\"true\" class=\"e-font-icon-svg e-fas-chevron-right\" viewbox=\"0 0 320 512\" xmlns=\"http:\/\/www.w3.org\/2000\/svg\"><path d=\"M285.476 272.971L91.132 467.314c-9.373 9.373-24.569 9.373-33.941 0l-22.667-22.667c-9.357-9.357-9.375-24.522-.04-33.901L188.505 256 34.484 101.255c-9.335-9.379-9.317-24.544.04-33.901l22.667-22.667c9.373-9.373 24.569-9.373 33.941 0L285.475 239.03c9.373 9.372 9.373 24.568.001 33.941z\"><\/path><\/svg>\t\t\t\t\t\t<\/span>\n\t\t\t\t\t\t\t\t\t\t<span class=\"elementor-icon-list-text\">The Christmas<\/span>\n\t\t\t\t\t\t\t\t\t<\/li>\n\t\t\t\t\t\t<\/ul>\n\t\t\t\t\t\t<\/div>\n\t\t\t\t\t<\/div>\n\t\t\t\t<\/div>\n\t\t<div class=\"elementor-element elementor-element-a2cf855 e-flex e-con-boxed e-con e-parent\" data-id=\"a2cf855\" data-element_type=\"container\" data-e-type=\"container\">\n\t\t\t\t\t<div class=\"e-con-inner\">\n\t\t<div class=\"elementor-element elementor-element-9c18330 e-con-full e-flex e-con e-child\" data-id=\"9c18330\" data-element_type=\"container\" data-e-type=\"container\">\n\t\t\t\t<div class=\"elementor-element elementor-element-7a6e34f elementor-widget elementor-widget-heading\" data-id=\"7a6e34f\" data-element_type=\"widget\" data-e-type=\"widget\" data-widget_type=\"heading.default\">\n\t\t\t\t\t<h2 class=\"elementor-heading-title elementor-size-default\">Campanha de Natal<\/h2>\t\t\t\t<\/div>\n\t\t<div class=\"elementor-element elementor-element-2722d55 e-con-full e-flex e-con e-child\" data-id=\"2722d55\" data-element_type=\"container\" data-e-type=\"container\">\n\t\t<div class=\"elementor-element elementor-element-536701e e-con-full e-flex e-con e-child\" data-id=\"536701e\" data-element_type=\"container\" data-e-type=\"container\">\n\t\t\t\t<div class=\"elementor-element elementor-element-100fe9c elementor-widget elementor-widget-image\" data-id=\"100fe9c\" data-element_type=\"widget\" data-e-type=\"widget\" data-widget_type=\"image.default\">\n\t\t\t\t\t\t\t\t\t\t\t\t\t\t\t<img fetchpriority=\"high\" decoding=\"async\" width=\"640\" height=\"481\" src=\"https:\/\/kbtourstravel.com\/wp-content\/uploads\/2025\/09\/c07-1024x769.jpg\" class=\"attachment-large size-large wp-image-17667\" alt=\"\" srcset=\"https:\/\/kbtourstravel.com\/wp-content\/uploads\/2025\/09\/c07-1024x769.jpg 1024w, https:\/\/kbtourstravel.com\/wp-content\/uploads\/2025\/09\/c07-300x225.jpg 300w, https:\/\/kbtourstravel.com\/wp-content\/uploads\/2025\/09\/c07-768x577.jpg 768w, https:\/\/kbtourstravel.com\/wp-content\/uploads\/2025\/09\/c07-1536x1153.jpg 1536w, https:\/\/kbtourstravel.com\/wp-content\/uploads\/2025\/09\/c07-2048x1538.jpg 2048w, https:\/\/kbtourstravel.com\/wp-content\/uploads\/2025\/09\/c07-16x12.jpg 16w\" sizes=\"(max-width: 640px) 100vw, 640px\" loading=\"eager\">\t\t\t\t\t\t\t\t\t\t\t\t\t\t\t<\/div>\n\t\t\t\t<\/div>\n\t\t<div class=\"elementor-element elementor-element-57ab744 e-con-full e-flex e-con e-child\" data-id=\"57ab744\" data-element_type=\"container\" data-e-type=\"container\">\n\t\t\t\t<div class=\"elementor-element elementor-element-8bf6efe elementor-widget elementor-widget-text-editor\" data-id=\"8bf6efe\" data-element_type=\"widget\" data-e-type=\"widget\" data-widget_type=\"text-editor.default\">\n\t\t\t\t\t\t\t\t\t<p><span style=\"color: #000000;\">A Campanha de Natal organizada pela KB Adventures \u00e9 uma iniciativa de responsabilidade social projetada para levar apoio e alegria \u00e0s comunidades carentes durante a temporada de festas. Esta campanha foca em criar um momento especial para os necessitados, especialmente em \u00e1reas rurais e comunidades vulner\u00e1veis.<\/span><\/p>\t\t\t\t\t\t\t\t<\/div>\n\t\t\t\t<\/div>\n\t\t\t\t<\/div>\n\t\t\t\t<div class=\"elementor-element elementor-element-dbe934d elementor-widget elementor-widget-heading\" data-id=\"dbe934d\" data-element_type=\"widget\" data-e-type=\"widget\" data-widget_type=\"heading.default\">\n\t\t\t\t\t<h2 class=\"elementor-heading-title elementor-size-default\">Objectives of the Christmas Campaign\n2025<\/h2>\t\t\t\t<\/div>\n\t\t<div class=\"elementor-element elementor-element-c157711 e-con-full e-flex e-con e-child\" data-id=\"c157711\" data-element_type=\"container\" data-e-type=\"container\">\n\t\t<div class=\"elementor-element elementor-element-b9396e9 e-con-full e-flex e-con e-child\" data-id=\"b9396e9\" data-element_type=\"container\" data-e-type=\"container\">\n\t\t\t\t<\/div>\n\t\t<div class=\"elementor-element elementor-element-64f0963 e-con-full e-flex e-con e-child\" data-id=\"64f0963\" data-element_type=\"container\" data-e-type=\"container\">\n\t\t\t\t<\/div>\n\t\t<div class=\"elementor-element elementor-element-691f556 e-con-full e-flex e-con e-child\" data-id=\"691f556\" data-element_type=\"container\" data-e-type=\"container\">\n\t\t\t\t<\/div>\n\t\t<div class=\"elementor-element elementor-element-692fb6c e-con-full e-flex e-con e-child\" data-id=\"692fb6c\" data-element_type=\"container\" data-e-type=\"container\">\n\t\t\t\t<\/div>\n\t\t\t\t<\/div>\n\t\t\t\t<div class=\"elementor-element elementor-element-c1f7b83 elementor-widget elementor-widget-text-editor\" data-id=\"c1f7b83\" data-element_type=\"widget\" data-e-type=\"widget\" data-widget_type=\"text-editor.default\">\n\t\t\t\t\t\t\t\t\t<p style=\"text-align: center;\"><span style=\"color: #000000;\"><em>Comunidad de Ttio, distrito de calca\u2013 Cusco, Per\u00fa.<\/em><\/span><\/p>\t\t\t\t\t\t\t\t<\/div>\n\t\t\t\t<div class=\"elementor-element elementor-element-464f34d elementor-widget elementor-widget-heading\" data-id=\"464f34d\" data-element_type=\"widget\" data-e-type=\"widget\" data-widget_type=\"heading.default\">\n\t\t\t\t\t<h2 class=\"elementor-heading-title elementor-size-default\">2024<\/h2>\t\t\t\t<\/div>\n\t\t<div class=\"elementor-element elementor-element-feff613 e-con-full e-flex e-con e-child\" data-id=\"feff613\" data-element_type=\"container\" data-e-type=\"container\">\n\t\t<div class=\"elementor-element elementor-element-0a37203 e-con-full e-flex e-con e-child\" data-id=\"0a37203\" data-element_type=\"container\" data-e-type=\"container\">\n\t\t\t\t<\/div>\n\t\t<div class=\"elementor-element elementor-element-c12dc16 e-con-full e-flex e-con e-child\" data-id=\"c12dc16\" data-element_type=\"container\" data-e-type=\"container\">\n\t\t\t\t<\/div>\n\t\t<div class=\"elementor-element elementor-element-05d5515 e-con-full e-flex e-con e-child\" data-id=\"05d5515\" data-element_type=\"container\" data-e-type=\"container\">\n\t\t\t\t<\/div>\n\t\t<div class=\"elementor-element elementor-element-8bd1f36 e-con-full e-flex e-con e-child\" data-id=\"8bd1f36\" data-element_type=\"container\" data-e-type=\"container\">\n\t\t\t\t<\/div>\n\t\t\t\t<\/div>\n\t\t\t\t<div class=\"elementor-element elementor-element-f3c42a4 elementor-widget elementor-widget-text-editor\" data-id=\"f3c42a4\" data-element_type=\"widget\" data-e-type=\"widget\" data-widget_type=\"text-editor.default\">\n\t\t\t\t\t\t\t\t\t<p style=\"text-align: center;\"><span style=\"color: #000000;\"><em>Comunidad de Palcca, distrito de Ocongate \u2013 Cusco, Per\u00fa.<\/em><\/span><\/p>\t\t\t\t\t\t\t\t<\/div>\n\t\t\t\t<div class=\"elementor-element elementor-element-6b1218f elementor-widget elementor-widget-heading\" data-id=\"6b1218f\" data-element_type=\"widget\" data-e-type=\"widget\" data-widget_type=\"heading.default\">\n\t\t\t\t\t<h2 class=\"elementor-heading-title elementor-size-default\">2023<\/h2>\t\t\t\t<\/div>\n\t\t<div class=\"elementor-element elementor-element-a11d704 e-con-full e-flex e-con e-child\" data-id=\"a11d704\" data-element_type=\"container\" data-e-type=\"container\">\n\t\t<div class=\"elementor-element elementor-element-983e5a9 e-con-full e-flex e-con e-child\" data-id=\"983e5a9\" data-element_type=\"container\" data-e-type=\"container\">\n\t\t\t\t<div class=\"elementor-element elementor-element-2a930e0 elementor-widget elementor-widget-image\" data-id=\"2a930e0\" data-element_type=\"widget\" data-e-type=\"widget\" data-widget_type=\"image.default\">\n\t\t\t\t\t\t\t\t\t\t\t\t\t\t\t<img decoding=\"async\" width=\"640\" height=\"427\" src=\"https:\/\/kbtourstravel.com\/wp-content\/uploads\/2024\/08\/IMG_1443-1024x683.jpg\" class=\"attachment-large size-large wp-image-13895\" alt=\"\" srcset=\"https:\/\/kbtourstravel.com\/wp-content\/uploads\/2024\/08\/IMG_1443-1024x683.jpg 1024w, https:\/\/kbtourstravel.com\/wp-content\/uploads\/2024\/08\/IMG_1443-300x200.jpg 300w, https:\/\/kbtourstravel.com\/wp-content\/uploads\/2024\/08\/IMG_1443-768x513.jpg 768w, https:\/\/kbtourstravel.com\/wp-content\/uploads\/2024\/08\/IMG_1443-1536x1025.jpg 1536w, https:\/\/kbtourstravel.com\/wp-content\/uploads\/2024\/08\/IMG_1443-2048x1367.jpg 2048w, https:\/\/kbtourstravel.com\/wp-content\/uploads\/2024\/08\/IMG_1443-18x12.jpg 18w\" sizes=\"(max-width: 640px) 100vw, 640px\" loading=\"eager\">\t\t\t\t\t\t\t\t\t\t\t\t\t\t\t<\/div>\n\t\t\t\t<\/div>\n\t\t<div class=\"elementor-element elementor-element-9940ad4 e-con-full e-flex e-con e-child\" data-id=\"9940ad4\" data-element_type=\"container\" data-e-type=\"container\">\n\t\t\t\t<div class=\"elementor-element elementor-element-dee68b1 elementor-widget elementor-widget-image\" data-id=\"dee68b1\" data-element_type=\"widget\" data-e-type=\"widget\" data-widget_type=\"image.default\">\n\t\t\t\t\t\t\t\t\t\t\t\t\t\t\t<img decoding=\"async\" width=\"640\" height=\"427\" src=\"https:\/\/kbtourstravel.com\/wp-content\/uploads\/2024\/08\/IMG_1428-1024x683.jpg\" class=\"attachment-large size-large wp-image-13712\" alt=\"\" srcset=\"https:\/\/kbtourstravel.com\/wp-content\/uploads\/2024\/08\/IMG_1428-1024x683.jpg 1024w, https:\/\/kbtourstravel.com\/wp-content\/uploads\/2024\/08\/IMG_1428-300x200.jpg 300w, https:\/\/kbtourstravel.com\/wp-content\/uploads\/2024\/08\/IMG_1428-768x512.jpg 768w, https:\/\/kbtourstravel.com\/wp-content\/uploads\/2024\/08\/IMG_1428-1536x1024.jpg 1536w, https:\/\/kbtourstravel.com\/wp-content\/uploads\/2024\/08\/IMG_1428-2048x1365.jpg 2048w, https:\/\/kbtourstravel.com\/wp-content\/uploads\/2024\/08\/IMG_1428-18x12.jpg 18w\" sizes=\"(max-width: 640px) 100vw, 640px\" loading=\"eager\">\t\t\t\t\t\t\t\t\t\t\t\t\t\t\t<\/div>\n\t\t\t\t<\/div>\n\t\t<div class=\"elementor-element elementor-element-0bd0b01 e-con-full e-flex e-con e-child\" data-id=\"0bd0b01\" data-element_type=\"container\" data-e-type=\"container\">\n\t\t\t\t<div class=\"elementor-element elementor-element-6fcb1ad elementor-widget elementor-widget-image\" data-id=\"6fcb1ad\" data-element_type=\"widget\" data-e-type=\"widget\" data-widget_type=\"image.default\">\n\t\t\t\t\t\t\t\t\t\t\t\t\t\t\t<img decoding=\"async\" width=\"640\" height=\"427\" src=\"https:\/\/kbtourstravel.com\/wp-content\/uploads\/2024\/08\/IMG_1187-1024x683.jpg\" class=\"attachment-large size-large wp-image-13897\" alt=\"\" srcset=\"https:\/\/kbtourstravel.com\/wp-content\/uploads\/2024\/08\/IMG_1187-1024x683.jpg 1024w, https:\/\/kbtourstravel.com\/wp-content\/uploads\/2024\/08\/IMG_1187-300x200.jpg 300w, https:\/\/kbtourstravel.com\/wp-content\/uploads\/2024\/08\/IMG_1187-768x513.jpg 768w, https:\/\/kbtourstravel.com\/wp-content\/uploads\/2024\/08\/IMG_1187-1536x1025.jpg 1536w, https:\/\/kbtourstravel.com\/wp-content\/uploads\/2024\/08\/IMG_1187-2048x1367.jpg 2048w, https:\/\/kbtourstravel.com\/wp-content\/uploads\/2024\/08\/IMG_1187-18x12.jpg 18w\" sizes=\"(max-width: 640px) 100vw, 640px\" loading=\"eager\">\t\t\t\t\t\t\t\t\t\t\t\t\t\t\t<\/div>\n\t\t\t\t<\/div>\n\t\t<div class=\"elementor-element elementor-element-4db3d9b e-con-full e-flex e-con e-child\" data-id=\"4db3d9b\" data-element_type=\"container\" data-e-type=\"container\">\n\t\t\t\t<div class=\"elementor-element elementor-element-5f3f902 elementor-widget elementor-widget-image\" data-id=\"5f3f902\" data-element_type=\"widget\" data-e-type=\"widget\" data-widget_type=\"image.default\">\n\t\t\t\t\t\t\t\t\t\t\t\t\t\t\t<img decoding=\"async\" width=\"640\" height=\"427\" src=\"https:\/\/kbtourstravel.com\/wp-content\/uploads\/2024\/08\/IMG_1411-1024x683.jpg\" class=\"attachment-large size-large wp-image-13898\" alt=\"\" srcset=\"https:\/\/kbtourstravel.com\/wp-content\/uploads\/2024\/08\/IMG_1411-1024x683.jpg 1024w, https:\/\/kbtourstravel.com\/wp-content\/uploads\/2024\/08\/IMG_1411-300x200.jpg 300w, https:\/\/kbtourstravel.com\/wp-content\/uploads\/2024\/08\/IMG_1411-768x513.jpg 768w, https:\/\/kbtourstravel.com\/wp-content\/uploads\/2024\/08\/IMG_1411-1536x1025.jpg 1536w, https:\/\/kbtourstravel.com\/wp-content\/uploads\/2024\/08\/IMG_1411-2048x1367.jpg 2048w, https:\/\/kbtourstravel.com\/wp-content\/uploads\/2024\/08\/IMG_1411-18x12.jpg 18w\" sizes=\"(max-width: 640px) 100vw, 640px\" loading=\"eager\">\t\t\t\t\t\t\t\t\t\t\t\t\t\t\t<\/div>\n\t\t\t\t<\/div>\n\t\t\t\t<\/div>\n\t\t\t\t<\/div>\n\t\t<div class=\"elementor-element elementor-element-e54971b e-con-full e-flex e-con e-child\" data-id=\"e54971b\" data-element_type=\"container\" data-e-type=\"container\">\n\t\t\t\t<div class=\"elementor-element elementor-element-43bd32a elementor-view-default elementor-position-block-start elementor-mobile-position-block-start elementor-widget elementor-widget-icon-box\" data-id=\"43bd32a\" data-element_type=\"widget\" data-e-type=\"widget\" data-widget_type=\"icon-box.default\">\n\t\t\t\t\t\t\t<div class=\"elementor-icon-box-wrapper\">\n\n\t\t\t\t\t\t<div class=\"elementor-icon-box-icon\">\n\t\t\t\t<span  class=\"elementor-icon\">\n\t\t\t\t<svg aria-hidden=\"true\" class=\"e-font-icon-svg e-fas-store-alt\" viewbox=\"0 0 640 512\" xmlns=\"http:\/\/www.w3.org\/2000\/svg\"><path d=\"M320 384H128V224H64v256c0 17.7 14.3 32 32 32h256c17.7 0 32-14.3 32-32V224h-64v160zm314.6-241.8l-85.3-128c-6-8.9-16-14.2-26.7-14.2H117.4c-10.7 0-20.7 5.3-26.6 14.2l-85.3 128c-14.2 21.3 1 49.8 26.6 49.8H608c25.5 0 40.7-28.5 26.6-49.8zM512 496c0 8.8 7.2 16 16 16h32c8.8 0 16-7.2 16-16V224h-64v272z\"><\/path><\/svg>\t\t\t\t<\/span>\n\t\t\t<\/div>\n\t\t\t\n\t\t\t\t\t\t<div class=\"elementor-icon-box-content\">\n\n\t\t\t\t\t\t\t\t\t<h3 class=\"elementor-icon-box-title\">\n\t\t\t\t\t\t<span  >\n\t\t\t\t\t\t\tKB Adventures Per\u00fa\t\t\t\t\t\t<\/span>\n\t\t\t\t\t<\/h3>\n\t\t\t\t\n\t\t\t\t\t\t\t\t\t<p class=\"elementor-icon-box-description\">\n\t\t\t\t\t\tMore than a travel agency, we are a family that shares with you the passion for discovering Peru.\t\t\t\t\t<\/p>\n\t\t\t\t\n\t\t\t<\/div>\n\t\t\t\n\t\t<\/div>\n\t\t\t\t\t\t<\/div>\n\t\t\t\t<\/div>\n\t\t\t\t\t<\/div>\n\t\t\t\t<\/div>\n\t\t<div class=\"elementor-element elementor-element-028831d e-flex e-con-boxed e-con e-parent\" data-id=\"028831d\" data-element_type=\"container\" data-e-type=\"container\">\n\t\t\t\t\t<div class=\"e-con-inner\">\n\t\t\t\t<div class=\"elementor-element elementor-element-f0ecc26 elementor-widget elementor-widget-heading\" data-id=\"f0ecc26\" data-element_type=\"widget\" data-e-type=\"widget\" data-widget_type=\"heading.default\">\n\t\t\t\t\t<h2 class=\"elementor-heading-title elementor-size-default\">Impacto da Campanha<\/h2>\t\t\t\t<\/div>\n\t\t\t\t<div class=\"elementor-element elementor-element-80e07d4 elementor-widget elementor-widget-text-editor\" data-id=\"80e07d4\" data-element_type=\"widget\" data-e-type=\"widget\" data-widget_type=\"text-editor.default\">\n\t\t\t\t\t\t\t\t\t<p style=\"text-align: center;\"><span style=\"color: #ffffff;\">Desde o seu in\u00edcio, a Campanha de Natal da KB Adventures beneficiou centenas de fam\u00edlias, proporcionando n\u00e3o apenas recursos materiais, mas tamb\u00e9m esperan\u00e7a e alegria durante um per\u00edodo significativo do ano. A empresa se orgulha de seu compromisso com a comunidade e busca continuamente maneiras de expandir e aprimorar essa campanha ano ap\u00f3s ano.<\/span><\/p>\t\t\t\t\t\t\t\t<\/div>\n\t\t\t\t\t<\/div>\n\t\t\t\t<\/div>\n\t\t<div class=\"elementor-element elementor-element-98f1e0b e-flex e-con-boxed e-con e-parent\" data-id=\"98f1e0b\" data-element_type=\"container\" data-e-type=\"container\">\n\t\t\t\t\t<div class=\"e-con-inner\">\n\t\t\t\t\t<\/div>\n\t\t\t\t<\/div>\n\t\t\t\t<\/div>","protected":false},"excerpt":{"rendered":"<p>Christmas Campaign HOME OUR SOCIAL PROJECTS The Christmas Christmas Campaign The Christmas Campaign organized by KB Adventures is a social responsibility initiative designed to bring support and joy to underserved communities during the holiday season. This campaign focuses on creating a special moment for those in need, particularly in rural areas and vulnerable communities. Objectives [&hellip;]<\/p>\n","protected":false},"author":1,"featured_media":0,"parent":0,"menu_order":0,"comment_status":"closed","ping_status":"closed","template":"elementor_header_footer","meta":{"_acf_changed":false,"om_disable_all_campaigns":false,"_monsterinsights_skip_tracking":false,"_monsterinsights_sitenote_active":false,"_monsterinsights_sitenote_note":"","_monsterinsights_sitenote_category":0,"footnotes":""},"class_list":["post-8142","page","type-page","status-publish","hentry"],"acf":[],"_links":{"self":[{"href":"https:\/\/kbtourstravel.com\/pt\/wp-json\/wp\/v2\/pages\/8142","targetHints":{"allow":["GET"]}}],"collection":[{"href":"https:\/\/kbtourstravel.com\/pt\/wp-json\/wp\/v2\/pages"}],"about":[{"href":"https:\/\/kbtourstravel.com\/pt\/wp-json\/wp\/v2\/types\/page"}],"author":[{"embeddable":true,"href":"https:\/\/kbtourstravel.com\/pt\/wp-json\/wp\/v2\/users\/1"}],"replies":[{"embeddable":true,"href":"https:\/\/kbtourstravel.com\/pt\/wp-json\/wp\/v2\/comments?post=8142"}],"version-history":[{"count":15,"href":"https:\/\/kbtourstravel.com\/pt\/wp-json\/wp\/v2\/pages\/8142\/revisions"}],"predecessor-version":[{"id":19036,"href":"https:\/\/kbtourstravel.com\/pt\/wp-json\/wp\/v2\/pages\/8142\/revisions\/19036"}],"wp:attachment":[{"href":"https:\/\/kbtourstravel.com\/pt\/wp-json\/wp\/v2\/media?parent=8142"}],"curies":[{"name":"wp","href":"https:\/\/api.w.org\/{rel}","templated":true}]}}