{"id":18327,"date":"2025-11-06T16:44:53","date_gmt":"2025-11-06T16:44:53","guid":{"rendered":"https:\/\/kbtourstravel.com\/?page_id=18327"},"modified":"2025-11-30T19:28:57","modified_gmt":"2025-11-30T19:28:57","slug":"disclaimer-statement","status":"publish","type":"page","link":"https:\/\/kbtourstravel.com\/pt\/disclaimer-statement\/","title":{"rendered":"Declara\u00e7\u00e3o de Isen\u00e7\u00e3o de Responsabilidade"},"content":{"rendered":"<div data-elementor-type=\"wp-page\" data-elementor-id=\"18327\" class=\"elementor elementor-18327\" data-elementor-post-type=\"page\">\n\t\t\t\t<div class=\"elementor-element elementor-element-d4666bc e-flex e-con-boxed e-con e-parent\" data-id=\"d4666bc\" data-element_type=\"container\" data-e-type=\"container\">\n\t\t\t\t\t<div class=\"e-con-inner\">\n\t\t\t\t<div class=\"elementor-element elementor-element-b41df19 elementor-widget elementor-widget-text-editor\" data-id=\"b41df19\" data-element_type=\"widget\" data-e-type=\"widget\" data-widget_type=\"text-editor.default\">\n\t\t\t\t\t\t\t\t\t<!DOCTYPE html>\n<html lang=\"en\">\n<head>\n<meta charset=\"UTF-8\">\n<title>Declara\u00e7\u00e3o de Isen\u00e7\u00e3o de Responsabilidade<\/title>\n<\/head>\n<body style=\"background-color:#F0F4FA; color:#000000; font-family:Arial, sans-serif; line-height:1.6; \">\n\n\n<p style=\"margin-bottom:15px;\">I, _____________________________________________ Freely, spontaneously and voluntarily declare that:<\/p>\n\n<p style=\"margin-bottom:15px;\">\n1.- I have decided to hire and participate in the tour: __________________________________________ <br>\nWhich will begin on the _____ day of _______ of the year 20__ <br>\nAnd it will end on the _____ day of _______ of the same year.\n<\/p>\n\n<p style=\"margin-bottom:15px;\">\n2.- I am aware that in the activities in which I will participate there is the possibility of suffering injuries, losses or traumas.\n<\/p>\n\n<p style=\"margin-bottom:15px;\">\n3.- I declare that I am in perfect physical, physiological and psychological condition, as well as that I do not suffer from any disease, injury, or disability that disables me from participating in the tour.\n<\/p>\n\n<p style=\"margin-bottom:15px;\">\n4.- I agree to follow and obey the instructions given by the members of <b style=\"color:#000000;\">KB ADVENTURES<\/b>, their guides, instructors or any of their collaborators.\n<\/p>\n\n<p style=\"margin-bottom:15px;\">\n5.- I am aware that the place I will visit may have a delicate ecological balance and I will do everything possible to preserve it in the state in which we find it.\n<\/p>\n\n<p style=\"margin-bottom:15px;\">\n6.- I have made the decision to carry out the tour without any type of pressure, nor under the influence of alcohol or any substance, nor will I be during the duration of the tour.\n<\/p>\n\n<p style=\"margin-bottom:15px;\">\n7.- I am aware that the activity that I will carry out may have risks that are not attributable to <b style=\"color:#000000;\">KB ADVENTURES<\/b>, such as events that are beyond our control, such as natural or social events that harm the normal development of the contracted activities.\n<\/p>\n\n<p style=\"margin-bottom:15px;\">\n8.- Due to the aforementioned in the face of any situation caused by my conduct and behavior, for which I will be fully responsible and release responsibility from them to <b style=\"color:#000000;\">KB ADVENTURES<\/b>.\n<\/p>\n\n<p style=\"margin-bottom:15px;\">\n9.- Consequently, from the above I reserve all kinds of action against <b style=\"color:#000000;\">KB ADVENTURES<\/b>, officials, employees, representatives, agents or guides of this company.\n<\/p>\n\n<div style=\"margin-top:50px; text-align:center;\">\n  <div style=\"display:inline-block; border-top:1px solid #000; width:300px; margin-top:20px;\"><\/div><br>\n  <span style=\"font-size:14px;\">Signature<\/span>\n<\/div>\n\n<\/body>\n<\/html>\n\t\t\t\t\t\t\t\t<\/div>\n\t\t\t\t\t<\/div>\n\t\t\t\t<\/div>\n\t\t\t\t<\/div>","protected":false},"excerpt":{"rendered":"<p>Disclaimer Statement I, _____________________________________________ Freely, spontaneously and voluntarily declare that: 1.- I have decided to hire and participate in the tour: __________________________________________ Which will begin on the _____ day of _______ of the year 20__ And it will end on the _____ day of _______ of the same year. 2.- I am aware that in [&hellip;]<\/p>\n","protected":false},"author":1,"featured_media":0,"parent":0,"menu_order":0,"comment_status":"closed","ping_status":"closed","template":"","meta":{"_acf_changed":false,"om_disable_all_campaigns":false,"_monsterinsights_skip_tracking":false,"_monsterinsights_sitenote_active":false,"_monsterinsights_sitenote_note":"","_monsterinsights_sitenote_category":0,"footnotes":""},"class_list":["post-18327","page","type-page","status-publish","hentry"],"acf":[],"_links":{"self":[{"href":"https:\/\/kbtourstravel.com\/pt\/wp-json\/wp\/v2\/pages\/18327","targetHints":{"allow":["GET"]}}],"collection":[{"href":"https:\/\/kbtourstravel.com\/pt\/wp-json\/wp\/v2\/pages"}],"about":[{"href":"https:\/\/kbtourstravel.com\/pt\/wp-json\/wp\/v2\/types\/page"}],"author":[{"embeddable":true,"href":"https:\/\/kbtourstravel.com\/pt\/wp-json\/wp\/v2\/users\/1"}],"replies":[{"embeddable":true,"href":"https:\/\/kbtourstravel.com\/pt\/wp-json\/wp\/v2\/comments?post=18327"}],"version-history":[{"count":14,"href":"https:\/\/kbtourstravel.com\/pt\/wp-json\/wp\/v2\/pages\/18327\/revisions"}],"predecessor-version":[{"id":18444,"href":"https:\/\/kbtourstravel.com\/pt\/wp-json\/wp\/v2\/pages\/18327\/revisions\/18444"}],"wp:attachment":[{"href":"https:\/\/kbtourstravel.com\/pt\/wp-json\/wp\/v2\/media?parent=18327"}],"curies":[{"name":"wp","href":"https:\/\/api.w.org\/{rel}","templated":true}]}}