{"id":15159,"date":"2025-03-18T18:31:46","date_gmt":"2025-03-18T18:31:46","guid":{"rendered":"https:\/\/kbtourstravel.com\/?page_id=15159"},"modified":"2025-11-28T17:27:42","modified_gmt":"2025-11-28T17:27:42","slug":"privacy-policy-date","status":"publish","type":"page","link":"https:\/\/kbtourstravel.com\/pt\/privacy-policy-date\/","title":{"rendered":"Pol\u00edtica de Privacidade"},"content":{"rendered":"<div data-elementor-type=\"wp-page\" data-elementor-id=\"15159\" class=\"elementor elementor-15159\" data-elementor-post-type=\"page\">\n\t\t\t\t<div class=\"elementor-element elementor-element-177abb04 e-flex e-con-boxed e-con e-parent\" data-id=\"177abb04\" data-element_type=\"container\" data-e-type=\"container\" data-settings=\"{&quot;background_background&quot;:&quot;classic&quot;}\">\n\t\t\t\t\t<div class=\"e-con-inner\">\n\t\t<div class=\"elementor-element elementor-element-53089694 e-flex e-con-boxed e-con e-child\" data-id=\"53089694\" data-element_type=\"container\" data-e-type=\"container\">\n\t\t\t\t\t<div class=\"e-con-inner\">\n\t\t\t\t<div class=\"elementor-element elementor-element-70610308 animated-slow elementor-widget__width-initial elementor-invisible elementor-widget elementor-widget-heading\" data-id=\"70610308\" data-element_type=\"widget\" data-e-type=\"widget\" data-settings=\"{&quot;_animation&quot;:&quot;slideInUp&quot;}\" data-widget_type=\"heading.default\">\n\t\t\t\t\t<h6 class=\"elementor-heading-title elementor-size-default\"><br><br><br><br><br>POL\u00cdTICA DE PROTE\u00c7\u00c3O DE DADOS PESSOAIS<\/h6>\t\t\t\t<\/div>\n\t\t\t\t\t<\/div>\n\t\t\t\t<\/div>\n\t\t\t\t\t<\/div>\n\t\t\t\t<\/div>\n\t\t<div class=\"elementor-element elementor-element-cddd3f6 e-con-full e-flex e-con e-parent\" data-id=\"cddd3f6\" data-element_type=\"container\" data-e-type=\"container\">\n\t\t<div class=\"elementor-element elementor-element-9f85802 e-con-full e-flex e-con e-child\" data-id=\"9f85802\" data-element_type=\"container\" data-e-type=\"container\">\n\t\t\t\t<div class=\"elementor-element elementor-element-3f3379f elementor-widget elementor-widget-text-editor\" data-id=\"3f3379f\" data-element_type=\"widget\" data-e-type=\"widget\" data-widget_type=\"text-editor.default\">\n\t\t\t\t\t\t\t\t\t<p><br \/><br \/><br \/><br \/><\/p><p><style>\n        body {<br \/>\n            font-family: 'Poppins', sans-serif;<br \/>\n            margin: 40px;<br \/>\n            line-height: 1.8;<br \/>\n            color: #333;<br \/>\n        }<br \/>\n        .content-wrapper {<br \/>\n            max-width: 1200px;<br \/>\n            padding: 30px;<br \/>\n            border-radius: 10px;<br \/>\n            box-shadow: 0 4px 15px rgba(0, 0, 0, 0.1);<br \/>\n            margin: auto;<br \/>\n        }<br \/>\n        h1 {<br \/>\n            color: #1F496F;<br \/>\n            text-align: center;<br \/>\n        }<br \/>\n        h2 {<br \/>\n            color: #1F496F;<br \/>\n            font-size: 28px;<br \/>\n            border-bottom: 2px solid #ddd;<br \/>\n            padding-bottom: 5px;<br \/>\n        }<br \/>\n        .text-content {<br \/>\n            font-size: 16px;<br \/>\n            line-height: 1.8;<br \/>\n            color: #000;<br \/>\n        }<br \/>\n        ul {<br \/>\n            padding-left: 30px;<br \/>\n        }<br \/>\n        .highlight {<br \/>\n            color: red;<br \/>\n            font-weight: bold;<br \/>\n        }<br \/>\n    <\/style><\/p><p>\u00a0<\/p><div class=\"content-wrapper\"><h1>POL\u00cdTICA DE PROTE\u00c7\u00c3O DE DADOS PESSOAIS<\/h1><p class=\"text-content\">Para a KB ADVENTURE S.A.C, a SEGURAN\u00c7A E PRIVACIDADE** de todos os nossos clientes diretos e indiretos, fornecedores e, em geral, de todas as pessoas que nos fornecem seus dados pessoais em nosso site \u00e9 de vital import\u00e2ncia. Por isso, estabelecemos abaixo nossas pol\u00edticas de privacidade e prote\u00e7\u00e3o de dados pessoais.<\/p><p class=\"text-content\">A KB ADVENTURE S.A.C \u00e9 respons\u00e1vel pelo registro dos dados gerados pelos usu\u00e1rios em seu site. De acordo com a Lei 29733, prevista no Artigo 2, numeral 6 da Constitui\u00e7\u00e3o Pol\u00edtica do Peru, a KB ADVENTURE S.A.C compromete-se a cumprir sua obriga\u00e7\u00e3o de proteger os dados pessoais e o dever de trat\u00e1-los com confidencialidade. Portanto, ser\u00e3o tomadas todas as medidas necess\u00e1rias para evitar sua altera\u00e7\u00e3o, perda, uso indevido ou acesso n\u00e3o autorizado. A coleta e o processamento automatizado dos dados pessoais t\u00eam como objetivo gerenciar, fornecer e melhorar os servi\u00e7os aos usu\u00e1rios.<\/p><p class=\"text-content\">KB ADVENTURE S.A.C appreciates the trust of all users who visit our website, <a href=\"https:\/\/kbtourstravel.com\/pt\/\">www.kbtourstravel.com<\/a>, e fornecer suas informa\u00e7\u00f5es pessoais. O processamento dessas informa\u00e7\u00f5es ser\u00e1 realizado com cuidado e responsabilidade, estabelecendo os mais altos padr\u00f5es poss\u00edveis de prote\u00e7\u00e3o de dados e privacidade, de acordo com a lei mencionada.<\/p><h2>USO DAS INFORMA\u00c7\u00d5ES NESTE SITE<\/h2><p class=\"text-content\">As informa\u00e7\u00f5es pessoais que a **KB ADVENTURE S.A.C** coleta atrav\u00e9s do site <a href=\"https:\/\/kbtourstravel.com\/pt\/\">https:\/\/kbtourstravel.com<\/a>, como nome, endere\u00e7o, n\u00famero de telefone, e-mail, entre outros, s\u00e3o tratadas com o m\u00e1ximo cuidado. A KB ADVENTURE S.A.C recebe e armazena todas as informa\u00e7\u00f5es fornecidas.<\/p><h2>RETEN\u00c7\u00c3O DE DADOS<\/h2><p class=\"text-content\">Para cumprir com obriga\u00e7\u00f5es fiscais e receber informa\u00e7\u00f5es publicit\u00e1rias e ofertas comerciais, o usu\u00e1rio e\/ou cliente autoriza a KB ADVENTURE S.A.C a reter seus dados mesmo ap\u00f3s o t\u00e9rmino da rela\u00e7\u00e3o econ\u00f4mica contratual.<\/p><h2>A KB ADVENTURE S.A.C COMPARTILHA AS INFORMA\u00c7\u00d5ES QUE RECEBE?<\/h2><p class=\"text-content\">A KB ADVENTURE S.A.C compartilha dados com seus parceiros e aliados, assim como com o departamento fiscal. Todos os dados coletados de usu\u00e1rios, clientes e\/ou terceiros podem ser transferidos a terceiros dentro dos limites permitidos pela legisla\u00e7\u00e3o peruana vigente.<\/p><h2>PARCEIROS TERCEIRIZADOS<\/h2><p class=\"text-content\">A KB ADVENTURE S.A.C n\u00e3o controla parceiros comerciais, aliados ou terceiros. Embora trabalhe em estreita colabora\u00e7\u00e3o com seus parceiros de neg\u00f3cios, isso n\u00e3o significa que eles sejam obrigados a cumprir as Pol\u00edticas de Privacidade e Prote\u00e7\u00e3o de Dados da KB ADVENTURE S.A.C. Da mesma forma, terceiros que possam ser anunciados neste site n\u00e3o est\u00e3o diretamente obrigados a seguir estas pol\u00edticas. Portanto, a KB ADVENTURE S.A.C n\u00e3o se responsabiliza pelos dados que esses terceiros possam coletar em seus respectivos sites.<\/p><h2>MEDIDAS DE SEGURAN\u00c7A<\/h2><p class=\"text-content\">A KB ADVENTURE S.A.C adotou os n\u00edveis de seguran\u00e7a exigidos por lei para a Prote\u00e7\u00e3o de Dados Pessoais. No entanto, os usu\u00e1rios devem estar cientes de que essas medidas na Internet n\u00e3o s\u00e3o impenetr\u00e1veis. Por isso, recomenda-se que tomem as precau\u00e7\u00f5es necess\u00e1rias para proteger suas informa\u00e7\u00f5es pessoais.<\/p><h2>PROIBI\u00c7\u00c3O DO USO DAS INFORMA\u00c7\u00d5ES<\/h2><p class=\"text-content\">Usu\u00e1rios, clientes e terceiros est\u00e3o proibidos de usar informa\u00e7\u00f5es que violem ou divulguem a privacidade de outros usu\u00e1rios, usu\u00e1rios registrados e\/ou terceiros. A responsabilidade por tais a\u00e7\u00f5es recai exclusivamente sobre o remetente.<\/p><h2>CUMPRIMENTO DAS POL\u00cdTICAS DE PRIVACIDADE<\/h2><p class=\"text-content\">Se voc\u00ea, como Usu\u00e1rio, Cliente ou Terceiro, acredita que a KB ADVENTURE S.A.C n\u00e3o cumpriu estas Pol\u00edticas de Privacidade e Prote\u00e7\u00e3o de Dados, entre em contato conosco pelo e-mail em <a href=\"mailto:INFO@KBTOURSTRAVEL.COM\">INFO@KBTOURSTRAVEL.COM<\/a> para relatar suas preocupa\u00e7\u00f5es.<\/p><h2>ALTERA\u00c7\u00d5ES NAS POL\u00cdTICAS DE PRIVACIDADE<\/h2><p class=\"text-content\">Se a KB ADVENTURE S.A.C fizer altera\u00e7\u00f5es em qualquer termo desta Pol\u00edtica de Privacidade e Prote\u00e7\u00e3o de Dados, as atualiza\u00e7\u00f5es ser\u00e3o refletidas neste documento, para que todos os usu\u00e1rios, clientes ou terceiros estejam sempre informados sobre quais dados s\u00e3o coletados, como s\u00e3o utilizados e se s\u00e3o compartilhados.<\/p><h2>D\u00daVIDAS SOBRE PRIVACIDADE<\/h2><p class=\"text-content\">Se voc\u00ea tiver alguma d\u00favida ou preocupa\u00e7\u00e3o sobre as pol\u00edticas de privacidade ou os procedimentos de tratamento de dados da KB ADVENTURE S.A.C, envie um e-mail para <a href=\"mailto:INFO@KBTOURSTRAVEL.COM\">INFO@KBTOURSTRAVEL.COM<\/a> para entrar em contato conosco.<\/p><\/div><p>\u00a0<\/p>\t\t\t\t\t\t\t\t<\/div>\n\t\t\t\t<\/div>\n\t\t<div class=\"elementor-element elementor-element-09f56ab e-con-full e-flex e-con e-child\" data-id=\"09f56ab\" data-element_type=\"container\" data-e-type=\"container\">\n\t\t<div class=\"elementor-element elementor-element-1638fd0 e-con-full e-flex e-con e-child\" data-id=\"1638fd0\" data-element_type=\"container\" data-e-type=\"container\">\n\t\t\t\t<div class=\"elementor-element elementor-element-722ea70 elementor-widget elementor-widget-text-editor\" data-id=\"722ea70\" data-element_type=\"widget\" data-e-type=\"widget\" data-widget_type=\"text-editor.default\">\n\t\t\t\t\t\t\t\t\t<!-- Font Awesome para los iconos -->\n<link rel=\"stylesheet\" href=\"https:\/\/cdnjs.cloudflare.com\/ajax\/libs\/font-awesome\/6.4.2\/css\/all.min.css\">\n\n<style>\n  body {\n    background-color: #f0f0f0;\n    font-family: Arial, sans-serif;\n    margin: 0;\n    padding: 0;\n  }\n\n  .cuadro {\n    width: 90%;\n    max-width: 700px;\n    position: sticky;\n    margin: 50px auto; \/* Centrado horizontalmente y margen superior e inferior *\/\n    padding: 20px;\n    border: 1px solid #ccc;\n    border-radius: 10px;\n    background: linear-gradient(135deg, #0061ff, #60efff);\n    box-shadow: 0 4px 8px rgba(0, 0, 0, 0.2);\n    text-align: center;\n    color: white;\n  }\n\n  .do {\n    margin-bottom: 20px;\n    color: #fff;\n    font-size: 24px;\n  }\n\n  p {\n    margin-bottom: 15px;\n    font-size: 16px;\n  }\n\n  .icon {\n    margin-right: 10px;\n    color: #ffeb3b; \/* Color amarillo para los iconos *\/\n  }\n\n  a {\n    color: #ffeb3b; \/* Color amarillo para el enlace *\/\n    text-decoration: underline;\n    transition: color 0.3s;\n  }\n\n  a:hover {\n    text-decoration: none;\n    color: #fff; \/* Cambio de color al pasar el mouse por encima *\/\n  }\n\n  @media (max-width: 600px) {\n    .cuadro {\n      width: 95%;\n      padding: 15px;\n    }\n\n    .do {\n      font-size: 20px;\n    }\n\n    p {\n      font-size: 14px;\n    }\n  }\n<\/style>\n\n<div class=\"cuadro\">\n  <p class=\"do\"><strong>Voc\u00ea tem alguma pergunta?<\/strong><\/p>\n  <p>Sinta-se \u00e0 vontade para nos ligar. Somos uma equipe de especialistas e teremos o prazer em ajud\u00e1-lo.<\/p>\n\n  <p><i class=\"fas fa-phone icon\"><\/i> +51 978 730 410<\/p>\n  <p><i class=\"fas fa-phone icon\"><\/i> +51 984 766 667<\/p>\n  <p><i class=\"fas fa-envelope icon\"><\/i> Email: <a href=\"mailto:info@kbtourstravel.com\">info@kbtourstravel.com<\/a><\/p>\n<\/div>\n\t\t\t\t\t\t\t\t<\/div>\n\t\t\t\t<\/div>\n\t\t<div class=\"elementor-element elementor-element-5dedf28 e-con-full e-flex e-con e-child\" data-id=\"5dedf28\" data-element_type=\"container\" data-e-type=\"container\">\n\t\t\t\t<div class=\"elementor-element elementor-element-54b136c elementor-widget elementor-widget-text-editor\" data-id=\"54b136c\" data-element_type=\"widget\" data-e-type=\"widget\" data-widget_type=\"text-editor.default\">\n\t\t\t\t\t\t\t\t\t<div style=\"display: flex; align-items: center; justify-content: center; gap: 20px; background-color: #f4f4f9; padding: 10px; border-radius: 10px; box-shadow: 0 4px 8px rgba(0, 0, 0, 0.1); max-width: 500px; margin: 20px auto;\">\n    <!-- Certificado de Excelencia Widget -->\n    <div id=\"TA_certificateOfExcellence697\" class=\"TA_certificateOfExcellence\" style=\"text-align: center;\">\n        <ul id=\"1cWGTZoJ7Ckr\" class=\"TA_links 3cMAuy7\" style=\"list-style: none; margin: 0;\">\n            <li id=\"PfwehISNw\" class=\"h84uc2edPVe\">\n                <a target=\"_blank\" href=\"https:\/\/www.tripadvisor.com.pe\/Attraction_Review-g294314-d4259913-Reviews-KB_Adventure-Cusco_Cusco_Region.html\" style=\"text-decoration: none;\" rel=\"noopener\">\n                    <img decoding=\"async\" src=\"https:\/\/static.tacdn.com\/img2\/travelers_choice\/widgets\/tchotel_2023_LL.png\" alt=\"TripAdvisor\" class=\"widCOEImg\" id=\"CDSWIDCOELOGO\" style=\"width: 100px; border-radius: 5px;\">\n                <\/a>\n            <\/li>\n        <\/ul>\n    <\/div>\n\n    <!-- Excelente Widget -->\n    <div id=\"TA_excellent47\" class=\"TA_excellent\" style=\"text-align: center;\">\n        <ul id=\"Peo4FC\" class=\"TA_links VosiueIl\" style=\"list-style: none; margin: 0;\">\n            <li id=\"pYk9Ub\" class=\"z0EmNT0waw\">\n                <a target=\"_blank\" href=\"https:\/\/www.tripadvisor.com\/Attraction_Review-g294314-d4259913-Reviews-KB_Adventure-Cusco_Cusco_Region.html\" style=\"text-decoration: none;\" rel=\"noopener\">\n                    <img decoding=\"async\" src=\"https:\/\/static.tacdn.com\/img2\/brand_refresh\/Tripadvisor_lockup_horizontal_secondary_registered.svg\" alt=\"TripAdvisor\" class=\"widEXCIMG\" id=\"CDSWIDEXCLOGO\" style=\"width: 150px; border-radius: 5px;\">\n                <\/a>\n            <\/li>\n        <\/ul>\n    <\/div>\n<\/div>\n\n<script async src=\"https:\/\/www.jscache.com\/wejs?wtype=certificateOfExcellence&amp;uniq=697&amp;locationId=4259913&amp;lang=es_PE&amp;year=2023&amp;display_version=2\" data-loadtrk onload=\"this.loadtrk=true\"><\/script>\n<script async src=\"https:\/\/www.jscache.com\/wejs?wtype=excellent&amp;uniq=47&amp;locationId=4259913&amp;lang=en_US&amp;display_version=2\" data-loadtrk onload=\"this.loadtrk=true\"><\/script>\t\t\t\t\t\t\t\t<\/div>\n\t\t\t\t<\/div>\n\t\t\t\t<\/div>\n\t\t\t\t<\/div>\n\t\t<div class=\"elementor-element elementor-element-f35b165 e-flex e-con-boxed e-con e-parent\" data-id=\"f35b165\" data-element_type=\"container\" data-e-type=\"container\">\n\t\t\t\t\t<div class=\"e-con-inner\">\n\t\t\t\t<div class=\"elementor-element elementor-element-1e91f75 elementor-widget elementor-widget-heading\" data-id=\"1e91f75\" data-element_type=\"widget\" data-e-type=\"widget\" data-widget_type=\"heading.default\">\n\t\t\t\t\t<h2 class=\"elementor-heading-title elementor-size-default\">Gender Equality and Inclusion Policy<\/h2>\t\t\t\t<\/div>\n\t\t\t\t\t<\/div>\n\t\t\t\t<\/div>\n\t\t<div class=\"elementor-element elementor-element-15a6974 e-flex e-con-boxed e-con e-parent\" data-id=\"15a6974\" data-element_type=\"container\" data-e-type=\"container\">\n\t\t\t\t\t<div class=\"e-con-inner\">\n\t\t\t\t<div class=\"elementor-element elementor-element-adaf7f1 elementor-widget elementor-widget-text-editor\" data-id=\"adaf7f1\" data-element_type=\"widget\" data-e-type=\"widget\" data-widget_type=\"text-editor.default\">\n\t\t\t\t\t\t\t\t\t<section class=\"kb-policy\"><style>\n    :root{\n      --kb-accent:#00695c;\n      --kb-accent-2:#00796b;\n      --kb-bg:#ffffff;\n      --kb-muted:#6b7280;\n      --card-radius:14px;\n      --gap:18px;\n      font-family: Inter, system-ui, -apple-system, 'Segoe UI', Roboto, 'Helvetica Neue', Arial;\n    }\n    .kb-policy{max-width:980px;margin:18px auto;padding:22px;background:linear-gradient(180deg, #f9fdfb, #ffffff);border-radius:18px;box-shadow:0 6px 20px rgba(2,6,23,0.06);}\n    .kb-header{display:flex;gap:16px;align-items:center;margin-bottom:8px}\n    .kb-logo{width:76px;height:76px;border-radius:12px;display:flex;align-items:center;justify-content:center;background:var(--kb-accent);color:#fff;font-weight:700;font-size:20px}\n    .kb-title h1{margin:0;font-size:20px;color:var(--kb-accent-2)}\n    .kb-title p{margin:4px 0 0;color:var(--kb-muted);font-size:14px}\n    .kb-intro{margin-top:12px;color:#134e4a}\n    .kb-grid{display:grid;grid-template-columns:repeat(auto-fit,minmax(260px,1fr));gap:var(--gap);margin-top:18px}\n    .kb-card{background:var(--kb-bg);border-radius:var(--card-radius);padding:16px;box-shadow:0 2px 10px rgba(16,24,40,0.04);}\n    .kb-card h3{margin:0 0 10px;color:#043c3a;font-size:16px}\n    .kb-card ul{margin:0;padding-left:18px;color:var(--kb-muted);line-height:1.55}\n    .kb-special{background:linear-gradient(90deg,#e6fffb, #f1fcf9);border:1px solid rgba(0,105,92,0.06)}\n    .kb-actions{display:flex;gap:12px;flex-wrap:wrap;margin-top:18px}\n    .kb-btn{display:inline-flex;align-items:center;gap:8px;padding:10px 14px;border-radius:10px;border:0;cursor:pointer;font-weight:600}\n    .btn-primary{background:var(--kb-accent);color:#fff}\n    .btn-muted{background:#ffffff;border:1px solid #e6eef0;color:var(--kb-accent-2)}\n    .kb-footer{margin-top:18px;color:var(--kb-muted);font-size:13px}\n    @media (max-width:520px){.kb-header{flex-direction:row}.kb-logo{width:56px;height:56px}}\n  <\/style>\n\n<div class=\"kb-header\" role=\"banner\">\n<div class=\"kb-logo\" aria-hidden=\"true\">KB<\/div>\n<div class=\"kb-title\">\n<h1>Gender Equality and Inclusion Policy<\/h1>\nKB Adventures \u2014 A fair, safe, and respectful work environment\n<\/div>\n<\/div>\n\n<p class=\"kb-intro\">\u00c0s <strong>KB Adventures<\/strong>, we promote an environment where everyone has equal opportunities, regardless of gender, identity or sexual orientation, physical condition, cultural background, or social situation. Below you will find the commitments and measures we adopt.<\/p>\n\n<div class=\"kb-grid\">\n\n<article class=\"kb-card\" aria-labelledby=\"oportunidades\">\n<h3 id=\"oportunidades\">1. Equal Opportunities<\/h3>\n<ul>\n    <li>Ensure that hiring, promotion, and training processes are based on merit, experience, and professional performance.<\/li>\n    <li>Encourage equitable participation of women and men at all levels and roles (guides, cooks, porters, etc.).<\/li>\n<\/ul>\n<\/article>\n\n<article class=\"kb-card kb-special\" aria-labelledby=\"respeto\">\n<h3 id=\"respeto\">2. Respectful and Zero-Discrimination Environment<\/h3>\n<ul>\n    <li>Prevent and sanction any type of discrimination, violence, workplace harassment, or sexual harassment.<\/li>\n    <li>Promote dignified and respectful treatment within the company and toward clients and local communities.<\/li>\n<\/ul>\n<\/article>\n\n<article class=\"kb-card\" aria-labelledby=\"inclusion\">\n<h3 id=\"inclusion\">3. Inclusion of Vulnerable Groups<\/h3>\n<ul>\n    <li>Include and support the employment participation of rural community members, Indigenous populations, and people with disabilities, ensuring safe conditions.<\/li>\n    <li>Promote equal opportunities for women from Andean regions within our tourism services.<\/li>\n<\/ul>\n<\/article>\n\n<article class=\"kb-card\" aria-labelledby=\"capacitacion\">\n<h3 id=\"capacitacion\">4. Training and Awareness<\/h3>\n<ul>\n    <li>Provide periodic training on gender equality, diversity, and inclusion.<\/li>\n    <li>Ensure that all staff know their rights and the channels to submit complaints or reports.<\/li>\n<\/ul>\n<\/article>\n\n<article class=\"kb-card\" aria-labelledby=\"lenguaje\">\n<h3 id=\"lenguaje\">5. Inclusive Language and Communication<\/h3>\n<ul>\n    <li>Use respectful language free of stereotypes in all internal and external communication.<\/li>\n<\/ul>\n<\/article>\n\n<\/div>\n<\/section>\n\t\t\t\t\t\t\t\t<\/div>\n\t\t\t\t\t<\/div>\n\t\t\t\t<\/div>\n\t\t<div class=\"elementor-element elementor-element-4301909 e-flex e-con-boxed e-con e-parent\" data-id=\"4301909\" data-element_type=\"container\" data-e-type=\"container\">\n\t\t\t\t\t<div class=\"e-con-inner\">\n\t\t\t\t<div class=\"elementor-element elementor-element-c445e50 elementor-widget elementor-widget-text-editor\" data-id=\"c445e50\" data-element_type=\"widget\" data-e-type=\"widget\" data-widget_type=\"text-editor.default\">\n\t\t\t\t\t\t\t\t\t<section class=\"kb-policy\" style=\"--corporate-blue: #0a5fb4;\" aria-labelledby=\"kb-policy-title\"><style>\n    .kb-policy { font-family: -apple-system, BlinkMacSystemFont, \"Segoe UI\", Roboto, \"Helvetica Neue\", Arial; max-width:900px; margin:0 auto; padding:28px; background:#ffffff; border-radius:10px; box-shadow: 0 6px 18px rgba(10,10,10,0.06); color:#1b1b1b; line-height:1.55; }\n    .kb-policy .header { display:flex; gap:16px; align-items:center; margin-bottom:18px; }\n    .kb-policy .logo-mark { width:56px; height:56px; border-radius:8px; background:linear-gradient(135deg, var(--corporate-blue), #3a8be6); display:flex; align-items:center; justify-content:center; color:white; font-weight:700; font-size:18px; }\n    .kb-policy h2 { margin:0; font-size:20px; color:var(--corporate-blue); }\n    .kb-policy p.lead { margin:8px 0 18px; color:#333; }\n    .kb-policy .commitments { background:#f8fbff; border:1px solid rgba(10,95,180,0.06); padding:16px; border-radius:8px; }\n    .kb-policy ol { margin:0; padding-left:20px; }\n    .kb-policy li { margin:12px 0; }\n    .kb-policy li strong { display:block; color:var(--corporate-blue); font-weight:600; margin-bottom:6px; }\n    .kb-policy .note { margin-top:14px; font-size:13px; color:#555; background:#fff; padding:12px 14px; border-radius:8px; border:1px solid #eef4fb; }\n    @media (max-width:600px) {\n      .kb-policy { padding:18px; }\n      .kb-policy .header { gap:10px; }\n      .kb-policy .logo-mark { width:44px; height:44px; font-size:16px; }\n    }\n<\/style>\n\n<div class=\"header\">\n<div class=\"logo-mark\" aria-hidden=\"true\">KB<\/div>\n<div>\n<h2 id=\"kb-policy-title\">Labor Inclusion Policy for Vulnerable Groups<\/h2>\n<p class=\"lead\">At KB Adventures, we are committed to the social and economic development of local communities and to creating equitable opportunities within the tourism sector.<\/p>\n<\/div>\n<\/div>\n\n<div class=\"content\">\n\nWe recognize the importance of providing access to decent work, especially for those who face social, economic, or cultural barriers. Our commitment is reflected through the following actions:\n\n<div class=\"commitments\" role=\"region\" aria-label=\"Inclusion Commitments\">\n<ol>\n    <li><strong>1. Prioritizing the hiring of individuals from rural and Andean communities<\/strong>\n    Especially those involved in the traditional trekking tourism activities, such as porters, cooks, muleteers, assistant guides, among others.<\/li>\n\n    <li><strong>2. Promoting the participation of women in operational and administrative roles<\/strong>\n    Encouraging their professional development in areas where they have been historically underrepresented.<\/li>\n\n    <li><strong>3. Providing free or accessible training and educational opportunities<\/strong>\n    For young people and adults with limited resources, with the goal of improving their employability within the tourism sector.<\/li>\n\n    <li><strong>4. Promoting decent working conditions and fair trade<\/strong>\n    Ensuring adequate compensation, respectful treatment, a safe work environment, and respect for the labor rights of all team members.<\/li>\n\n    <li><strong>5. Strengthening cultural identity and local traditions<\/strong>\n    Valuing the ancestral knowledge of local populations and promoting its recognition and respect among visitors.<\/li>\n<\/ol>\n<\/div>\n\n<p class=\"note\"><strong>Scope:<\/strong> This policy applies to all operations, hiring processes, selection practices, and training programs carried out by KB Adventures. It will be reviewed annually to ensure its relevance and continuous improvement.<\/p>\n\n<\/div>\n<\/section>\n\t\t\t\t\t\t\t\t<\/div>\n\t\t\t\t\t<\/div>\n\t\t\t\t<\/div>\n\t\t\t\t<\/div>","protected":false},"excerpt":{"rendered":"<p>PROTECTION OF PERSONAL DATA POLICY \u00a0 PROTECTION OF PERSONAL DATA POLICY For KB ADVENTURE S.A.C, the SECURITY OF PRIVACY of all our direct and indirect customers, suppliers, and in general, all those who provide us with their personal data on our website is of vital importance. Therefore, we establish below our privacy and personal data [&hellip;]<\/p>\n","protected":false},"author":1,"featured_media":0,"parent":0,"menu_order":0,"comment_status":"closed","ping_status":"closed","template":"elementor_header_footer","meta":{"_acf_changed":false,"om_disable_all_campaigns":false,"_monsterinsights_skip_tracking":false,"_monsterinsights_sitenote_active":false,"_monsterinsights_sitenote_note":"","_monsterinsights_sitenote_category":0,"footnotes":""},"class_list":["post-15159","page","type-page","status-publish","hentry"],"acf":[],"_links":{"self":[{"href":"https:\/\/kbtourstravel.com\/pt\/wp-json\/wp\/v2\/pages\/15159","targetHints":{"allow":["GET"]}}],"collection":[{"href":"https:\/\/kbtourstravel.com\/pt\/wp-json\/wp\/v2\/pages"}],"about":[{"href":"https:\/\/kbtourstravel.com\/pt\/wp-json\/wp\/v2\/types\/page"}],"author":[{"embeddable":true,"href":"https:\/\/kbtourstravel.com\/pt\/wp-json\/wp\/v2\/users\/1"}],"replies":[{"embeddable":true,"href":"https:\/\/kbtourstravel.com\/pt\/wp-json\/wp\/v2\/comments?post=15159"}],"version-history":[{"count":12,"href":"https:\/\/kbtourstravel.com\/pt\/wp-json\/wp\/v2\/pages\/15159\/revisions"}],"predecessor-version":[{"id":18437,"href":"https:\/\/kbtourstravel.com\/pt\/wp-json\/wp\/v2\/pages\/15159\/revisions\/18437"}],"wp:attachment":[{"href":"https:\/\/kbtourstravel.com\/pt\/wp-json\/wp\/v2\/media?parent=15159"}],"curies":[{"name":"wp","href":"https:\/\/api.w.org\/{rel}","templated":true}]}}