{"id":13821,"date":"2024-08-15T16:52:13","date_gmt":"2024-08-15T16:52:13","guid":{"rendered":"https:\/\/kbtourstravel.com\/?page_id=13821"},"modified":"2026-03-03T17:19:29","modified_gmt":"2026-03-03T17:19:29","slug":"our_awards","status":"publish","type":"page","link":"https:\/\/kbtourstravel.com\/pt\/our_awards\/","title":{"rendered":"NOSSOS PR\u00caMIOS E RECONHECIMENTOS"},"content":{"rendered":"<div data-elementor-type=\"wp-page\" data-elementor-id=\"13821\" class=\"elementor elementor-13821\" data-elementor-post-type=\"page\">\n\t\t\t\t<div class=\"elementor-element elementor-element-630395b e-flex e-con-boxed e-con e-parent\" data-id=\"630395b\" data-element_type=\"container\" data-e-type=\"container\">\n\t\t\t\t\t<div class=\"e-con-inner\">\n\t\t\t\t<div class=\"elementor-element elementor-element-6da7ae0 elementor-widget elementor-widget-heading\" data-id=\"6da7ae0\" data-element_type=\"widget\" data-e-type=\"widget\" data-widget_type=\"heading.default\">\n\t\t\t\t\t<h1 class=\"elementor-heading-title elementor-size-default\">Nossos Pr\u00eamios e Reconhecimentos<\/h1>\t\t\t\t<\/div>\n\t\t\t\t\t<\/div>\n\t\t\t\t<\/div>\n\t\t<div class=\"elementor-element elementor-element-6a97445 e-flex e-con-boxed e-con e-parent\" data-id=\"6a97445\" data-element_type=\"container\" data-e-type=\"container\" data-settings=\"{&quot;background_background&quot;:&quot;gradient&quot;}\">\n\t\t\t\t\t<div class=\"e-con-inner\">\n\t\t\t\t<div class=\"elementor-element elementor-element-94ae3a7 elementor-widget__width-initial elementor-widget elementor-widget-text-editor\" data-id=\"94ae3a7\" data-element_type=\"widget\" data-e-type=\"widget\" data-widget_type=\"text-editor.default\">\n\t\t\t\t\t\t\t\t\t<style>\n  body {\n    font-family: 'Segoe UI', sans-serif; \n    margin: 0;\n    background-color: #f2f6fc;\n    color: #333;\n  }\n .container {\n    max-width: 1200px;\n    margin: 0 auto;\n    padding: 60px 20px;\n  }\n  .section-title {\n    text-align: center;\n    font-size: 42px;\n    font-weight: 700;\n    color: #004085;\n    margin-bottom: 60px;\n    position: relative;\n  }\n  .section-title::after {\n    content: \"\";\n    display: block;\n    width: 60px;\n    height: 4px;\n    background-color: #007bff;\n    margin: 16px auto 0;\n    border-radius: 2px;\n  }\n .award-grid {\n    display: grid;\n    grid-template-columns: repeat(auto-fit, minmax(300px, 1fr));\n    gap: 40px;\n  }\n  .award-card {\n    background: #fff;\n    border-radius: 16px;\n    box-shadow: 0 4px 16px rgba(0, 0, 0, 0.08);\n    overflow: hidden;\n    transition: transform 0.3s ease;\n    cursor: pointer;\n  }\n .award-card:hover {\n    transform: translateY(-5px);\n  }\n  .award-card img {\n    width: 100%;\n    height: 240px;\n    object-fit: cover;\n  }\n  .award-card .content {\n    padding: 20px;\n  }\n  .award-card h3 {\n    font-size: 22px;\n    margin-bottom: 12px;\n    color: #003366;\n  }\n .award-card p {\n    font-size: 16px;\n    color: #555;\n    line-height: 1.6;\n  }\n  .modal {\n    display: none;\n    position: fixed;\n    z-index: 9999;\n    top: 0;\n    left: 0;\n    width: 100vw;\n    height: 100vh;\n    background-color: rgba(0, 0, 0, 0.85);\n    justify-content: center;\n    align-items: center;\n  }\n .modal-content {\n    max-height: 90vh;\n    border-radius: 12px;\n    box-shadow: 0 0 20px rgba(255, 255, 255, 0.2);\n  }\n  .modal-content img {\n    max-width: 100%;\n    max-height: 90vh;\n    border-radius: 12px;\n  }\n  .modal-close {\n    position: fixed;\n    top: 20px;\n    right: 30px;\n    font-size: 40px;\n    color: #fff;\n    cursor: pointer;\n    z-index: 10000;\n  }\n  @media (max-width: 768px) {\n    .award-card img {\n      height: 200px;\n    }\n   .modal-content img {\n      max-width: 90vw;\n      width: 100%;\n      height: auto;\n    }\n  }\n<\/style>\n<div class=\"container\">\n<h1 class=\"section-title\">Pr\u00eamios e Certifica\u00e7\u00f5es<\/h1>\n<div class=\"award-grid\">\n<div class=\"award-card\">\n\n<img decoding=\"async\" src=\"https:\/\/kbtourstravel.com\/wp-content\/uploads\/2026\/03\/Donacion.webp\" alt=\"Safe Travel\" \/>\n<div class=\"content\">\n<h3>Donation Certificate<\/h3>\nRecognition of our commitment as guardian of protected natural areas 2026\n\n<\/div>\n<\/div>\n<div class=\"award-card\">\n\n<img decoding=\"async\" src=\"https:\/\/kbtourstravel.com\/wp-content\/uploads\/2025\/09\/premio-posta.webp\" alt=\"Safe Travel\" \/>\n<div class=\"content\">\n<h3>Reconhecimento de Apoio<\/h3>\nReconhecimento do nosso compromisso com o posto de sa\u00fade 2025.\n\n<\/div>\n<\/div>\n<div class=\"award-card\">\n\n<img decoding=\"async\" src=\"https:\/\/kbtourstravel.com\/wp-content\/uploads\/2025\/05\/p01.jpg\" alt=\"Premio Miradas\" \/>\n<div class=\"content\">\n<h3>Pr\u00eamio Miradas do Peru<\/h3>\nEm 2022, a K.B. Adventures recebeu o prestigiado Pr\u00eamio Miradas, concedido pela Latino Communications Corporation.\n\n<\/div>\n<\/div>\n<div class=\"award-card\">\n\n<img decoding=\"async\" src=\"https:\/\/kbtourstravel.com\/wp-content\/uploads\/2025\/05\/p3.jpg\" alt=\"Certificado Miradas\" \/>\n<div class=\"content\">\n<h3>Certificado do Pr\u00eamio Miradas<\/h3>\nReconhecimento oficial como parte do pr\u00eamio recebido no evento Pr\u00eamio Miradas.\n\n<\/div>\n<\/div>\n<div class=\"award-card\">\n\n<img decoding=\"async\" src=\"https:\/\/kbtourstravel.com\/wp-content\/uploads\/2025\/05\/p2.jpg\" alt=\"Premio Aniversario\" \/>\n<div class=\"content\">\n<h3>Reconhecimento de Anivers\u00e1rio<\/h3>\nEm reconhecimento \u00e0 nossa trajet\u00f3ria destacada desde 2019, oferecendo servi\u00e7o de qualidade e representando com orgulho a cidade de Cusco.\n\n<\/div>\n<\/div>\n<div class=\"award-card\">\n\n<img decoding=\"async\" src=\"https:\/\/kbtourstravel.com\/wp-content\/uploads\/2025\/05\/p7.jpg\" alt=\"Certificado Cl\u00ednica\" \/>\n<div class=\"content\">\n<h3>Certificado de Cl\u00ednica M\u00e9dica<\/h3>\nConcedido pela Oxigen Medical Network em reconhecimento \u00e0s nossas pr\u00e1ticas seguras.\n\n<\/div>\n<\/div>\n<div class=\"award-card\">\n\n<img decoding=\"async\" src=\"https:\/\/kbtourstravel.com\/wp-content\/uploads\/2025\/05\/p4.jpg\" alt=\"Gercetur\" \/>\n<div class=\"content\">\n<h3>Registro Gercetur<\/h3>\nRegistrados no diret\u00f3rio nacional de prestadores de servi\u00e7os tur\u00edsticos do Peru.\n\n<\/div>\n<\/div>\n<div class=\"award-card\">\n\n<img decoding=\"async\" src=\"https:\/\/kbtourstravel.com\/wp-content\/uploads\/2025\/05\/p5.jpg\" alt=\"Reconocimiento Sernanp\" \/>\n<div class=\"content\">\n<h3>Reconhecimento SERNANP<\/h3>\nReconhecimento concedido pelo SERNANP por nossa contribui\u00e7\u00e3o \u00e0 conserva\u00e7\u00e3o ambiental.\n\n<\/div>\n<\/div>\n<div class=\"award-card\">\n\n<img decoding=\"async\" src=\"https:\/\/kbtourstravel.com\/wp-content\/uploads\/2025\/05\/p6.jpg\" alt=\"Sernanp Adicional\" \/>\n<div class=\"content\">\n<h3>Certificado Complementar SERNANP<\/h3>\nDocumento complementar ao reconhecimento SERNANP concedido \u00e0 KB Adventures.\n\n<\/div>\n<\/div>\n<div class=\"award-card\">\n\n<img decoding=\"async\" src=\"https:\/\/kbtourstravel.com\/wp-content\/uploads\/2025\/09\/safe-travel.webp\" alt=\"Safe Travel\" \/>\n<div class=\"content\">\n<h3>Certifica\u00e7\u00e3o Safe Travel<\/h3>\nCertifica\u00e7\u00e3o internacional de seguran\u00e7a contra a COVID-19 concedida pelo WTTC em 2021.\n\n<\/div>\n<\/div>\n<!-- Modal -->\n<div id=\"imgModal\" class=\"modal\">\n\n<span class=\"modal-close\">\u00d7<\/span>\n<div class=\"modal-content\"><img id=\"modalImage\" alt=\"Enlarged Image\" \/><\/div>\n<\/div>\n<script>\n  function openModal(card) {\n    const modal = document.getElementById(\"imgModal\");\n    const modalImg = document.getElementById(\"modalImage\");\n    const img = card.querySelector(\"img\");\n    modalImg.src = img.src;\n    modal.style.display = \"flex\";\n  }\n\n  function closeModal() {\n    document.getElementById(\"imgModal\").style.display = \"none\";\n  }\n<\/script>\n\n<\/div>\n<\/div>\t\t\t\t\t\t\t\t<\/div>\n\t\t\t\t\t<\/div>\n\t\t\t\t<\/div>\n\t\t\t\t<\/div>","protected":false},"excerpt":{"rendered":"<p>Our Awards and Recognitions Awards and Certifications Donation Certificate Recognition of our commitment as guardian of protected natural areas 2026 Support Recognition Recognition of our commitment to the health post 2025. Miradas Award of Peru In 2022, K.B. Adventures received the prestigious Miradas Award, granted by Latino Communications Corporation. Miradas Award Certificate Official recognition as [&hellip;]<\/p>\n","protected":false},"author":1,"featured_media":11685,"parent":0,"menu_order":0,"comment_status":"closed","ping_status":"closed","template":"elementor_header_footer","meta":{"_acf_changed":false,"om_disable_all_campaigns":false,"_monsterinsights_skip_tracking":false,"_monsterinsights_sitenote_active":false,"_monsterinsights_sitenote_note":"","_monsterinsights_sitenote_category":0,"footnotes":""},"class_list":["post-13821","page","type-page","status-publish","has-post-thumbnail","hentry"],"acf":[],"_links":{"self":[{"href":"https:\/\/kbtourstravel.com\/pt\/wp-json\/wp\/v2\/pages\/13821","targetHints":{"allow":["GET"]}}],"collection":[{"href":"https:\/\/kbtourstravel.com\/pt\/wp-json\/wp\/v2\/pages"}],"about":[{"href":"https:\/\/kbtourstravel.com\/pt\/wp-json\/wp\/v2\/types\/page"}],"author":[{"embeddable":true,"href":"https:\/\/kbtourstravel.com\/pt\/wp-json\/wp\/v2\/users\/1"}],"replies":[{"embeddable":true,"href":"https:\/\/kbtourstravel.com\/pt\/wp-json\/wp\/v2\/comments?post=13821"}],"version-history":[{"count":22,"href":"https:\/\/kbtourstravel.com\/pt\/wp-json\/wp\/v2\/pages\/13821\/revisions"}],"predecessor-version":[{"id":19007,"href":"https:\/\/kbtourstravel.com\/pt\/wp-json\/wp\/v2\/pages\/13821\/revisions\/19007"}],"wp:featuredmedia":[{"embeddable":true,"href":"https:\/\/kbtourstravel.com\/pt\/wp-json\/wp\/v2\/media\/11685"}],"wp:attachment":[{"href":"https:\/\/kbtourstravel.com\/pt\/wp-json\/wp\/v2\/media?parent=13821"}],"curies":[{"name":"wp","href":"https:\/\/api.w.org\/{rel}","templated":true}]}}