{"id":13590,"date":"2024-08-08T15:53:54","date_gmt":"2024-08-08T15:53:54","guid":{"rendered":"https:\/\/kbtourstravel.com\/?page_id=13590"},"modified":"2025-09-30T15:53:26","modified_gmt":"2025-09-30T15:53:26","slug":"about-us-2-2","status":"publish","type":"page","link":"https:\/\/kbtourstravel.com\/pt\/about-us-2-2\/","title":{"rendered":"MISS\u00c3O E VIS\u00c3O"},"content":{"rendered":"<div data-elementor-type=\"wp-page\" data-elementor-id=\"13590\" class=\"elementor elementor-13590\" data-elementor-post-type=\"page\">\n\t\t\t\t<div class=\"elementor-element elementor-element-f5e974d e-flex e-con-boxed e-con e-parent\" data-id=\"f5e974d\" data-element_type=\"container\" data-e-type=\"container\">\n\t\t\t\t\t<div class=\"e-con-inner\">\n\t\t\t\t<div class=\"elementor-element elementor-element-29c22eb elementor-widget elementor-widget-heading\" data-id=\"29c22eb\" data-element_type=\"widget\" data-e-type=\"widget\" data-widget_type=\"heading.default\">\n\t\t\t\t\t<h2 class=\"elementor-heading-title elementor-size-default\">Miss\u00e3o e Vis\u00e3o<\/h2>\t\t\t\t<\/div>\n\t\t\t\t\t<\/div>\n\t\t\t\t<\/div>\n\t\t<div class=\"elementor-element elementor-element-30ec25c e-con-full e-flex e-con e-parent\" data-id=\"30ec25c\" data-element_type=\"container\" data-e-type=\"container\" data-settings=\"{&quot;background_background&quot;:&quot;gradient&quot;}\">\n\t\t\t\t<div class=\"elementor-element elementor-element-0f1bcde elementor-widget__width-initial elementor-widget elementor-widget-text-editor\" data-id=\"0f1bcde\" data-element_type=\"widget\" data-e-type=\"widget\" data-widget_type=\"text-editor.default\">\n\t\t\t\t\t\t\t\t\t<p>\u00a0<\/p><p>\u00a0<\/p><p><style>\n        .booking-why-us {\n            max-width: 800px;\n            margin: 0 auto;\n            padding: 20px;\n            text-align: center;\n        }\n\n        .booking-why-us h1 {\n            font-size: 2.5em;\n            margin-bottom: 20px;\n            color: #2c3e50;\n        }\n\n        .booking-why-us p {\n            font-size: 1.2em;\n            line-height: 1.6;\n            margin-bottom: 30px;\n            color: #34495e;\n        }\n\n        .benefits {\n            display: flex;\n            flex-wrap: wrap;\n            justify-content: center;\n            gap: 20px;\n        }\n\n        .benefit-item {\n            flex: 1 1 calc(50% - 20px);\n            background: #ecf0f1;\n            padding: 20px;\n            border-radius: 8px;\n            box-shadow: 0 2px 4px rgba(0, 0, 0, 0.1);\n        }\n\n        .benefit-item h4 {\n            font-size: 1.2em;\n            margin: 0;\n            color: #2980b9;\n            display: flex;\n            align-items: center;\n        }\n\n        .benefit-item h4 i {\n            margin-right: 10px;\n            color: #2980b9; \/* Optional: match the color with h4 text *\/\n        }\n    <\/style><\/p><div class=\"booking-why-us\"><h1>Por Que Reservar<\/h1><p>Hemos creado campamentos c\u00f3modos para garantizar una experiencia de alto est\u00e1ndar durante tu caminata. Adem\u00e1s, nuestros gu\u00edas altamente profesionales cuidar\u00e1n de ti mientras disfrutas de una experiencia inolvidable en las altas monta\u00f1as de los Andes. Nos comprometemos con el desarrollo sostenible y apoyamos a nuestras comunidades locales. \u00a1S\u00e9 parte de nuestra familia de K.B. Adventures y \u00fanete a nosotros en nuestra pr\u00f3xima aventura de trekking!<\/p><div class=\"benefits\"><div class=\"benefit-item\"><h4><i class=\"fas fa-check-circle\"><\/i> Cada lugar e atividade s\u00e3o cuidadosamente escolhidos por n\u00f3s.<\/h4><\/div><div class=\"benefit-item\"><h4><i class=\"fas fa-dollar-sign\"><\/i> Garantia do Melhor Pre\u00e7o<\/h4><\/div><div class=\"benefit-item\"><h4><i class=\"fas fa-certificate\"><\/i> Operador Tur\u00edstico Certificado<\/h4><\/div><div class=\"benefit-item\"><h4><i class=\"fas fa-users\"><\/i> Confiado por centenas de clientes.<\/h4><\/div><\/div><\/div>\t\t\t\t\t\t\t\t<\/div>\n\t\t\t\t<\/div>\n\t\t<div class=\"elementor-element elementor-element-2321733 e-con-full e-grid e-con e-parent\" data-id=\"2321733\" data-element_type=\"container\" data-e-type=\"container\" data-settings=\"{&quot;background_background&quot;:&quot;classic&quot;}\">\n\t\t\t\t<div class=\"elementor-element elementor-element-ee46c11 elementor-widget elementor-widget-text-editor\" data-id=\"ee46c11\" data-element_type=\"widget\" data-e-type=\"widget\" data-widget_type=\"text-editor.default\">\n\t\t\t\t\t\t\t\t\t<style>\n  body {\n    font-family: 'Arial', sans-serif;\n    margin: 0;\n    padding: 0;\n    color: #333;\n    background: url('https:\/\/via.placeholder.com\/1920x1080') no-repeat center center fixed;\n    background-size: cover;\n  }\n\n  .containers {\n    max-width: 1200px;\n    margin: 40px auto;\n    padding: 30px;\n    background: rgba(255, 255, 255, 0.9);\n    border-radius: 12px;\n    box-shadow: 0 8px 16px rgba(0, 0, 0, 0.2);\n  }\n\n  .header-title {\n    color: #2c3e50;\n    font-weight: 700;\n    text-align: center;\n    margin-bottom: 30px;\n    font-size: 2.5em;\n    border-bottom: 3px solid #2c3e50;\n    padding-bottom: 10px;\n  }\n\n  .section-title {\n    color: #2980b9;\n    margin-top: 30px;\n    font-size: 2em;\n    border-bottom: 2px solid #2980b9;\n    padding-bottom: 10px;\n  }\n\n  .section-text {\n    font-size: 1.2em;\n    line-height: 1.6;\n    color: #34495e;\n    margin-bottom: 20px;\n  }\n\n  .values-list {\n    list-style: none;\n    padding-left: 0;\n  }\n\n  .values-list-item {\n    font-size: 1.2em;\n    margin-bottom: 15px;\n    padding-left: 25px;\n    position: relative;\n  }\n\n  .values-list-item::before {\n    content: '\u2713';\n    color: #27ae60;\n    position: absolute;\n    left: 0;\n    font-size: 1.5em;\n  }\n\n  .mission-section,\n  .vision-section,\n  .goal-section,\n  .values-section {\n    background: rgba(255, 255, 255, 0.8);\n    padding: 20px;\n    border-radius: 8px;\n    box-shadow: 0 4px 8px rgba(0, 0, 0, 0.1);\n    margin-bottom: 30px;\n  }\n\n  .image-container {\n    display: flex;\n    flex-wrap: wrap;\n    justify-content: center;\n    gap: 20px;\n    margin-top: 20px;\n  }\n\n  .image-container img {\n    width: 100%;\n    max-width: 350px;\n    border-radius: 8px;\n    box-shadow: 0 4px 8px rgba(0, 0, 0, 0.1);\n  }\n\n  @media (max-width: 768px) {\n    .containers {\n      padding: 15px;\n    }\n\n    .header-title {\n      font-size: 2em;\n    }\n\n    .section-title {\n      font-size: 1.5em;\n    }\n\n    .values-list-item {\n      font-size: 1em;\n    }\n\n    .section-text {\n      font-size: 1em;\n    }\n\n    .image-container {\n      flex-direction: column;\n      align-items: center;\n    }\n  }\n<\/style>\n\n<div class=\"containers\">\n  <header>\n    <h1 class=\"header-title\">Miss\u00e3o, Vis\u00e3o e Valores<\/h1>\n  <\/header>\n\n  <section class=\"mission-section\">\n    <h2 class=\"section-title\">Nossa Miss\u00e3o<\/h2>\n    <p class=\"section-text\">\n      Para inspirar as pessoas a explorar a beleza do mundo por meio de caminhadas memor\u00e1veis e experi\u00eancias aut\u00eanticas, promovendo o respeito pela natureza, a conex\u00e3o com as culturas locais e o compromisso com a sustentabilidade.\n    <\/p>\n    <div class=\"image-container\">\n      <img decoding=\"async\" src=\"https:\/\/kbtourstravel.com\/wp-content\/uploads\/2022\/02\/IMG_9512-Enhanced-NR.jpg\" alt=\"Mission Image 1\" \/>\n      <img decoding=\"async\" src=\"https:\/\/kbtourstravel.com\/wp-content\/uploads\/2024\/12\/Salkantay-Trek-3-days.jpeg\" alt=\"Mission Image 2\" \/>\n    <\/div>\n  <\/section>\n\n  <section class=\"vision-section\">\n    <h2 class=\"section-title\">Nossa Vis\u00e3o<\/h2>\n    <p class=\"section-text\">\n      Aspiramos nos tornar a empresa l\u00edder em trekking no Peru, reconhecida por experi\u00eancias de trekking excepcionais, excel\u00eancia inigual\u00e1vel em servi\u00e7o e um compromisso com a qualidade e a sustentabilidade. Acreditamos que o trekking sustent\u00e1vel \u00e9 a chave para um futuro pr\u00f3spero para o Peru e a ind\u00fastria do turismo.\n    <\/p>\n    <div class=\"image-container\">\n      <img decoding=\"async\" src=\"https:\/\/kbtourstravel.com\/wp-content\/uploads\/2024\/08\/WhatsApp-Image-2024-07-24-at-17.44.01-2.jpg\" alt=\"Vision Image 1\" \/>\n      <img decoding=\"async\" src=\"https:\/\/kbtourstravel.com\/wp-content\/uploads\/2024\/06\/IMG_2272-Enhanced-NR.jpg\" alt=\"Vision Image 2\" \/>\n    <\/div>\n  <\/section>\n\n  <section class=\"goal-section\">\n    <h2 class=\"section-title\">Nosso Objetivo<\/h2>\n    <p class=\"section-text\">\n      Nosso objetivo \u00e9 nos tornar a empresa l\u00edder em trekking em Cusco, reconhecida por nossa excel\u00eancia em servi\u00e7o, compromisso com a qualidade e contribui\u00e7\u00e3o para o desenvolvimento sustent\u00e1vel das comunidades locais. Pretendemos oferecer uma variedade de rotas de trekking para todos os n\u00edveis de experi\u00eancia, desde iniciantes at\u00e9 especialistas.\n    <\/p>\n    <div class=\"image-container\">\n      <img decoding=\"async\" src=\"https:\/\/kbtourstravel.com\/wp-content\/uploads\/2022\/02\/IMG_2346.jpg\" alt=\"Goal Image 1\" \/>\n      <img decoding=\"async\" src=\"https:\/\/kbtourstravel.com\/wp-content\/uploads\/2024\/05\/image00351.jpg\" alt=\"Goal Image 2\" \/>\n    <\/div>\n  <\/section>\n\n  <section class=\"values-section\">\n    <h2 class=\"section-title\">Nossos Valores<\/h2>\n    <ul class=\"values-list\">\n      <li class=\"values-list-item\">Satisfa\u00e7\u00e3o do Cliente: Garantir que cada cliente tenha uma experi\u00eancia memor\u00e1vel e gratificante.<\/li>\n      <li class=\"values-list-item\">Sustentabilidade: Promover pr\u00e1ticas ecol\u00f3gicas e apoiar a conserva\u00e7\u00e3o do patrim\u00f4nio natural e cultural.<\/li>\n      <li class=\"values-list-item\">Integridade: Conduzir os neg\u00f3cios com honestidade, transpar\u00eancia e padr\u00f5es \u00e9ticos.<\/li>\n      <li class=\"values-list-item\">Inova\u00e7\u00e3o: Melhorar continuamente e oferecer experi\u00eancias de viagem \u00fanicas e criativas.<\/li>\n      <li class=\"values-list-item\">Respeito pelas Culturas: Valorizar e respeitar a diversidade de culturas e tradi\u00e7\u00f5es nos destinos que oferecemos.<\/li>\n      <li class=\"values-list-item\">Seguran\u00e7a: Priorizar a seguran\u00e7a e o bem-estar dos clientes durante toda a sua jornada.<\/li>\n      <li class=\"values-list-item\">Engajamento Comunit\u00e1rio: Apoiar e retribuir \u00e0s comunidades locais por meio do turismo respons\u00e1vel.<\/li>\n      <li class=\"values-list-item\">Excel\u00eancia no Atendimento: Esfor\u00e7ar-se para fornecer o mais alto n\u00edvel de servi\u00e7o em cada intera\u00e7\u00e3o.<\/li>\n      <li class=\"values-list-item\">Paix\u00e3o por Viajar: Compartilhar um profundo entusiasmo e amor por viagens e explora\u00e7\u00e3o.<\/li>\n      <li class=\"values-list-item\">Trabalho em Equipe: Colaborar em equipe para proporcionar a melhor experi\u00eancia poss\u00edvel aos clientes.<\/li>\n    <\/ul>\n  <\/section>\n<\/div>\n\t\t\t\t\t\t\t\t<\/div>\n\t\t\t\t<\/div>\n\t\t<div class=\"elementor-element elementor-element-2f7ec26 e-flex e-con-boxed e-con e-parent\" data-id=\"2f7ec26\" data-element_type=\"container\" data-e-type=\"container\" data-settings=\"{&quot;background_background&quot;:&quot;gradient&quot;}\">\n\t\t\t\t\t<div class=\"e-con-inner\">\n\t\t\t\t<div class=\"elementor-element elementor-element-f672eec elementor-widget elementor-widget-heading\" data-id=\"f672eec\" data-element_type=\"widget\" data-e-type=\"widget\" data-widget_type=\"heading.default\">\n\t\t\t\t\t<h2 class=\"elementor-heading-title elementor-size-default\">Nossas Conquistas<\/h2>\t\t\t\t<\/div>\n\t\t\t\t\t<\/div>\n\t\t\t\t<\/div>\n\t\t<div class=\"elementor-element elementor-element-c86444b e-flex e-con-boxed e-con e-parent\" data-id=\"c86444b\" data-element_type=\"container\" data-e-type=\"container\" data-settings=\"{&quot;background_background&quot;:&quot;gradient&quot;}\">\n\t\t\t\t\t<div class=\"e-con-inner\">\n\t\t\t\t<div class=\"elementor-element elementor-element-045fd2a elementor-position-top elementor-widget elementor-widget-image-box\" data-id=\"045fd2a\" data-element_type=\"widget\" data-e-type=\"widget\" data-widget_type=\"image-box.default\">\n\t\t\t\t\t<div class=\"elementor-image-box-wrapper\"><figure class=\"elementor-image-box-img\"><img fetchpriority=\"high\" decoding=\"async\" width=\"967\" height=\"299\" src=\"https:\/\/kbtourstravel.com\/wp-content\/uploads\/2023\/02\/VALID-CARD-DATA-1.png\" class=\"attachment-full size-full wp-image-7769\" alt=\"Quality Certificates\" loading=\"eager\" srcset=\"https:\/\/kbtourstravel.com\/wp-content\/uploads\/2023\/02\/VALID-CARD-DATA-1.png 967w, https:\/\/kbtourstravel.com\/wp-content\/uploads\/2023\/02\/VALID-CARD-DATA-1-300x93.png 300w, https:\/\/kbtourstravel.com\/wp-content\/uploads\/2023\/02\/VALID-CARD-DATA-1-768x237.png 768w, https:\/\/kbtourstravel.com\/wp-content\/uploads\/2023\/02\/VALID-CARD-DATA-1-18x6.png 18w\" sizes=\"(max-width: 967px) 100vw, 967px\" \/><\/figure><div class=\"elementor-image-box-content\"><p class=\"elementor-image-box-description\">CERTIFICA\u00c7\u00c3O DE VIAGEM SEGURA\nEm 2021, recebemos a certifica\u00e7\u00e3o internacional de seguran\u00e7a contra COVID-19. Implementamos protocolos de sa\u00fade alinhados com os Protocolos Globais de Viagens Seguras do WTTC, para que sua viagem conosco seja n\u00e3o apenas a melhor, mas tamb\u00e9m a mais segura.\n\nPR\u00caMIO MIRADAS DO PERU\nA K.B. Adventures recebeu o Pr\u00eamio Miradas em 2023, que \u00e9 um dos mais altos pr\u00eamios internacionais que a Latino Communications Corporation concede a empresas de turismo que se destacam no desenvolvimento de suas atividades.<\/p><\/div><\/div>\t\t\t\t<\/div>\n\t\t\t\t\t<\/div>\n\t\t\t\t<\/div>\n\t\t\t\t<\/div>","protected":false},"excerpt":{"rendered":"<p>Mission And Vision \u00a0 \u00a0 Why Booking With Us? We have created comfortable campsites for you to guarantee a high standard experience during your trek. Besides, our highly professional guides will take good care of you while you have an unforgettable experience in the high Andes Mountains. We commit to sustainable development and support our [&hellip;]<\/p>\n","protected":false},"author":1,"featured_media":11685,"parent":0,"menu_order":0,"comment_status":"closed","ping_status":"closed","template":"elementor_header_footer","meta":{"_acf_changed":false,"om_disable_all_campaigns":false,"_monsterinsights_skip_tracking":false,"_monsterinsights_sitenote_active":false,"_monsterinsights_sitenote_note":"","_monsterinsights_sitenote_category":0,"footnotes":""},"class_list":["post-13590","page","type-page","status-publish","has-post-thumbnail","hentry"],"acf":[],"_links":{"self":[{"href":"https:\/\/kbtourstravel.com\/pt\/wp-json\/wp\/v2\/pages\/13590","targetHints":{"allow":["GET"]}}],"collection":[{"href":"https:\/\/kbtourstravel.com\/pt\/wp-json\/wp\/v2\/pages"}],"about":[{"href":"https:\/\/kbtourstravel.com\/pt\/wp-json\/wp\/v2\/types\/page"}],"author":[{"embeddable":true,"href":"https:\/\/kbtourstravel.com\/pt\/wp-json\/wp\/v2\/users\/1"}],"replies":[{"embeddable":true,"href":"https:\/\/kbtourstravel.com\/pt\/wp-json\/wp\/v2\/comments?post=13590"}],"version-history":[{"count":3,"href":"https:\/\/kbtourstravel.com\/pt\/wp-json\/wp\/v2\/pages\/13590\/revisions"}],"predecessor-version":[{"id":18029,"href":"https:\/\/kbtourstravel.com\/pt\/wp-json\/wp\/v2\/pages\/13590\/revisions\/18029"}],"wp:featuredmedia":[{"embeddable":true,"href":"https:\/\/kbtourstravel.com\/pt\/wp-json\/wp\/v2\/media\/11685"}],"wp:attachment":[{"href":"https:\/\/kbtourstravel.com\/pt\/wp-json\/wp\/v2\/media?parent=13590"}],"curies":[{"name":"wp","href":"https:\/\/api.w.org\/{rel}","templated":true}]}}