{"id":11128,"date":"2024-05-17T13:46:30","date_gmt":"2024-05-17T13:46:30","guid":{"rendered":"http:\/\/localhost\/KBtourstravel\/terms-and-conditions-3\/"},"modified":"2025-04-03T17:51:55","modified_gmt":"2025-04-03T17:51:55","slug":"terms_and_condition","status":"publish","type":"page","link":"https:\/\/kbtourstravel.com\/pt\/terms_and_condition\/","title":{"rendered":"Termos e Condi\u00e7\u00f5es"},"content":{"rendered":"<div data-elementor-type=\"wp-page\" data-elementor-id=\"11128\" class=\"elementor elementor-11128\" data-elementor-post-type=\"page\">\n\t\t\t\t<div class=\"elementor-element elementor-element-7144f355 e-flex e-con-boxed e-con e-parent\" data-id=\"7144f355\" data-element_type=\"container\" data-e-type=\"container\" data-settings=\"{&quot;background_background&quot;:&quot;classic&quot;}\">\n\t\t\t\t\t<div class=\"e-con-inner\">\n\t\t<div class=\"elementor-element elementor-element-7ba701ad e-flex e-con-boxed e-con e-child\" data-id=\"7ba701ad\" data-element_type=\"container\" data-e-type=\"container\">\n\t\t\t\t\t<div class=\"e-con-inner\">\n\t\t\t\t<div class=\"elementor-element elementor-element-dce3f2b elementor-widget__width-inherit elementor-widget elementor-widget-heading\" data-id=\"dce3f2b\" data-element_type=\"widget\" data-e-type=\"widget\" data-widget_type=\"heading.default\">\n\t\t\t\t\t<h1 class=\"elementor-heading-title elementor-size-default\"><br><br>TERMOS E CONDI\u00c7\u00d5ES<\/h1>\t\t\t\t<\/div>\n\t\t\t\t\t<\/div>\n\t\t\t\t<\/div>\n\t\t\t\t\t<\/div>\n\t\t\t\t<\/div>\n\t\t<div class=\"elementor-element elementor-element-bc4b60b e-con-full e-flex e-con e-parent\" data-id=\"bc4b60b\" data-element_type=\"container\" data-e-type=\"container\">\n\t\t<div class=\"elementor-element elementor-element-68b34a3 e-con-full e-flex e-con e-child\" data-id=\"68b34a3\" data-element_type=\"container\" data-e-type=\"container\">\n\t\t\t\t<div class=\"elementor-element elementor-element-ca68ebc elementor-widget elementor-widget-text-editor\" data-id=\"ca68ebc\" data-element_type=\"widget\" data-e-type=\"widget\" data-widget_type=\"text-editor.default\">\n\t\t\t\t\t\t\t\t\t<style>\n    body {\n        font-family: 'Poppins', sans-serif;\n        margin: 40px;\n        line-height: 1.8;\n        background-color: #f4f4f4;\n        color: #333;\n    }\n    .content-wrapper {\n        max-width: 1200px;\n        padding: 30px;\n        border-radius: 10px;\n        box-shadow: 0 4px 15px rgba(0, 0, 0, 0.1);\n        margin: auto;\n    }\n    h2 {\n        color: #1f496f;\n        font-size: 28px;\n        border-bottom: 2px solid #ddd;\n        padding-bottom: 5px;\n    }  \n    h1 {\n        color: #1f496f;\n        text-align: center;\n        font-size: 32px;\n        border-bottom: 2px solid #ddd;\n        padding-bottom: 5px;\n    }    \n       .text-content {\n        font-size: 16px;\n        line-height: 1.8;\n        color: #000;\n    }\n    ul {\n        padding-left: 30px;       }\n<\/style>\n<div class=\"content-wrapper\">\n<p class=\"text-content\"><strong>KB ADVENTURES S.A.C<\/strong> es una agencia de viajes ubicada en Portal Espina N\u00b0 163, Cusco, Per\u00fa. Por lo tanto, la empresa est\u00e1 sujeta a las leyes y regulaciones del Per\u00fa<\/p>\n<p class=\"text-content\"><strong>KB ADVENTURES S.A.C<\/strong> Agradecemos sua prefer\u00eancia; sem d\u00favida, faremos da sua viagem os melhores momentos da sua vida. Pedimos gentilmente que leia atentamente nossas pol\u00edticas, termos e condi\u00e7\u00f5es.<\/p>\n\n<h2>1. Documenta\u00e7\u00e3o<\/h2>\n<p class=\"text-content\">Para confirmar sua reserva, \u00e9 obrigat\u00f3rio enviar uma c\u00f3pia leg\u00edvel do seu passaporte com validade superior a 6 meses (a partir da data da sua viagem). <strong>KB ADVENTURES S.A.C<\/strong> will not be responsible for any expenses due to inappropriate documents, expired documents, or lack of travel documents.<\/p>\n<p class=\"text-content\">Descontos para estudantes universit\u00e1rios na entrada para a Trilha Inca e Machu Picchu requerem um cart\u00e3o de identifica\u00e7\u00e3o de estudante v\u00e1lido para alunos de gradua\u00e7\u00e3o de at\u00e9 25 anos. O cart\u00e3o deve ser emitido pela universidade e incluir as seguintes informa\u00e7\u00f5es: dados da universidade, informa\u00e7\u00f5es pessoais do estudante, foto do estudante e uma data de validade n\u00e3o superior a um ano a partir da data de entrada nessas atra\u00e7\u00f5es.  \n\nUma c\u00f3pia digitalizada deve ser enviada por e-mail, e o cart\u00e3o f\u00edsico deve ser apresentado no in\u00edcio do tour.<\/p>\n\n<h2>2. Datas Feriadas<\/h2>\n<p class=\"text-content\">No caso de datas festivas em diversos destinos do Peru, como Natal, Ano Novo, Dia da Independ\u00eancia, Semana Santa, Festividades de Cusco, entre outras, ser\u00e1 aplicada uma cobran\u00e7a adicional de acordo com as pol\u00edticas de nossos fornecedores.<\/p>\n\n<h2>3. Seguro de viagem.<\/h2>\n<p class=\"text-content\">Antes de realizar qualquer viagem, recomendamos fortemente a obten\u00e7\u00e3o de um seguro de viagem que cubra acidentes, despesas m\u00e9dicas e repatria\u00e7\u00e3o de emerg\u00eancia, incluindo resgate ou ambul\u00e2ncia a\u00e9rea, se necess\u00e1rio. Tamb\u00e9m sugerimos que seu seguro inclua cobertura para cancelamento de tours e perda de bagagem.  \n\nPor favor, envie uma c\u00f3pia do seu seguro de viagem para o e-mail do seu representante de vendas.<\/p>\n\n<p class=\"text-content\">Se voc\u00ea optar por n\u00e3o adquirir um seguro de viagem, <strong>KB ADVENTURES S.A.C<\/strong> n\u00e3o seremos respons\u00e1veis por nenhuma das situa\u00e7\u00f5es mencionadas acima.<\/p>\n\n<h2>4. Reserva Confirmada e Saldo Pendente<\/h2>\n<p class=\"text-content\">Uma vez que voc\u00ea tenha escolhido um servi\u00e7o, deve completar o formul\u00e1rio de contato em nosso site durante o processo de reserva. \u00c9 responsabilidade de cada cliente fornecer informa\u00e7\u00f5es precisas e ver\u00eddicas. Um dep\u00f3sito de 100% \u00e9 exigido no momento da reserva para garantir os servi\u00e7os solicitados.<\/p>\n<p class=\"text-content\">Por favor, note que todos os nossos pre\u00e7os listados em nosso site ou cotados por nossa equipe est\u00e3o em USD e est\u00e3o sujeitos a altera\u00e7\u00f5es sem aviso pr\u00e9vio. O pre\u00e7o \u00e9 garantido uma vez que voc\u00ea tenha recebido um e-mail de confirma\u00e7\u00e3o de reserva. <strong>KB ADVENTURES S.A.C<\/strong><\/p>\n<p class=\"text-content\">Atualmente, aceitamos pagamentos por cart\u00e3o de cr\u00e9dito ou d\u00e9bito. Voc\u00ea pode encontrar nosso link de pagamento seguro em nosso site ao prosseguir com sua reserva. <strong>KB ADVENTURES S.A.C<\/strong> processes payments through the WeTravel booking platform, and the total amount may vary according to your bank&#8217;s policies, as we do not charge it directly.<\/p>\n<p class=\"text-content\"> O cliente deve estar de posse de um passaporte v\u00e1lido e de quaisquer vistos necess\u00e1rios para o tour, sendo respons\u00e1vel pela obten\u00e7\u00e3o desses documentos. Quaisquer informa\u00e7\u00f5es ou orienta\u00e7\u00f5es fornecidas pela empresa sobre vistos, vacinas, clima, vestu\u00e1rio, bagagem, equipamentos especiais, etc., s\u00e3o dadas de boa f\u00e9, mas sem responsabilidade por parte da empresa.<\/p>\n<p class=\"text-content\">Para alguns servi\u00e7os, \u00e9 obrigat\u00f3rio fornecer as informa\u00e7\u00f5es do passaporte. <\/p>\n\n<h2>5. MENORES DE IDADE<\/h2>\n<p class=\"text-content\">Descontos ser\u00e3o aplicados de acordo com o programa escolhido.<\/p>\n\n<h2>6. HOR\u00c1RIOS DE RETIRADA<\/h2>\n<p class=\"text-content\">O hor\u00e1rio de coleta ser\u00e1 especificado no programa. Os turistas devem estar prontos e aguardando no sagu\u00e3o do hotel. Caso n\u00e3o estejam prontos no hor\u00e1rio agendado, a ag\u00eancia n\u00e3o se responsabiliza por quaisquer atrasos e\/ou abandono pelo transporte, pois trata-se de um hor\u00e1rio fixo. Se um turista for encontrado em alto estado de embriaguez, o tour ser\u00e1 cancelado sem direito a reembolso ou reagendamento.<\/p>\n\n<h2>7. HOT\u00c9IS<\/h2>\n<p class=\"text-content\">A empresa reserva-se o direito de substituir hot\u00e9is da mesma categoria nos pacotes de tour que oferece. Isso ocorre porque a KB ADVENTURES S.A.C est\u00e1 sujeita \u00e0 disponibilidade de hot\u00e9is no Peru, conforme o Artigo 1277 do C\u00f3digo Civil Peruano vigente.<\/p>\n<p class=\"text-content\">Para check-in antecipado e check-out tardio, ser\u00e1 cobrada uma taxa adicional de acordo com as pol\u00edticas do hotel.<\/p>\n\n<h2>8. Trilha Inca, Montanha Huayna Picchu e\/ou Montanha Machu Picchu<\/h2>\n<p class=\"text-content\">Estes servi\u00e7os s\u00e3o considerados parte da categoria de turismo de aventura e est\u00e3o sujeitos a restri\u00e7\u00f5es governamentais devido a esfor\u00e7os de manuten\u00e7\u00e3o, prote\u00e7\u00e3o e conserva\u00e7\u00e3o. Portanto, as reservas devem ser feitas com bastante anteced\u00eancia e a disponibilidade deve ser verificada previamente. Estes servi\u00e7os t\u00eam alta demanda e um n\u00famero limitado de vagas dispon\u00edveis.<\/p>\n\n<h2>9. ATUALIZA\u00c7\u00d5ES DAS INFORMA\u00c7\u00d5ES NO SITE<\/h2>\n<p class=\"text-content\">A empresa reserva-se o direito de modificar qualquer informa\u00e7\u00e3o em seu site.<\/p>\n\n<h2>10. PERDA E\/OU ROUBO DE PERTENCES<\/h2>\n<p class=\"text-content\">Durante o curso do seu programa, a KB ADVENTURES S.A.C n\u00e3o ser\u00e1 respons\u00e1vel pela perda de seus pertences, furto ou danos \u00e0 sua bagagem. Para evitar isso, recomendamos fortemente que voc\u00ea fique atento a todos os seus pertences.<\/p>\n\n<h2>11. Cancelamentos, Reembolsos e Compensa\u00e7\u00f5es<\/h2>\n<p class=\"text-content\">Se um pedido de cancelamento for recebido:<\/p>\n<ul>\n <li class=\"text-content\"><strong>1.<\/strong> Se o cliente cancelar o servi\u00e7o confirmado com mais de 60 dias de anteced\u00eancia em rela\u00e7\u00e3o \u00e0 partida, ser\u00e1 retido 50% do valor total (excluindo taxas banc\u00e1rias), juntamente com os custos dos bilhetes de trem reservados e ingressos de entrada (ingresso para Machu Picchu, ingresso para a Trilha Inca, ingresso para a Montanha Machu Picchu e\/ou ingresso para a Montanha Huayna Picchu).<\/li>\n <li class=\"text-content\"><strong>2.<\/strong> Se o cliente cancelar o tour confirmado entre 60 e 31 dias antes da partida, ser\u00e1 retido 70% do valor total (excluindo taxas banc\u00e1rias), juntamente com os custos dos bilhetes de trem reservados e ingressos de entrada (ingresso para Machu Picchu, ingresso para a Trilha Inca, ingresso para o Salkantay Trek, ingresso para a Montanha Machu Picchu e\/ou ingresso para a Montanha Huayna Picchu).<\/li>\n <li class=\"text-content\"><strong>3.<\/strong> Se o cliente cancelar o tour confirmado com uma semana ou menos de anteced\u00eancia, 100% do valor total ser\u00e1 retido.<\/li>\n<\/ul>\n<p class=\"text-content\">Uma vez que os ingressos de entrada para Machu Picchu, Trilha Inca, Salkantay Trek, Montanha Machu Picchu e\/ou Montanha Huayna Picchu tenham sido adquiridos, n\u00e3o h\u00e1 possibilidade de modificar qualquer data e\/ou nome, nem de reembolsar qualquer pagamento feito pelo cliente. Todos os ingressos incluem IVA, e o operador tur\u00edstico cobra uma taxa de reserva.<\/p>\n<p class=\"text-content\"> Se o cliente deixar o tour mais cedo, mesmo que n\u00e3o utilize noites adicionais de acomoda\u00e7\u00e3o por qualquer motivo, seja volunt\u00e1rio ou involunt\u00e1rio, nenhum valor ser\u00e1 reembolsado.<\/p>\n\n<h2>Cancelamento da Trilha Inca de 4 Dias e 2 Dias<\/h2>\n<ul>\n <li class=\"text-content\">Se o cliente cancelar o servi\u00e7o confirmado da Trilha Inca de 4 Dias ou 2 Dias com 60 dias ou mais de anteced\u00eancia em rela\u00e7\u00e3o \u00e0 partida, ser\u00e1 retido 70% do valor total, incluindo os custos dos bilhetes de trem reservados e ingressos de entrada (ingresso para a Trilha Inca com entrada para Machu Picchu, ingresso para a Montanha Machu Picchu e\/ou ingresso para a Montanha Huayna Picchu).<\/li>\n <li class=\"text-content\">Se o cliente cancelar o servi\u00e7o confirmado da Trilha Inca de 4 Dias ou 2 Dias com 30 dias ou menos de anteced\u00eancia em rela\u00e7\u00e3o \u00e0 partida, 100% do valor total ser\u00e1 retido.<\/li>\n<\/ul>\n<p class=\"text-content\">Por favor, note que, uma vez feita a reserva da Trilha Inca, n\u00e3o ser\u00e3o permitidas altera\u00e7\u00f5es (a reserva n\u00e3o \u00e9 transfer\u00edvel em termos de datas ou nome do titular), pois \u00e9 controlada pela DRC (Diretoria Descentralizada de Cultura de Cusco), e por lei, n\u00e3o s\u00e3o permitidas modifica\u00e7\u00f5es ap\u00f3s a reserva ser confirmada. Cancelamentos e\/ou listas de espera n\u00e3o s\u00e3o permitidos para a Trilha Inca.<\/p>\n\n<h2>Cancelamento de Participantes da Viagem<\/h2>\n<p class=\"text-content\">Se um ou mais participantes do mesmo grupo de viagem cancelarem o servi\u00e7o privado reservado, o pre\u00e7o de compra ser\u00e1 recalculado com base no novo n\u00famero de passageiros. O cliente tem a op\u00e7\u00e3o de aceitar ou rejeitar o pre\u00e7o recalculado. No \u00faltimo caso, as condi\u00e7\u00f5es de cancelamento do cliente ser\u00e3o aplicadas.<\/p>\n\n<h2>Responsabilidade do Cliente<\/h2>\n<p class=\"text-content\">Se, por qualquer motivo, o transporte escolhido pelo cliente (\u00f4nibus, avi\u00e3o, trem, etc.) n\u00e3o chegar ao seu destino antes ou na data e hora agendadas para o in\u00edcio dos servi\u00e7os, a empresa n\u00e3o ser\u00e1 respons\u00e1vel pelos danos resultantes ou servi\u00e7os perdidos. Esses servi\u00e7os n\u00e3o utilizados s\u00e3o de responsabilidade dos nossos clientes. Recomendamos chegar \u00e0 cidade de partida pelo menos 2 dias antes do in\u00edcio do servi\u00e7o, para que o cliente possa se aclimatar \u00e0s condi\u00e7\u00f5es clim\u00e1ticas e reduzir o risco de perder um servi\u00e7o devido ao cancelamento de voo. Quaisquer servi\u00e7os perdidos devido a esses atrasos n\u00e3o s\u00e3o reembols\u00e1veis.<\/p>\n\n<h2>Cancelamento por Parte da Empresa<\/h2>\n<p class=\"text-content\"><strong> KB ADVENTURES S.A.C<\/strong> reserva-se o direito de cancelar um tour em caso de qualquer uma das seguintes circunst\u00e2ncias:<\/p>\n <ul>\n    <li class=\"text-content\">Para a opera\u00e7\u00e3o do Salkantay Privado, Trilha Inca de 4 Dias e Trilha Inca de 2 Dias, exigimos um n\u00famero m\u00ednimo de 2 participantes. Caso n\u00e3o haja participantes suficientes para o tour, o tour ser\u00e1 automaticamente cancelado. Por favor, note que ao fazer uma reserva firme e completar o formul\u00e1rio de contato, voc\u00ea aceita estes termos. <\/li>\n    <p class=\"text-content\"><strong>NO ENTANTO<\/strong>, esta regra n\u00e3o se aplica a:<\/p>\n    <li class=\"text-content\"> <strong>For\u00e7a Maior:<\/strong> Em caso de circunst\u00e2ncias incomuns ou imprevistas al\u00e9m do nosso controle, incluindo, mas n\u00e3o se limitando a, guerras, dist\u00farbios, greves, protestos, disputas trabalhistas, atividades terroristas e suas consequ\u00eancias, desastres naturais como deslizamentos de terra, condi\u00e7\u00f5es clim\u00e1ticas adversas, epidemias, pandemias e problemas t\u00e9cnicos inevit\u00e1veis com o transporte.<\/li>\n    <li class=\"text-content\"> Para nossos outros tours, o cancelamento pode ocorrer nas seguintes circunst\u00e2ncias: guerras, dist\u00farbios, greves, protestos, disputas trabalhistas, atividades terroristas e suas consequ\u00eancias, desastres naturais como deslizamentos de terra, condi\u00e7\u00f5es clim\u00e1ticas adversas, epidemias, pandemias e problemas t\u00e9cnicos inevit\u00e1veis com o transporte.<\/li>\n <\/ul>\n\n<p class=\"text-content\"><strong>KB ADVENTURES S.A.C<\/strong> reserva-se o direito de modificar, adiar ou at\u00e9 mesmo cancelar sua viagem. No caso de cancelamento por qualquer uma das raz\u00f5es mencionadas acima, o valor do reembolso ser\u00e1 calculado dependendo dos ingressos adquiridos.<\/p>\n\n<h2>12. Responsabilidade dos Clientes<\/h2>\n<p class=\"text-content\">A ag\u00eancia N\u00c3O ser\u00e1 respons\u00e1vel nem assumir\u00e1 qualquer obriga\u00e7\u00e3o por acidentes, danos, doen\u00e7as, falecimentos ou comportamentos conflituosos em rela\u00e7\u00e3o a outros que possam surgir durante a viagem. O cliente arcar\u00e1 com todos os custos adicionais decorrentes dessa situa\u00e7\u00e3o.<\/p>\n\n<h2>13. Nossa Responsabilidade<\/h2>\n<p class=\"text-content\"><strong>KB ADVENTURES S.A.C<\/strong> est\u00e1 comprometida em fornecer servi\u00e7os de acordo com a solicita\u00e7\u00e3o do turista (servi\u00e7o compartilhado ou servi\u00e7o privado). Durante todo o processo do programa contratado, ser\u00e1 prestado um servi\u00e7o de qualidade, em conformidade com os requisitos estabelecidos no Artigo 28 da Lei Geral de Turismo n\u00ba 29408.<\/p>\n\n<h2>14. Considera\u00e7\u00f5es Importantes<\/h2>\n<p class=\"text-content\">Solicitamos que informe \u00e0 ag\u00eancia sobre quaisquer alergias, condi\u00e7\u00f5es f\u00edsicas, psicol\u00f3gicas ou psiqui\u00e1tricas preexistentes que exijam medica\u00e7\u00e3o, condi\u00e7\u00f5es dos passageiros, caracter\u00edsticas especiais de cada passageiro, prefer\u00eancias alimentares, etc. Por favor, consulte seu m\u00e9dico para a prescri\u00e7\u00e3o de qualquer medica\u00e7\u00e3o adicional.<\/p>\n<p class=\"text-content\">O cliente aprecia e reconhece que a natureza das viagens para pa\u00edses em desenvolvimento exige consider\u00e1vel flexibilidade e deve permitir alternativas. Entende-se que a rota, hor\u00e1rios, itiner\u00e1rios, comodidades e modo de transporte podem estar sujeitos a altera\u00e7\u00f5es sem aviso pr\u00e9vio devido a circunst\u00e2ncias ou eventos locais, que podem incluir doen\u00e7as ou quebras mec\u00e2nicas, cancelamentos de voos, greves, eventos resultantes de disputas pol\u00edticas, condi\u00e7\u00f5es clim\u00e1ticas e outras circunst\u00e2ncias imprevis\u00edveis.<\/p>\n\n<h2>15. Fundamenta\u00e7\u00e3o Legal<\/h2>\n<p class=\"text-content\">Para garantir o pleno cumprimento deste contrato pelas partes contratantes e proporcionar ao passageiro total seguran\u00e7a jur\u00eddica durante sua estadia no Peru, cumprimos com a obriga\u00e7\u00e3o de informar todas as disposi\u00e7\u00f5es legais exigidas pela nossa legisla\u00e7\u00e3o:<\/p>\n\n<ul>\n <li class=\"text-content\"><strong>1.<\/strong>Constitui\u00e7\u00e3o Pol\u00edtica do Peru de 1993<\/li>\n <li class=\"text-content\"><strong>2.<\/strong>Lei 29408 \u2013 Lei Geral de Turismo<\/li>\n <li class=\"text-content\"><strong>3.<\/strong>C\u00f3digo Civil Peruano Vigente de 1984<\/li>\n<\/ul>\n<h2>16. Divulga\u00e7\u00e3o de Fotos<\/h2>\n<p class=\"text-content\">O cliente reconhece e concede permiss\u00e3o para que <strong>KB ADVENTURES S.A.C<\/strong> utilizar fotos ou v\u00eddeos com a finalidade de promover nossos futuros tours. O cliente libera expressamente <strong>KB ADVENTURES S.A.C<\/strong>, seus agentes e funcion\u00e1rios de qualquer reclama\u00e7\u00e3o que possam ter ou poderiam ter em rela\u00e7\u00e3o \u00e0 invas\u00e3o de privacidade, difama\u00e7\u00e3o ou qualquer outra causa de a\u00e7\u00e3o decorrente do uso dessas fotografias e imagens em v\u00eddeo. Se voc\u00ea n\u00e3o desejar que sua imagem seja utilizada em nosso material promocional, por favor, nos avise no momento da reserva ou informe nosso guia durante o tour.<\/p>\n<p class=\"text-content\"><strong>Ao confirmar sua reserva, voc\u00ea aceita integralmente nossas pol\u00edticas, termos e condi\u00e7\u00f5es.<\/strong><\/p>\n\n<\/div>\t\t\t\t\t\t\t\t<\/div>\n\t\t\t\t<\/div>\n\t\t<div class=\"elementor-element elementor-element-014785a e-con-full e-flex e-con e-child\" data-id=\"014785a\" data-element_type=\"container\" data-e-type=\"container\">\n\t\t<div class=\"elementor-element elementor-element-263d649 e-con-full e-flex e-con e-child\" data-id=\"263d649\" data-element_type=\"container\" data-e-type=\"container\">\n\t\t\t\t<div class=\"elementor-element elementor-element-8771a01 elementor-widget elementor-widget-text-editor\" data-id=\"8771a01\" data-element_type=\"widget\" data-e-type=\"widget\" data-widget_type=\"text-editor.default\">\n\t\t\t\t\t\t\t\t\t<style>\n  body {\n    background-color: #f0f0f0;\n    font-family: 'Poppins', sans-serif;\n    margin: 0;\n    padding: 0;\n  }\n\n  .cuadro {\n    width: 90%;\n    max-width: 700px;\n    position: sticky;\n    margin: 50px auto; \/* Centrado horizontalmente y margen superior e inferior *\/\n    padding: 30px;\n    border: 1px solid #1f496f; \/* Borde con color #1f496f *\/\n    border-radius: 15px;\n    background-color: #1B4D6E; \/* Fondo s\u00f3lido con color #1f496f *\/\n    box-shadow: 0 6px 12px rgba(0, 0, 0, 0.3);\n    text-align: center;\n    color: #fff;\n  }\n\n  .do {\n    margin-bottom: 20px;\n    color: #faba2c; \/* Color amarillo para el t\u00edtulo *\/\n    font-size: 28px;\n    font-weight: bold;\n    text-transform: uppercase; \/* Texto en may\u00fasculas *\/\n  }\n\n  p {\n    margin-bottom: 15px;\n    font-size: 18px;\n    color: white; \/* Color blanco para el texto *\/\n  }\n\n  .icon {\n    margin-right: 10px;\n    color: #faba2c; \/* Color amarillo para los iconos *\/\n  }\n\n  a {\n    color: #faba2c; \/* Color amarillo para el enlace *\/\n    text-decoration: underline;\n    transition: color 0.3s;\n  }\n\n  a:hover {\n    text-decoration: none;\n    color: #fff; \/* Cambio de color al pasar el mouse por encima *\/\n  }\n\n  @media (max-width: 600px) {\n    .cuadro {\n      width: 95%;\n      padding: 20px;\n    }\n\n    .do {\n      font-size: 24px;\n    }\n\n    p {\n      font-size: 16px;\n    }\n  }\n<\/style>\n\n<div class=\"cuadro\">\n  <p class=\"do\"><strong>VOC\u00ca TEM ALGUMA PERGUNTA?<\/strong><\/p>\n  Sinta-se \u00e0 vontade para nos ligar. Somos uma equipe de especialistas e teremos o prazer em ajud\u00e1-lo.\n  \n  <i class=\"fas fa-phone icon\"><\/i> +51 978 730 410\n  \n  <i class=\"fas fa-phone icon\"><\/i> +51 984 766 667\n  \n  <i class=\"fas fa-envelope icon\"><\/i> Email: <a href=\"mailto:info@kbtourstravel.com\">info@kbtourstravel.com<\/a>\n<\/div>\n\t\t\t\t\t\t\t\t<\/div>\n\t\t\t\t<\/div>\n\t\t<div class=\"elementor-element elementor-element-778ba4a e-con-full e-flex e-con e-child\" data-id=\"778ba4a\" data-element_type=\"container\" data-e-type=\"container\">\n\t\t\t\t<div class=\"elementor-element elementor-element-9b213f2 elementor-widget elementor-widget-text-editor\" data-id=\"9b213f2\" data-element_type=\"widget\" data-e-type=\"widget\" data-widget_type=\"text-editor.default\">\n\t\t\t\t\t\t\t\t\t<!DOCTYPE html>\n<html lang=\"en\">\n<head>\n    <meta charset=\"UTF-8\">\n    <meta name=\"viewport\" content=\"width=device-width, initial-scale=1.0\">\n    <title>Policies, Terms &#038; Conditions<\/title>\n    <style>\n        body {\n            font-family: Arial, sans-serif;\n            margin: 40px;\n            line-height: 1.6;\n            background-color: #f4f4f4;\n            color: #333;\n        }\n        ul {\n            padding-left: 20px;\n        }\n        .section {\n            margin-bottom: 20px;\n            border-bottom: 2px solid #ddd;\n            padding-bottom: 10px;\n        }\n        .highlight {\n            color: red;\n            font-weight: bold;\n        }\n        .tripadvisor-widget {\n            display: flex;\n            align-items: center;\n            justify-content: center;\n            gap: 20px;\n            background-color: #fff;\n            padding: 15px;\n            border-radius: 10px;\n            box-shadow: 0 4px 8px rgba(0, 0, 0, 0.1);\n            max-width: 500px;\n            margin: 20px auto;\n        }\n        .tripadvisor-widget a img {\n            transition: transform 0.3s ease-in-out;\n            border-radius: 5px;\n        }\n        .tripadvisor-widget a img:hover {\n            transform: scale(1.1);\n        }\n    <\/style>\n<\/head>\n<body>\n    <div class=\"content-wrapper\"> \n        <div class=\"tripadvisor-widget\">\n            <div>\n                <a target=\"_blank\" href=\"https:\/\/www.tripadvisor.com.pe\/Attraction_Review-g294314-d4259913-Reviews-KB_Adventure-Cusco_Cusco_Region.html\" rel=\"noopener\">\n                    <img decoding=\"async\" src=\"https:\/\/static.tacdn.com\/img2\/travelers_choice\/widgets\/tchotel_2023_LL.png\" alt=\"TripAdvisor\" style=\"width: 100px;\">\n                <\/a>\n            <\/div>\n            <div>\n                <a target=\"_blank\" href=\"https:\/\/www.tripadvisor.com\/Attraction_Review-g294314-d4259913-Reviews-KB_Adventure-Cusco_Cusco_Region.html\" rel=\"noopener\">\n                    <img decoding=\"async\" src=\"https:\/\/static.tacdn.com\/img2\/brand_refresh\/Tripadvisor_lockup_horizontal_secondary_registered.svg\" alt=\"TripAdvisor\" style=\"width: 150px;\">\n                <\/a>\n            <\/div>\n        <\/div>\n\n        <script async src=\"https:\/\/www.jscache.com\/wejs?wtype=certificateOfExcellence&amp;uniq=697&amp;locationId=4259913&amp;lang=es_PE&amp;year=2023&amp;display_version=2\" data-loadtrk onload=\"this.loadtrk=true\"><\/script>\n        <script async src=\"https:\/\/www.jscache.com\/wejs?wtype=excellent&amp;uniq=47&amp;locationId=4259913&amp;lang=en_US&amp;display_version=2\" data-loadtrk onload=\"this.loadtrk=true\"><\/script>\n    <\/div>\n<\/body>\n<\/html>\n\t\t\t\t\t\t\t\t<\/div>\n\t\t\t\t<\/div>\n\t\t\t\t<\/div>\n\t\t\t\t<\/div>\n\t\t\t\t<\/div>","protected":false},"excerpt":{"rendered":"<p>TERMS AND CONDITIONS KB ADVENTURES S.A.C is a tour operator located at Portal Espina No. 163, Cusco, Peru. Therefore, the company is subject to the laws and regulations of Peru. KB ADVENTURES S.A.C appreciates your preference; without a doubt, we will make your trip the best moments of your life. We kindly ask you to [&hellip;]<\/p>\n","protected":false},"author":1,"featured_media":0,"parent":0,"menu_order":0,"comment_status":"closed","ping_status":"closed","template":"elementor_header_footer","meta":{"_acf_changed":false,"om_disable_all_campaigns":false,"_monsterinsights_skip_tracking":false,"_monsterinsights_sitenote_active":false,"_monsterinsights_sitenote_note":"","_monsterinsights_sitenote_category":0,"footnotes":""},"class_list":["post-11128","page","type-page","status-publish","hentry"],"acf":[],"_links":{"self":[{"href":"https:\/\/kbtourstravel.com\/pt\/wp-json\/wp\/v2\/pages\/11128","targetHints":{"allow":["GET"]}}],"collection":[{"href":"https:\/\/kbtourstravel.com\/pt\/wp-json\/wp\/v2\/pages"}],"about":[{"href":"https:\/\/kbtourstravel.com\/pt\/wp-json\/wp\/v2\/types\/page"}],"author":[{"embeddable":true,"href":"https:\/\/kbtourstravel.com\/pt\/wp-json\/wp\/v2\/users\/1"}],"replies":[{"embeddable":true,"href":"https:\/\/kbtourstravel.com\/pt\/wp-json\/wp\/v2\/comments?post=11128"}],"version-history":[{"count":0,"href":"https:\/\/kbtourstravel.com\/pt\/wp-json\/wp\/v2\/pages\/11128\/revisions"}],"wp:attachment":[{"href":"https:\/\/kbtourstravel.com\/pt\/wp-json\/wp\/v2\/media?parent=11128"}],"curies":[{"name":"wp","href":"https:\/\/api.w.org\/{rel}","templated":true}]}}