{"id":18327,"date":"2025-11-06T16:44:53","date_gmt":"2025-11-06T16:44:53","guid":{"rendered":"https:\/\/kbtourstravel.com\/?page_id=18327"},"modified":"2025-11-30T19:28:57","modified_gmt":"2025-11-30T19:28:57","slug":"disclaimer-statement","status":"publish","type":"page","link":"https:\/\/kbtourstravel.com\/es\/disclaimer-statement\/","title":{"rendered":"Declaraci\u00f3n de exenci\u00f3n de responsabilidad"},"content":{"rendered":"<div data-elementor-type=\"wp-page\" data-elementor-id=\"18327\" class=\"elementor elementor-18327\" data-elementor-post-type=\"page\">\n\t\t\t\t<div class=\"elementor-element elementor-element-d4666bc e-flex e-con-boxed e-con e-parent\" data-id=\"d4666bc\" data-element_type=\"container\" data-e-type=\"container\">\n\t\t\t\t\t<div class=\"e-con-inner\">\n\t\t\t\t<div class=\"elementor-element elementor-element-b41df19 elementor-widget elementor-widget-text-editor\" data-id=\"b41df19\" data-element_type=\"widget\" data-e-type=\"widget\" data-widget_type=\"text-editor.default\">\n\t\t\t\t\t\t\t\t\t<!DOCTYPE html>\n<html lang=\"en\">\n<head>\n<meta charset=\"UTF-8\">\n<title>Declaraci\u00f3n de exenci\u00f3n de responsabilidad<\/title>\n<\/head>\n<body style=\"background-color:#F0F4FA; color:#000000; font-family:Arial, sans-serif; line-height:1.6; \">\n\n\n<p style=\"margin-bottom:15px;\">Yo: _____________________________________________ Declaro de manera libre, espont\u00e1nea y voluntaria que:<\/p>\n\n<p style=\"margin-bottom:15px;\">\n1.- He decidido contratar y participar en el tour: ________________________________________________ <br>\nEl cual iniciar\u00e1 el d\u00eda _____ de ______ del a\u00f1o 20__ <br>\nY concluir\u00e1 el d\u00eda _____ de ______ del mismo a\u00f1o.\n<\/p>\n\n<p style=\"margin-bottom:15px;\">\n2.- Estoy consciente de que en las actividades en las que participar\u00e9 existe la posibilidad de sufrir lesiones, p\u00e9rdidas o traumas.\n<\/p>\n\n<p style=\"margin-bottom:15px;\">\n3.- Declaro que estoy en perfectas condiciones f\u00edsicas, fisiol\u00f3gicas y psicol\u00f3gicas, as\u00ed como no padezco de ninguna enfermedad, lesi\u00f3n, incapacidad que me inhabilite para participar en el tour.\n<\/p>\n\n<p style=\"margin-bottom:15px;\">\n4.- Acepto seguir y obedecer las instrucciones dadas por los miembros, de <b style=\"color:#000000;\">KB ADVENTURES<\/b>, sus gu\u00edas, instructores o cualquiera de sus colaboradores.\n<\/p>\n\n<p style=\"margin-bottom:15px;\">\n5.- Estoy consciente de que el lugar que visitar\u00e9 puede tener un delicado equilibrio ecol\u00f3gico y voy a hacer todo lo posible para conservarlo en el estado en que lo encontremos.\n<\/p>\n\n<p style=\"margin-bottom:15px;\">\n6.- He tomado la decisi\u00f3n de realizar el tour sin ning\u00fan tipo de presi\u00f3n, ni bajo la influencia de alcohol o sustancia alguna, ni lo estar\u00e9 durante el tiempo que dure el tour.\n<\/p>\n\n<p style=\"margin-bottom:15px;\">\n7.- Estoy consciente de que la actividad que llevar\u00e9 a cabo puede tener riesgos que no son atribuibles <b style=\"color:#000000;\">KB ADVENTURES<\/b>, como eventos que est\u00e1n fuera de nuestro control como eventos naturales, sociales que perjudiquen el normal desarrollo de las actividades contratadas.\n<\/p>\n\n<p style=\"margin-bottom:15px;\">\n8.- Por lo anterior mencionado ante cualquier situaci\u00f3n ocasionada por mi conducta y comportamiento, por los cuales me har\u00e9 enteramente responsable y deslindo de responsabilidad de ellos a <b style=\"color:#000000;\">KB ADVENTURES<\/b>.\n<\/p>\n\n<p style=\"margin-bottom:15px;\">\n9.- En consecuencia, de lo anterior me reservo todo tipo de acci\u00f3n en contra de <b style=\"color:#000000;\">KB ADVENTURES<\/b>, funcionarios, empleados, representantes, agentes o gu\u00edas de esta empresa.\n<\/p>\n\n<div style=\"margin-top:50px; text-align:center;\">\n  <div style=\"display:inline-block; border-top:1px solid #000; width:300px; margin-top:20px;\"><\/div><br>\n  <span style=\"font-size:14px;\">Firma<\/span>\n<\/div>\n\n<\/body>\n<\/html>\n\t\t\t\t\t\t\t\t<\/div>\n\t\t\t\t\t<\/div>\n\t\t\t\t<\/div>\n\t\t\t\t<\/div>","protected":false},"excerpt":{"rendered":"<p>Disclaimer Statement I, _____________________________________________ Freely, spontaneously and voluntarily declare that: 1.- I have decided to hire and participate in the tour: __________________________________________ Which will begin on the _____ day of _______ of the year 20__ And it will end on the _____ day of _______ of the same year. 2.- I am aware that in [&hellip;]<\/p>\n","protected":false},"author":1,"featured_media":0,"parent":0,"menu_order":0,"comment_status":"closed","ping_status":"closed","template":"","meta":{"_acf_changed":false,"om_disable_all_campaigns":false,"_monsterinsights_skip_tracking":false,"_monsterinsights_sitenote_active":false,"_monsterinsights_sitenote_note":"","_monsterinsights_sitenote_category":0,"footnotes":""},"class_list":["post-18327","page","type-page","status-publish","hentry"],"acf":[],"_links":{"self":[{"href":"https:\/\/kbtourstravel.com\/es\/wp-json\/wp\/v2\/pages\/18327","targetHints":{"allow":["GET"]}}],"collection":[{"href":"https:\/\/kbtourstravel.com\/es\/wp-json\/wp\/v2\/pages"}],"about":[{"href":"https:\/\/kbtourstravel.com\/es\/wp-json\/wp\/v2\/types\/page"}],"author":[{"embeddable":true,"href":"https:\/\/kbtourstravel.com\/es\/wp-json\/wp\/v2\/users\/1"}],"replies":[{"embeddable":true,"href":"https:\/\/kbtourstravel.com\/es\/wp-json\/wp\/v2\/comments?post=18327"}],"version-history":[{"count":14,"href":"https:\/\/kbtourstravel.com\/es\/wp-json\/wp\/v2\/pages\/18327\/revisions"}],"predecessor-version":[{"id":18444,"href":"https:\/\/kbtourstravel.com\/es\/wp-json\/wp\/v2\/pages\/18327\/revisions\/18444"}],"wp:attachment":[{"href":"https:\/\/kbtourstravel.com\/es\/wp-json\/wp\/v2\/media?parent=18327"}],"curies":[{"name":"wp","href":"https:\/\/api.w.org\/{rel}","templated":true}]}}