{"id":15159,"date":"2025-03-18T18:31:46","date_gmt":"2025-03-18T18:31:46","guid":{"rendered":"https:\/\/kbtourstravel.com\/?page_id=15159"},"modified":"2025-11-28T17:27:42","modified_gmt":"2025-11-28T17:27:42","slug":"privacy-policy-date","status":"publish","type":"page","link":"https:\/\/kbtourstravel.com\/es\/privacy-policy-date\/","title":{"rendered":"Pol\u00edtica de Privacidad"},"content":{"rendered":"<div data-elementor-type=\"wp-page\" data-elementor-id=\"15159\" class=\"elementor elementor-15159\" data-elementor-post-type=\"page\">\n\t\t\t\t<div class=\"elementor-element elementor-element-177abb04 e-flex e-con-boxed e-con e-parent\" data-id=\"177abb04\" data-element_type=\"container\" data-e-type=\"container\" data-settings=\"{&quot;background_background&quot;:&quot;classic&quot;}\">\n\t\t\t\t\t<div class=\"e-con-inner\">\n\t\t<div class=\"elementor-element elementor-element-53089694 e-flex e-con-boxed e-con e-child\" data-id=\"53089694\" data-element_type=\"container\" data-e-type=\"container\">\n\t\t\t\t\t<div class=\"e-con-inner\">\n\t\t\t\t<div class=\"elementor-element elementor-element-70610308 animated-slow elementor-widget__width-initial elementor-invisible elementor-widget elementor-widget-heading\" data-id=\"70610308\" data-element_type=\"widget\" data-e-type=\"widget\" data-settings=\"{&quot;_animation&quot;:&quot;slideInUp&quot;}\" data-widget_type=\"heading.default\">\n\t\t\t\t\t<h6 class=\"elementor-heading-title elementor-size-default\"><br><br><br><br><br>POL\u00cdTICA DE PROTECCI\u00d3N DE DATOS PERSONALES<\/h6>\t\t\t\t<\/div>\n\t\t\t\t\t<\/div>\n\t\t\t\t<\/div>\n\t\t\t\t\t<\/div>\n\t\t\t\t<\/div>\n\t\t<div class=\"elementor-element elementor-element-cddd3f6 e-con-full e-flex e-con e-parent\" data-id=\"cddd3f6\" data-element_type=\"container\" data-e-type=\"container\">\n\t\t<div class=\"elementor-element elementor-element-9f85802 e-con-full e-flex e-con e-child\" data-id=\"9f85802\" data-element_type=\"container\" data-e-type=\"container\">\n\t\t\t\t<div class=\"elementor-element elementor-element-3f3379f elementor-widget elementor-widget-text-editor\" data-id=\"3f3379f\" data-element_type=\"widget\" data-e-type=\"widget\" data-widget_type=\"text-editor.default\">\n\t\t\t\t\t\t\t\t\t<p><br \/><br \/><br \/><br \/><\/p><p><style>\n        body {<br \/>\n            font-family: 'Poppins', sans-serif;<br \/>\n            margin: 40px;<br \/>\n            line-height: 1.8;<br \/>\n            color: #333;<br \/>\n        }<br \/>\n        .content-wrapper {<br \/>\n            max-width: 1200px;<br \/>\n            padding: 30px;<br \/>\n            border-radius: 10px;<br \/>\n            box-shadow: 0 4px 15px rgba(0, 0, 0, 0.1);<br \/>\n            margin: auto;<br \/>\n        }<br \/>\n        h1 {<br \/>\n            color: #1F496F;<br \/>\n            text-align: center;<br \/>\n        }<br \/>\n        h2 {<br \/>\n            color: #1F496F;<br \/>\n            font-size: 28px;<br \/>\n            border-bottom: 2px solid #ddd;<br \/>\n            padding-bottom: 5px;<br \/>\n        }<br \/>\n        .text-content {<br \/>\n            font-size: 16px;<br \/>\n            line-height: 1.8;<br \/>\n            color: #000;<br \/>\n        }<br \/>\n        ul {<br \/>\n            padding-left: 30px;<br \/>\n        }<br \/>\n        .highlight {<br \/>\n            color: red;<br \/>\n            font-weight: bold;<br \/>\n        }<br \/>\n    <\/style><\/p><p>\u00a0<\/p><div class=\"content-wrapper\"><h1>POL\u00cdTICA DE PROTECCI\u00d3N DE DATOS PERSONALES<\/h1><p class=\"text-content\">Para KB ADVENTURE S.A.C, la SEGURIDAD Y PRIVACIDAD de todos nuestros clientes directos e indirectos, proveedores y, en general, de todas aquellas personas que nos proporcionan sus datos personales a trav\u00e9s de nuestro sitio web es de vital importancia. Por ello, establecemos a continuaci\u00f3n nuestras pol\u00edticas de privacidad y protecci\u00f3n de datos personales.<\/p><p class=\"text-content\">KB ADVENTURE S.A.C es responsable del registro de los datos generados por los usuarios en su sitio web. De acuerdo con la Ley 29733, prevista en el art\u00edculo 2, numeral 6 de la Constituci\u00f3n Pol\u00edtica del Per\u00fa, KB ADVENTURE S.A.C se compromete a cumplir con su obligaci\u00f3n de resguardar los datos personales y con el deber de tratarlos de manera confidencial. Por ello, se tomar\u00e1n todas las medidas necesarias para evitar su alteraci\u00f3n, p\u00e9rdida, uso indebido o acceso no autorizado. La recopilaci\u00f3n y el tratamiento automatizado de los datos personales tienen como finalidad gestionar, proporcionar y mejorar los servicios para los usuarios.<\/p><p class=\"text-content\">KB ADVENTURE S.A.C agradece la confianza de todos los usuarios que visitan nuestro sitio web, <a href=\"https:\/\/kbtourstravel.com\/es\/\">www.kbtourstravel.com<\/a>, y proporcionan su informaci\u00f3n personal. El tratamiento de esta informaci\u00f3n se realizar\u00e1 con cuidado y responsabilidad, estableciendo los m\u00e1s altos est\u00e1ndares posibles de protecci\u00f3n de datos y privacidad, de acuerdo con la ley mencionada.<\/p><h2>USO DE LA INFORMACI\u00d3N EN ESTE SITIO WEB<\/h2><p class=\"text-content\">La informaci\u00f3n personal que KB ADVENTURE S.A.C recopila a trav\u00e9s del sitio web <a href=\"https:\/\/kbtourstravel.com\/es\/\">https:\/\/kbtourstravel.com<\/a>, como nombre, direcci\u00f3n, n\u00famero de tel\u00e9fono, correo electr\u00f3nico, entre otros, es tratada con gran cuidado. KB ADVENTURE S.A.C recibe y almacena toda la informaci\u00f3n proporcionada.<\/p><h2>RETENCI\u00d3N DE DATOS<\/h2><p class=\"text-content\">Para cumplir con obligaciones fiscales y recibir informaci\u00f3n publicitaria y ofertas comerciales, el usuario y\/o cliente autoriza a KB ADVENTURE S.A.C a conservar sus datos incluso despu\u00e9s de finalizada la relaci\u00f3n econ\u00f3mica contractual.<\/p><h2>\u00bfKB ADVENTURE S.A.C COMPARTE LA INFORMACI\u00d3N QUE RECIBE?<\/h2><p class=\"text-content\">KB ADVENTURE S.A.C comparte datos con sus socios y aliados, as\u00ed como con el departamento tributario. Todos los datos recopilados de usuarios, clientes y\/o terceros pueden ser transferidos a terceros dentro de los l\u00edmites permitidos por la legislaci\u00f3n peruana vigente.<\/p><h2>SOCIOS TERCEROS<\/h2><p class=\"text-content\">KB ADVENTURE S.A.C no controla a sus socios comerciales, aliados ni a terceros. Aunque KB ADVENTURE S.A.C trabaja estrechamente con sus socios comerciales, esto no significa que est\u00e9n obligados a cumplir con las Pol\u00edticas de Privacidad y Protecci\u00f3n de Datos de KB ADVENTURE S.A.C. Asimismo, los terceros que puedan ser anunciados en este sitio web no est\u00e1n directamente obligados a cumplir con estas pol\u00edticas. Por lo tanto, KB ADVENTURE S.A.C no se hace responsable de los datos que dichos terceros puedan recopilar en sus respectivos sitios web.<\/p><h2>MEDIDAS DE SEGURIDAD<\/h2><p class=\"text-content\">KB ADVENTURE S.A.C ha adoptado los niveles de seguridad exigidos por la ley para la Protecci\u00f3n de Datos Personales. Sin embargo, los usuarios deben ser conscientes de que estas medidas en Internet no son impenetrables. Por ello, se recomienda que los usuarios tomen las precauciones necesarias para proteger su informaci\u00f3n personal.<\/p><h2>PROHIBICI\u00d3N DEL USO DE LA INFORMACI\u00d3N<\/h2><p class=\"text-content\">Se proh\u00edbe a los usuarios, clientes y terceros el uso de informaci\u00f3n que infrinja o divulgue la privacidad de otros usuarios, usuarios registrados y\/o terceros. La responsabilidad de dichas acciones recae exclusivamente en el remitente.<\/p><h2>CUMPLIMIENTO DE LAS POL\u00cdTICAS DE PRIVACIDAD<\/h2><p class=\"text-content\">Si usted, como Usuario, Cliente o Tercero, considera que KB ADVENTURE S.A.C no ha cumplido con estas Pol\u00edticas de Privacidad y Protecci\u00f3n de Datos, por favor cont\u00e1ctenos por correo electr\u00f3nico a <a href=\"mailto:INFO@KBTOURSTRAVEL.COM\">INFO@KBTOURSTRAVEL.COM<\/a> para hacernos llegar sus inquietudes.<\/p><h2>CAMBIOS EN LAS POL\u00cdTICAS DE PRIVACIDAD<\/h2><p class=\"text-content\">Si KB ADVENTURE S.A.C realiza cambios en cualquiera de los t\u00e9rminos de esta Pol\u00edtica de Privacidad y Protecci\u00f3n de Datos, las actualizaciones se reflejar\u00e1n en este documento para que todos los usuarios, clientes o terceros est\u00e9n siempre informados sobre qu\u00e9 datos se recopilan, c\u00f3mo se utilizan y si son divulgados.<\/p><h2>CONSULTAS SOBRE PRIVACIDAD<\/h2><p class=\"text-content\">Si tiene alguna pregunta o inquietud sobre las pol\u00edticas de privacidad o los procedimientos de tratamiento de datos de KB ADVENTURE S.A.C, por favor env\u00edenos un correo electr\u00f3nico a <a href=\"mailto:INFO@KBTOURSTRAVEL.COM\">INFO@KBTOURSTRAVEL.COM<\/a> para contactarnos.<\/p><\/div><p>\u00a0<\/p>\t\t\t\t\t\t\t\t<\/div>\n\t\t\t\t<\/div>\n\t\t<div class=\"elementor-element elementor-element-09f56ab e-con-full e-flex e-con e-child\" data-id=\"09f56ab\" data-element_type=\"container\" data-e-type=\"container\">\n\t\t<div class=\"elementor-element elementor-element-1638fd0 e-con-full e-flex e-con e-child\" data-id=\"1638fd0\" data-element_type=\"container\" data-e-type=\"container\">\n\t\t\t\t<div class=\"elementor-element elementor-element-722ea70 elementor-widget elementor-widget-text-editor\" data-id=\"722ea70\" data-element_type=\"widget\" data-e-type=\"widget\" data-widget_type=\"text-editor.default\">\n\t\t\t\t\t\t\t\t\t<!-- Font Awesome para los iconos -->\n<link rel=\"stylesheet\" href=\"https:\/\/cdnjs.cloudflare.com\/ajax\/libs\/font-awesome\/6.4.2\/css\/all.min.css\">\n\n<style>\n  body {\n    background-color: #f0f0f0;\n    font-family: Arial, sans-serif;\n    margin: 0;\n    padding: 0;\n  }\n\n  .cuadro {\n    width: 90%;\n    max-width: 700px;\n    position: sticky;\n    margin: 50px auto; \/* Centrado horizontalmente y margen superior e inferior *\/\n    padding: 20px;\n    border: 1px solid #ccc;\n    border-radius: 10px;\n    background: linear-gradient(135deg, #0061ff, #60efff);\n    box-shadow: 0 4px 8px rgba(0, 0, 0, 0.2);\n    text-align: center;\n    color: white;\n  }\n\n  .do {\n    margin-bottom: 20px;\n    color: #fff;\n    font-size: 24px;\n  }\n\n  p {\n    margin-bottom: 15px;\n    font-size: 16px;\n  }\n\n  .icon {\n    margin-right: 10px;\n    color: #ffeb3b; \/* Color amarillo para los iconos *\/\n  }\n\n  a {\n    color: #ffeb3b; \/* Color amarillo para el enlace *\/\n    text-decoration: underline;\n    transition: color 0.3s;\n  }\n\n  a:hover {\n    text-decoration: none;\n    color: #fff; \/* Cambio de color al pasar el mouse por encima *\/\n  }\n\n  @media (max-width: 600px) {\n    .cuadro {\n      width: 95%;\n      padding: 15px;\n    }\n\n    .do {\n      font-size: 20px;\n    }\n\n    p {\n      font-size: 14px;\n    }\n  }\n<\/style>\n\n<div class=\"cuadro\">\n  <p class=\"do\"><strong>\u00bfTiene usted alguna pregunta?<\/strong><\/p>\n  <p>No dude en llamarnos. Somos un equipo de expertos y estaremos encantados de hablar con usted.<\/p>\n\n  <p><i class=\"fas fa-phone icon\"><\/i> +51 978 730 410<\/p>\n  <p><i class=\"fas fa-phone icon\"><\/i> +51 984 766 667<\/p>\n  <p><i class=\"fas fa-envelope icon\"><\/i> Email: <a href=\"mailto:info@kbtourstravel.com\">info@kbtourstravel.com<\/a><\/p>\n<\/div>\n\t\t\t\t\t\t\t\t<\/div>\n\t\t\t\t<\/div>\n\t\t<div class=\"elementor-element elementor-element-5dedf28 e-con-full e-flex e-con e-child\" data-id=\"5dedf28\" data-element_type=\"container\" data-e-type=\"container\">\n\t\t\t\t<div class=\"elementor-element elementor-element-54b136c elementor-widget elementor-widget-text-editor\" data-id=\"54b136c\" data-element_type=\"widget\" data-e-type=\"widget\" data-widget_type=\"text-editor.default\">\n\t\t\t\t\t\t\t\t\t<div style=\"display: flex; align-items: center; justify-content: center; gap: 20px; background-color: #f4f4f9; padding: 10px; border-radius: 10px; box-shadow: 0 4px 8px rgba(0, 0, 0, 0.1); max-width: 500px; margin: 20px auto;\">\n    <!-- Certificado de Excelencia Widget -->\n    <div id=\"TA_certificateOfExcellence697\" class=\"TA_certificateOfExcellence\" style=\"text-align: center;\">\n        <ul id=\"1cWGTZoJ7Ckr\" class=\"TA_links 3cMAuy7\" style=\"list-style: none; margin: 0;\">\n            <li id=\"PfwehISNw\" class=\"h84uc2edPVe\">\n                <a target=\"_blank\" href=\"https:\/\/www.tripadvisor.com.pe\/Attraction_Review-g294314-d4259913-Reviews-KB_Adventure-Cusco_Cusco_Region.html\" style=\"text-decoration: none;\" rel=\"noopener\">\n                    <img decoding=\"async\" src=\"https:\/\/static.tacdn.com\/img2\/travelers_choice\/widgets\/tchotel_2023_LL.png\" alt=\"TripAdvisor\" class=\"widCOEImg\" id=\"CDSWIDCOELOGO\" style=\"width: 100px; border-radius: 5px;\">\n                <\/a>\n            <\/li>\n        <\/ul>\n    <\/div>\n\n    <!-- Excelente Widget -->\n    <div id=\"TA_excellent47\" class=\"TA_excellent\" style=\"text-align: center;\">\n        <ul id=\"Peo4FC\" class=\"TA_links VosiueIl\" style=\"list-style: none; margin: 0;\">\n            <li id=\"pYk9Ub\" class=\"z0EmNT0waw\">\n                <a target=\"_blank\" href=\"https:\/\/www.tripadvisor.com\/Attraction_Review-g294314-d4259913-Reviews-KB_Adventure-Cusco_Cusco_Region.html\" style=\"text-decoration: none;\" rel=\"noopener\">\n                    <img decoding=\"async\" src=\"https:\/\/static.tacdn.com\/img2\/brand_refresh\/Tripadvisor_lockup_horizontal_secondary_registered.svg\" alt=\"TripAdvisor\" class=\"widEXCIMG\" id=\"CDSWIDEXCLOGO\" style=\"width: 150px; border-radius: 5px;\">\n                <\/a>\n            <\/li>\n        <\/ul>\n    <\/div>\n<\/div>\n\n<script async src=\"https:\/\/www.jscache.com\/wejs?wtype=certificateOfExcellence&amp;uniq=697&amp;locationId=4259913&amp;lang=es_PE&amp;year=2023&amp;display_version=2\" data-loadtrk onload=\"this.loadtrk=true\"><\/script>\n<script async src=\"https:\/\/www.jscache.com\/wejs?wtype=excellent&amp;uniq=47&amp;locationId=4259913&amp;lang=en_US&amp;display_version=2\" data-loadtrk onload=\"this.loadtrk=true\"><\/script>\t\t\t\t\t\t\t\t<\/div>\n\t\t\t\t<\/div>\n\t\t\t\t<\/div>\n\t\t\t\t<\/div>\n\t\t<div class=\"elementor-element elementor-element-f35b165 e-flex e-con-boxed e-con e-parent\" data-id=\"f35b165\" data-element_type=\"container\" data-e-type=\"container\">\n\t\t\t\t\t<div class=\"e-con-inner\">\n\t\t\t\t<div class=\"elementor-element elementor-element-1e91f75 elementor-widget elementor-widget-heading\" data-id=\"1e91f75\" data-element_type=\"widget\" data-e-type=\"widget\" data-widget_type=\"heading.default\">\n\t\t\t\t\t<h2 class=\"elementor-heading-title elementor-size-default\">Pol\u00edtica de Igualdad de G\u00e9nero e Inclusi\u00f3n<\/h2>\t\t\t\t<\/div>\n\t\t\t\t\t<\/div>\n\t\t\t\t<\/div>\n\t\t<div class=\"elementor-element elementor-element-15a6974 e-flex e-con-boxed e-con e-parent\" data-id=\"15a6974\" data-element_type=\"container\" data-e-type=\"container\">\n\t\t\t\t\t<div class=\"e-con-inner\">\n\t\t\t\t<div class=\"elementor-element elementor-element-adaf7f1 elementor-widget elementor-widget-text-editor\" data-id=\"adaf7f1\" data-element_type=\"widget\" data-e-type=\"widget\" data-widget_type=\"text-editor.default\">\n\t\t\t\t\t\t\t\t\t<section class=\"kb-policy\"><style>\n    :root{\n      --kb-accent:#00695c;\n      --kb-accent-2:#00796b;\n      --kb-bg:#ffffff;\n      --kb-muted:#6b7280;\n      --card-radius:14px;\n      --gap:18px;\n      font-family: Inter, system-ui, -apple-system, 'Segoe UI', Roboto, 'Helvetica Neue', Arial;\n    }\n    .kb-policy{max-width:980px;margin:18px auto;padding:22px;background:linear-gradient(180deg, #f9fdfb, #ffffff);border-radius:18px;box-shadow:0 6px 20px rgba(2,6,23,0.06);}\n    .kb-header{display:flex;gap:16px;align-items:center;margin-bottom:8px}\n    .kb-logo{width:76px;height:76px;border-radius:12px;display:flex;align-items:center;justify-content:center;background:var(--kb-accent);color:#fff;font-weight:700;font-size:20px}\n    .kb-title h1{margin:0;font-size:20px;color:var(--kb-accent-2)}\n    .kb-title p{margin:4px 0 0;color:var(--kb-muted);font-size:14px}\n    .kb-intro{margin-top:12px;color:#134e4a}\n    .kb-grid{display:grid;grid-template-columns:repeat(auto-fit,minmax(260px,1fr));gap:var(--gap);margin-top:18px}\n    .kb-card{background:var(--kb-bg);border-radius:var(--card-radius);padding:16px;box-shadow:0 2px 10px rgba(16,24,40,0.04);}\n    .kb-card h3{margin:0 0 10px;color:#043c3a;font-size:16px}\n    .kb-card ul{margin:0;padding-left:18px;color:var(--kb-muted);line-height:1.55}\n    .kb-special{background:linear-gradient(90deg,#e6fffb, #f1fcf9);border:1px solid rgba(0,105,92,0.06)}\n    .kb-actions{display:flex;gap:12px;flex-wrap:wrap;margin-top:18px}\n    .kb-btn{display:inline-flex;align-items:center;gap:8px;padding:10px 14px;border-radius:10px;border:0;cursor:pointer;font-weight:600}\n    .btn-primary{background:var(--kb-accent);color:#fff}\n    .btn-muted{background:#ffffff;border:1px solid #e6eef0;color:var(--kb-accent-2)}\n    .kb-footer{margin-top:18px;color:var(--kb-muted);font-size:13px}\n    @media (max-width:520px){.kb-header{flex-direction:row}.kb-logo{width:56px;height:56px}}\n  <\/style>\n\n<div class=\"kb-header\" role=\"banner\">\n<div class=\"kb-logo\" aria-hidden=\"true\">KB<\/div>\n<div class=\"kb-title\">\n<h1>Pol\u00edtica de Igualdad de G\u00e9nero e Inclusi\u00f3n<\/h1>\nKB Adventures \u2014 Un entorno de trabajo justo, seguro y respetuoso\n<\/div>\n<\/div>\n\n<p class=\"kb-intro\">En <strong>KB Adventures<\/strong>, Promovemos un entorno donde todas las personas tienen las mismas oportunidades, sin distinci\u00f3n de g\u00e9nero, identidad u orientaci\u00f3n sexual, condici\u00f3n f\u00edsica, origen cultural o situaci\u00f3n social. A continuaci\u00f3n encontrar\u00e1 los compromisos y medidas que adoptamos.<\/p>\n\n<div class=\"kb-grid\">\n\n<article class=\"kb-card\" aria-labelledby=\"oportunidades\">\n<h3 id=\"oportunidades\">1. Igualdad de oportunidades<\/h3>\n<ul>\n    <li>Garantizar que los procesos de contrataci\u00f3n, promoci\u00f3n y capacitaci\u00f3n se basen en el m\u00e9rito, la experiencia y el desempe\u00f1o profesional.<\/li>\n    <li>Fomentar la participaci\u00f3n equitativa de mujeres y hombres en todos los niveles y funciones (gu\u00edas, cocineros, porteadores, etc.).<\/li>\n<\/ul>\n<\/article>\n\n<article class=\"kb-card kb-special\" aria-labelledby=\"respeto\">\n<h3 id=\"respeto\">2. Ambiente de respeto y cero discriminaci\u00f3n<\/h3>\n<ul>\n    <li>Prevenir y sancionar cualquier tipo de discriminaci\u00f3n, violencia, acoso laboral o acoso sexual.<\/li>\n    <li>Promover un trato digno y respetuoso dentro de la empresa y hacia los clientes y las comunidades locales.<\/li>\n<\/ul>\n<\/article>\n\n<article class=\"kb-card\" aria-labelledby=\"inclusion\">\n<h3 id=\"inclusion\">3. Inclusi\u00f3n de grupos vulnerables<\/h3>\n<ul>\n    <li>Incluir y apoyar la participaci\u00f3n laboral de personas de comunidades rurales, poblaciones ind\u00edgenas y personas con discapacidad, asegurando condiciones seguras.<\/li>\n    <li>Promover la igualdad de oportunidades para las mujeres de zonas andinas dentro de nuestros servicios tur\u00edsticos.<\/li>\n<\/ul>\n<\/article>\n\n<article class=\"kb-card\" aria-labelledby=\"capacitacion\">\n<h3 id=\"capacitacion\">4. Capacitaci\u00f3n y sensibilizaci\u00f3n<\/h3>\n<ul>\n    <li>Brindar capacitaciones peri\u00f3dicas sobre igualdad de g\u00e9nero, diversidad e inclusi\u00f3n.<\/li>\n    <li>Asegurar que todo el personal conozca sus derechos y los canales para presentar quejas o denuncias.<\/li>\n<\/ul>\n<\/article>\n\n<article class=\"kb-card\" aria-labelledby=\"lenguaje\">\n<h3 id=\"lenguaje\">5. Lenguaje y comunicaci\u00f3n inclusiva<\/h3>\n<ul>\n    <li>Usar un lenguaje respetuoso y libre de estereotipos en toda la comunicaci\u00f3n interna y externa.<\/li>\n<\/ul>\n<\/article>\n\n<\/div>\n<\/section>\n\t\t\t\t\t\t\t\t<\/div>\n\t\t\t\t\t<\/div>\n\t\t\t\t<\/div>\n\t\t<div class=\"elementor-element elementor-element-4301909 e-flex e-con-boxed e-con e-parent\" data-id=\"4301909\" data-element_type=\"container\" data-e-type=\"container\">\n\t\t\t\t\t<div class=\"e-con-inner\">\n\t\t\t\t<div class=\"elementor-element elementor-element-c445e50 elementor-widget elementor-widget-text-editor\" data-id=\"c445e50\" data-element_type=\"widget\" data-e-type=\"widget\" data-widget_type=\"text-editor.default\">\n\t\t\t\t\t\t\t\t\t<section class=\"kb-policy\" style=\"--corporate-blue: #0a5fb4;\" aria-labelledby=\"kb-policy-title\"><style>\n    .kb-policy { font-family: -apple-system, BlinkMacSystemFont, \"Segoe UI\", Roboto, \"Helvetica Neue\", Arial; max-width:900px; margin:0 auto; padding:28px; background:#ffffff; border-radius:10px; box-shadow: 0 6px 18px rgba(10,10,10,0.06); color:#1b1b1b; line-height:1.55; }\n    .kb-policy .header { display:flex; gap:16px; align-items:center; margin-bottom:18px; }\n    .kb-policy .logo-mark { width:56px; height:56px; border-radius:8px; background:linear-gradient(135deg, var(--corporate-blue), #3a8be6); display:flex; align-items:center; justify-content:center; color:white; font-weight:700; font-size:18px; }\n    .kb-policy h2 { margin:0; font-size:20px; color:var(--corporate-blue); }\n    .kb-policy p.lead { margin:8px 0 18px; color:#333; }\n    .kb-policy .commitments { background:#f8fbff; border:1px solid rgba(10,95,180,0.06); padding:16px; border-radius:8px; }\n    .kb-policy ol { margin:0; padding-left:20px; }\n    .kb-policy li { margin:12px 0; }\n    .kb-policy li strong { display:block; color:var(--corporate-blue); font-weight:600; margin-bottom:6px; }\n    .kb-policy .note { margin-top:14px; font-size:13px; color:#555; background:#fff; padding:12px 14px; border-radius:8px; border:1px solid #eef4fb; }\n    @media (max-width:600px) {\n      .kb-policy { padding:18px; }\n      .kb-policy .header { gap:10px; }\n      .kb-policy .logo-mark { width:44px; height:44px; font-size:16px; }\n    }\n<\/style>\n\n<div class=\"header\">\n<div class=\"logo-mark\" aria-hidden=\"true\">KB<\/div>\n<div>\n<h2 id=\"kb-policy-title\">Pol\u00edtica de Inclusi\u00f3n Laboral para Grupos Vulnerables<\/h2>\n<p class=\"lead\">En KB Adventures, estamos comprometidos con el desarrollo social y econ\u00f3mico de las comunidades locales y con la creaci\u00f3n de oportunidades equitativas dentro del sector tur\u00edstico.<\/p>\n<\/div>\n<\/div>\n\n<div class=\"content\">\n\nReconocemos la importancia de brindar acceso a un trabajo digno, especialmente para quienes enfrentan barreras sociales, econ\u00f3micas o culturales. Nuestro compromiso se refleja a trav\u00e9s de las siguientes acciones:\n\n<div class=\"commitments\" role=\"region\" aria-label=\"Inclusion Commitments\">\n<ol>\n    <li><strong>1. Priorizar la contrataci\u00f3n de personas provenientes de comunidades rurales y andinas.<\/strong>\n    Especialmente aquellas involucradas en actividades tradicionales del turismo de trekking, como porteadores, cocineros, arrieros, gu\u00edas asistentes, entre otros.<\/li>\n\n    <li><strong>2. Promover la participaci\u00f3n de las mujeres en roles operativos y administrativos.<\/strong>\n    Fomentando su desarrollo profesional en \u00e1reas donde hist\u00f3ricamente han estado subrepresentadas.<\/li>\n\n    <li><strong>3. Brindar oportunidades de capacitaci\u00f3n y formaci\u00f3n educativa gratuitas o accesibles.<\/strong>\n    Para j\u00f3venes y adultos con recursos limitados, con el objetivo de mejorar su empleabilidad dentro del sector tur\u00edstico.<\/li>\n\n    <li><strong>4. Promover condiciones de trabajo dignas y el comercio justo.<\/strong>\n    Garantizando una compensaci\u00f3n adecuada, un trato respetuoso, un ambiente de trabajo seguro y el respeto de los derechos laborales de todos los miembros del equipo.<\/li>\n\n    <li><strong>5. Fortalecer la identidad cultural y las tradiciones locales.<\/strong>\n    Valorando los conocimientos ancestrales de las poblaciones locales y promoviendo su reconocimiento y respeto entre los visitantes.<\/li>\n<\/ol>\n<\/div>\n\n<p class=\"note\"><strong>Alcance:<\/strong> Esta pol\u00edtica se aplica a todas las operaciones, procesos de contrataci\u00f3n, pr\u00e1cticas de selecci\u00f3n y programas de capacitaci\u00f3n realizados por KB Adventures. Ser\u00e1 revisada anualmente para garantizar su relevancia y mejora continua.<\/p>\n\n<\/div>\n<\/section>\n\t\t\t\t\t\t\t\t<\/div>\n\t\t\t\t\t<\/div>\n\t\t\t\t<\/div>\n\t\t\t\t<\/div>","protected":false},"excerpt":{"rendered":"<p>PROTECTION OF PERSONAL DATA POLICY \u00a0 PROTECTION OF PERSONAL DATA POLICY For KB ADVENTURE S.A.C, the SECURITY OF PRIVACY of all our direct and indirect customers, suppliers, and in general, all those who provide us with their personal data on our website is of vital importance. Therefore, we establish below our privacy and personal data [&hellip;]<\/p>\n","protected":false},"author":1,"featured_media":0,"parent":0,"menu_order":0,"comment_status":"closed","ping_status":"closed","template":"elementor_header_footer","meta":{"_acf_changed":false,"om_disable_all_campaigns":false,"_monsterinsights_skip_tracking":false,"_monsterinsights_sitenote_active":false,"_monsterinsights_sitenote_note":"","_monsterinsights_sitenote_category":0,"footnotes":""},"class_list":["post-15159","page","type-page","status-publish","hentry"],"acf":[],"_links":{"self":[{"href":"https:\/\/kbtourstravel.com\/es\/wp-json\/wp\/v2\/pages\/15159","targetHints":{"allow":["GET"]}}],"collection":[{"href":"https:\/\/kbtourstravel.com\/es\/wp-json\/wp\/v2\/pages"}],"about":[{"href":"https:\/\/kbtourstravel.com\/es\/wp-json\/wp\/v2\/types\/page"}],"author":[{"embeddable":true,"href":"https:\/\/kbtourstravel.com\/es\/wp-json\/wp\/v2\/users\/1"}],"replies":[{"embeddable":true,"href":"https:\/\/kbtourstravel.com\/es\/wp-json\/wp\/v2\/comments?post=15159"}],"version-history":[{"count":12,"href":"https:\/\/kbtourstravel.com\/es\/wp-json\/wp\/v2\/pages\/15159\/revisions"}],"predecessor-version":[{"id":18437,"href":"https:\/\/kbtourstravel.com\/es\/wp-json\/wp\/v2\/pages\/15159\/revisions\/18437"}],"wp:attachment":[{"href":"https:\/\/kbtourstravel.com\/es\/wp-json\/wp\/v2\/media?parent=15159"}],"curies":[{"name":"wp","href":"https:\/\/api.w.org\/{rel}","templated":true}]}}