{"id":14733,"date":"2025-01-18T15:21:14","date_gmt":"2025-01-18T15:21:14","guid":{"rendered":"https:\/\/kbtourstravel.com\/?page_id=14733"},"modified":"2025-01-22T18:01:29","modified_gmt":"2025-01-22T18:01:29","slug":"reforestation-campaign","status":"publish","type":"page","link":"https:\/\/kbtourstravel.com\/es\/campana-de-reforestacion\/","title":{"rendered":"Campa\u00f1a de Reforestaci\u00f3n"},"content":{"rendered":"<div data-elementor-type=\"wp-page\" data-elementor-id=\"14733\" class=\"elementor elementor-14733\" data-elementor-post-type=\"page\">\n\t\t\t\t<div class=\"elementor-element elementor-element-698f13ab e-flex e-con-boxed e-con e-parent\" data-id=\"698f13ab\" data-element_type=\"container\" data-e-type=\"container\" data-settings=\"{&quot;background_background&quot;:&quot;classic&quot;}\">\n\t\t\t\t\t<div class=\"e-con-inner\">\n\t\t<div class=\"elementor-element elementor-element-6ebe197e e-flex e-con-boxed e-con e-child\" data-id=\"6ebe197e\" data-element_type=\"container\" data-e-type=\"container\">\n\t\t\t\t\t<div class=\"e-con-inner\">\n\t\t\t\t<div class=\"elementor-element elementor-element-5dcf6dbc animated-slow elementor-invisible elementor-widget elementor-widget-heading\" data-id=\"5dcf6dbc\" data-element_type=\"widget\" data-e-type=\"widget\" data-settings=\"{&quot;_animation&quot;:&quot;slideInUp&quot;}\" data-widget_type=\"heading.default\">\n\t\t\t\t\t<h2 class=\"elementor-heading-title elementor-size-default\">Campa\u00f1a de Reforestaci\u00f3n<\/h2>\t\t\t\t<\/div>\n\t\t\t\t\t<\/div>\n\t\t\t\t<\/div>\n\t\t\t\t\t<\/div>\n\t\t\t\t<\/div>\n\t\t<div class=\"elementor-element elementor-element-8b89f37 e-flex e-con-boxed e-con e-parent\" data-id=\"8b89f37\" data-element_type=\"container\" data-e-type=\"container\">\n\t\t\t\t\t<div class=\"e-con-inner\">\n\t\t\t\t<div class=\"elementor-element elementor-element-69fd78e elementor-widget elementor-widget-text-editor\" data-id=\"69fd78e\" data-element_type=\"widget\" data-e-type=\"widget\" data-widget_type=\"text-editor.default\">\n\t\t\t\t\t\t\t\t\t<style>\n    body {\n        font-family: 'Arial', sans-serif;\n        margin: 0;\n        padding: 0;\n        color: #333;\n        background: #f4f4f4;\n        text-align: center;\n    }\n    .containe {\n        max-width: 8000px;\n        margin: 50px auto;\n        padding: 20px;\n        background: white;\n        border-radius: 10px;\n        box-shadow: 0 4px 8px rgba(0, 0, 0, 0.2);\n    }\n    h1 {\n        color: #2c3e50;\n    }\n    p {\n        font-size: 1.2em;\n        line-height: 1.6;\n        color: #34495e;\n    }\n<\/style>\n\n<div class=\"containe\">\n    \n    <p>\n        Nuestra empresa est\u00e1 dedicada a restaurar el medio ambiente a trav\u00e9s de nuestra <strong>Campa\u00f1a de Reforestaci\u00f3n<\/strong>Nos enfocamos en plantar \u00e1rboles en \u00e1reas deforestadas y degradadas para combatir el cambio clim\u00e1tico y apoyar la biodiversidad.\n    <\/p>\n    <p>\n        Al asociarnos con comunidades locales y organizaciones ambientales, nuestro objetivo es crear ecosistemas sostenibles y promover un futuro m\u00e1s verde. Nuestras iniciativas incluyen eventos de plantaci\u00f3n de \u00e1rboles, proyectos de restauraci\u00f3n de h\u00e1bitats y programas educativos sobre la conservaci\u00f3n de los bosques.\n    <\/p>\n    <p><strong>\u00a1Juntos, podemos hacer un impacto duradero en nuestro planeta!<\/strong><\/p>\n<\/div>\n\t\t\t\t\t\t\t\t<\/div>\n\t\t\t\t\t<\/div>\n\t\t\t\t<\/div>\n\t\t<div class=\"elementor-element elementor-element-6b734bc e-flex e-con-boxed e-con e-parent\" data-id=\"6b734bc\" data-element_type=\"container\" data-e-type=\"container\">\n\t\t\t\t\t<div class=\"e-con-inner\">\n\t\t\t\t<div class=\"elementor-element elementor-element-7338e12 elementor-widget elementor-widget-text-editor\" data-id=\"7338e12\" data-element_type=\"widget\" data-e-type=\"widget\" data-widget_type=\"text-editor.default\">\n\t\t\t\t\t\t\t\t\t<!DOCTYPE html>\n<html lang=\"en\">\n<head>\n    <meta charset=\"UTF-8\">\n    <meta name=\"viewport\" content=\"width=device-width, initial-scale=1.0\">\n    <title>Campa\u00f1a de Navidad<\/title>\n    <style>\n        body {\n            font-family: 'Arial', sans-serif;\n            margin: 0;\n            padding: 0;\n            color: #333;\n            background: #f4f4f4;\n        }\n        h1 {\n            text-align: center;\n            color: #2e86c1;\n            margin: 40px 0;\n            font-size: 2.5em;\n            letter-spacing: 2px;\n            font-weight: 600;\n        }\n        .photo-grid {\n            display: grid;\n            grid-template-columns: repeat(2, 1fr);\n            gap: 20px;\n            padding: 20px;\n            max-width: 1200px;\n            margin: auto;\n        }\n        .grid-item {\n            position: relative;\n            overflow: hidden;\n            border-radius: 10px;\n            box-shadow: 0 6px 12px rgba(0, 0, 0, 0.1);\n        }\n        .grid-photo {\n            width: 100%;\n            height: auto;\n            display: block;\n            transition: transform 0.3s ease-in-out;\n            cursor: pointer;\n        }\n        .grid-photo:hover {\n            transform: scale(1.05);\n        }\n        .caption-overlay {\n            position: absolute;\n            bottom: 0;\n            left: 0;\n            right: 0;\n            background: rgba(0, 0, 0, 0.7);\n            color: #fff;\n            text-align: center;\n            padding: 12px;\n            font-size: 1.2em;\n            font-weight: bold;\n            transition: background 0.3s ease-in-out;\n        }\n        .caption-overlay:hover {\n            background: rgba(0, 0, 0, 0.9);\n        }\n        .subheading-impact {\n            text-align: center;\n            font-size: 2em;\n            color: #2c3e50;\n            margin: 40px 0;\n            font-style: italic;\n            letter-spacing: 1px;\n        }\n        .description-impact {\n            max-width: 800px;\n            margin: auto;\n            padding: 20px;\n            background: #fff;\n            border-radius: 10px;\n            box-shadow: 0 4px 8px rgba(0, 0, 0, 0.1);\n            font-size: 1.2em;\n            line-height: 1.8;\n            text-align: center;\n            color: #34495e;\n        }\n        .modal {\n            display: none;\n            position: fixed;\n            z-index: 1000;\n            left: 0;\n            top: 0;\n            width: 100%;\n            height: 100%;\n            background-color: rgba(0,0,0,0.8);\n            align-items: center;\n            justify-content: center;\n        }\n        .modal-content {\n            position: relative;\n            width: 80%;\n            max-width: 800px;\n        }\n        .modal-image {\n            width: 100%;\n            border-radius: 10px;\n        }\n        .close {\n            position: absolute;\n            top: 10px;\n            right: 25px;\n            color: #fff;\n            font-size: 30px;\n            font-weight: bold;\n            cursor: pointer;\n        }\n    <\/style>\n<\/head>\n<body>\n    <h1 class=\"title-campaign\">Objetivos de la Campa\u00f1a de Reforestaci\u00f3n<\/h1>\n    <div class=\"photo-grid\">\n        <div class=\"grid-item\">\n            <img decoding=\"async\" class=\"grid-photo\" src=\"https:\/\/kbtourstravel.com\/wp-content\/uploads\/2025\/01\/01.jpg\" alt=\"Gift Distribution\" \/>\n            \n        <\/div>\n        <div class=\"grid-item\">\n            <img decoding=\"async\" class=\"grid-photo\" src=\"https:\/\/kbtourstravel.com\/wp-content\/uploads\/2025\/01\/08.jpg\" alt=\"Sharing the Joy of Christmas\" \/>\n            \n        <\/div>\n        <div class=\"grid-item\">\n            <img decoding=\"async\" class=\"grid-photo\" src=\"https:\/\/kbtourstravel.com\/wp-content\/uploads\/2025\/01\/07.jpg\" alt=\"Support for Local Communities\" \/>\n            \n        <\/div>\n        <div class=\"grid-item\">\n            <img decoding=\"async\" class=\"grid-photo\" src=\"https:\/\/kbtourstravel.com\/wp-content\/uploads\/2025\/01\/09.jpg\" alt=\"Awareness and Volunteering\" \/>\n            \n        <\/div>\n    <\/div>\n    <h3 class=\"subheading-impact\">Impacto de la Campa\u00f1a de Reforestaci\u00f3n\n      <\/h3>\n    <p class=\"description-impact\">Since its launch, the Reforestation Campaign by KB Adventures has significantly contributed to environmental restoration by planting thousands of trees in deforested and degraded areas. This initiative not only aids in combating climate change but also supports biodiversity and creates healthier ecosystems. The company remains dedicated to sustainability and continually seeks ways to expand and improve this campaign, ensuring it brings lasting benefits to the planet and local communities year after year.<\/p>\n    <div id=\"modal\" class=\"modal\">\n        <div class=\"modal-content\">\n            <span id=\"closeModal\" class=\"close\">&times;<\/span>\n            <img decoding=\"async\" id=\"modalImage\" class=\"modal-image\" src=\"\" alt=\"Expanded View\">\n        <\/div>\n    <\/div>\n    <script>\n        document.querySelectorAll('.grid-photo').forEach(photo => {\n            photo.addEventListener('click', (e) => {\n                document.getElementById('modal').style.display = 'flex';\n                document.getElementById('modalImage').src = e.target.src;\n            });\n        });\n        document.getElementById('closeModal').addEventListener('click', () => {\n            document.getElementById('modal').style.display = 'none';\n        });\n        window.addEventListener('click', (e) => {\n            if (e.target === document.getElementById('modal')) {\n                document.getElementById('modal').style.display = 'none';\n            }\n        });\n    <\/script>\n<\/body>\n<\/html>\n\t\t\t\t\t\t\t\t<\/div>\n\t\t\t\t\t<\/div>\n\t\t\t\t<\/div>\n\t\t\t\t<\/div>","protected":false},"excerpt":{"rendered":"<p>Reforestation Campaign Our company is dedicated to restoring the environment through our Reforestation Campaign. We focus on planting trees in deforested and degraded areas to combat climate change and support biodiversity. By partnering with local communities and environmental organizations, we aim to create sustainable ecosystems and promote a greener future. Our initiatives include tree-planting events, [&hellip;]<\/p>\n","protected":false},"author":1,"featured_media":0,"parent":0,"menu_order":0,"comment_status":"closed","ping_status":"closed","template":"elementor_header_footer","meta":{"_acf_changed":false,"om_disable_all_campaigns":false,"_monsterinsights_skip_tracking":false,"_monsterinsights_sitenote_active":false,"_monsterinsights_sitenote_note":"","_monsterinsights_sitenote_category":0,"footnotes":""},"class_list":["post-14733","page","type-page","status-publish","hentry"],"acf":[],"_links":{"self":[{"href":"https:\/\/kbtourstravel.com\/es\/wp-json\/wp\/v2\/pages\/14733","targetHints":{"allow":["GET"]}}],"collection":[{"href":"https:\/\/kbtourstravel.com\/es\/wp-json\/wp\/v2\/pages"}],"about":[{"href":"https:\/\/kbtourstravel.com\/es\/wp-json\/wp\/v2\/types\/page"}],"author":[{"embeddable":true,"href":"https:\/\/kbtourstravel.com\/es\/wp-json\/wp\/v2\/users\/1"}],"replies":[{"embeddable":true,"href":"https:\/\/kbtourstravel.com\/es\/wp-json\/wp\/v2\/comments?post=14733"}],"version-history":[{"count":0,"href":"https:\/\/kbtourstravel.com\/es\/wp-json\/wp\/v2\/pages\/14733\/revisions"}],"wp:attachment":[{"href":"https:\/\/kbtourstravel.com\/es\/wp-json\/wp\/v2\/media?parent=14733"}],"curies":[{"name":"wp","href":"https:\/\/api.w.org\/{rel}","templated":true}]}}