{"id":14724,"date":"2025-01-18T15:16:47","date_gmt":"2025-01-18T15:16:47","guid":{"rendered":"https:\/\/kbtourstravel.com\/?page_id=14724"},"modified":"2025-01-22T14:57:25","modified_gmt":"2025-01-22T14:57:25","slug":"clean-up-campaign","status":"publish","type":"page","link":"https:\/\/kbtourstravel.com\/es\/campana-de-limpieza\/","title":{"rendered":"Campa\u00f1a de Limpieza"},"content":{"rendered":"<div data-elementor-type=\"wp-page\" data-elementor-id=\"14724\" class=\"elementor elementor-14724\" data-elementor-post-type=\"page\">\n\t\t\t\t<div class=\"elementor-element elementor-element-d467d00 e-con-full e-flex e-con e-parent\" data-id=\"d467d00\" data-element_type=\"container\" data-e-type=\"container\" data-settings=\"{&quot;background_background&quot;:&quot;classic&quot;}\">\n\t\t<div class=\"elementor-element elementor-element-2d30914a e-con-full e-flex e-con e-child\" data-id=\"2d30914a\" data-element_type=\"container\" data-e-type=\"container\">\n\t\t\t\t<div class=\"elementor-element elementor-element-11bbe57 animated-slow elementor-invisible elementor-widget elementor-widget-heading\" data-id=\"11bbe57\" data-element_type=\"widget\" data-e-type=\"widget\" data-settings=\"{&quot;_animation&quot;:&quot;slideInUp&quot;}\" data-widget_type=\"heading.default\">\n\t\t\t\t\t<h2 class=\"elementor-heading-title elementor-size-default\">Campa\u00f1a de Limpieza<\/h2>\t\t\t\t<\/div>\n\t\t\t\t<\/div>\n\t\t\t\t<\/div>\n\t\t<div class=\"elementor-element elementor-element-c77028f e-con-full e-flex e-con e-parent\" data-id=\"c77028f\" data-element_type=\"container\" data-e-type=\"container\">\n\t\t\t\t<div class=\"elementor-element elementor-element-c1ce1ad elementor-widget elementor-widget-text-editor\" data-id=\"c1ce1ad\" data-element_type=\"widget\" data-e-type=\"widget\" data-widget_type=\"text-editor.default\">\n\t\t\t\t\t\t\t\t\t<!DOCTYPE html>\n<html lang=\"en\">\n<head>\n    <meta charset=\"UTF-8\">\n    <meta name=\"viewport\" content=\"width=device-width, initial-scale=1.0\">\n    <title>Campa\u00f1a de Limpieza<\/title>\n    <style>\n        body {\n            font-family: 'Arial', sans-serif;\n            margin: 0;\n            padding: 0;\n            color: #333;\n            background: #f4f4f4;\n            text-align: center;\n        }\n        .containe {\n            max-width: 800px;\n            margin: 50px auto;\n            padding: 20px;\n            background: white;\n            border-radius: 10px;\n            box-shadow: 0 4px 8px rgba(0, 0, 0, 0.2);\n        }\n        h1 {\n            color: #2c3e50;\n        }\n        p {\n            font-size: 1.2em;\n            line-height: 1.6;\n            color: #34495e;\n        }\n    <\/style>\n<\/head>\n<body>\n    <div class=\"containe\">\n        \n        <p>Nuestra empresa est\u00e1 comprometida con la conservaci\u00f3n del medio ambiente a trav\u00e9s de nuestra <strong>Campa\u00f1a de Limpieza<\/strong>. We organize community clean-up events to remove waste from public spaces, rivers, and natural areas, promoting sustainability and ecological awareness.<\/p>\n        <p>Al colaborar con organizaciones locales y voluntarios, nuestro objetivo es crear entornos m\u00e1s limpios y saludables para las futuras generaciones. Nuestros esfuerzos incluyen la recolecci\u00f3n de residuos, iniciativas de reciclaje y programas educativos para inspirar pr\u00e1cticas ambientales responsables.<\/p>\n        <p><strong>\u00a1Juntos, podemos hacer un impacto duradero en nuestro planeta!<\/strong><\/p>\n    <\/div>\n<\/body>\n<\/html>\t\t\t\t\t\t\t\t<\/div>\n\t\t\t\t<\/div>\n\t\t<div class=\"elementor-element elementor-element-6ca0faa e-con-full e-flex e-con e-parent\" data-id=\"6ca0faa\" data-element_type=\"container\" data-e-type=\"container\">\n\t\t\t\t<div class=\"elementor-element elementor-element-27850f9 elementor-widget__width-inherit elementor-widget elementor-widget-text-editor\" data-id=\"27850f9\" data-element_type=\"widget\" data-e-type=\"widget\" data-widget_type=\"text-editor.default\">\n\t\t\t\t\t\t\t\t\t<style>\n    body {\n        font-family: 'Arial', sans-serif;\n        margin: 0;\n        padding: 0;\n        color: #333;\n        background: #f4f4f4;\n    }\n    h1 {\n        text-align: center;\n        color: #2e86c1;\n        margin: 40px 0;\n        font-size: 2.5em;\n        letter-spacing: 2px;\n        font-weight: 600;\n    }\n    .photo-grid {\n        display: grid;\n        grid-template-columns: repeat(2, 1fr);\n        gap: 20px;\n        padding: 20px;\n        max-width: 1200px;\n        margin: auto;\n    }\n    .grid-item {\n        position: relative;\n        overflow: hidden;\n        border-radius: 10px;\n        box-shadow: 0 6px 12px rgba(0, 0, 0, 0.1);\n    }\n    .grid-photo {\n        width: 100%;\n        height: auto;\n        display: block;\n        transition: transform 0.3s ease-in-out;\n        cursor: pointer;\n    }\n    .grid-photo:hover {\n        transform: scale(1.05);\n    }\n    .caption-overlay {\n        position: absolute;\n        bottom: 0;\n        left: 0;\n        right: 0;\n        background: rgba(0, 0, 0, 0.7);\n        color: #fff;\n        text-align: center;\n        padding: 12px;\n        font-size: 1.2em;\n        font-weight: bold;\n        transition: background 0.3s ease-in-out;\n    }\n    .caption-overlay:hover {\n        background: rgba(0, 0, 0, 0.9);\n    }\n    .subheading-impact {\n        text-align: center;\n        font-size: 2em;\n        color: #2c3e50;\n        margin: 40px 0;\n        font-style: italic;\n        letter-spacing: 1px;\n    }\n    .description-impact {\n        max-width: 800px;\n        margin: auto;\n        padding: 20px;\n        background: #fff;\n        border-radius: 10px;\n        box-shadow: 0 4px 8px rgba(0, 0, 0, 0.1);\n        font-size: 1.2em;\n        line-height: 1.8;\n        text-align: center;\n        color: #34495e;\n    }\n    .modal {\n        display: none;\n        position: fixed;\n        z-index: 1000;\n        left: 0;\n        top: 0;\n        width: 100%;\n        height: 100%;\n        background-color: rgba(0,0,0,0.8);\n        align-items: center;\n        justify-content: center;\n    }\n    .modal-content {\n        position: relative;\n        width: 80%;\n        max-width: 800px;\n    }\n    .modal-image {\n        width: 100%;\n        border-radius: 10px;\n    }\n    .close {\n        position: absolute;\n        top: 10px;\n        right: 25px;\n        color: #fff;\n        font-size: 30px;\n        font-weight: bold;\n        cursor: pointer;\n    }\n<\/style>\n\n<h1 class=\"title-campaign\">Objetivos de la Campa\u00f1a de Limpieza<\/h1>\n\n<div class=\"photo-grid\">\n    <div class=\"grid-item\">\n        <img decoding=\"async\" class=\"grid-photo\" src=\"https:\/\/kbtourstravel.com\/wp-content\/uploads\/2025\/01\/06.jpg\" alt=\"Gift Distribution\"\/>\n        \n    <\/div>\n    <div class=\"grid-item\">\n        <img decoding=\"async\" class=\"grid-photo\" src=\"https:\/\/kbtourstravel.com\/wp-content\/uploads\/2025\/01\/05.jpg\" alt=\"Sharing the Joy of Christmas\"\/>\n    \n    <\/div>\n    <div class=\"grid-item\">\n        <img decoding=\"async\" class=\"grid-photo\" src=\"https:\/\/kbtourstravel.com\/wp-content\/uploads\/2025\/01\/04.jpg\" alt=\"Support for Local Communities\" \/>\n        \n    <\/div>\n    <div class=\"grid-item\">\n        <img decoding=\"async\" class=\"grid-photo\" src=\"https:\/\/kbtourstravel.com\/wp-content\/uploads\/2025\/01\/02.jpg\" alt=\"Awareness and Volunteering\" \/>\n        \n    <\/div>\n<\/div>\n\n<h3 class=\"subheading-impact\">Campa\u00f1a de Limpieza<\/h3>\n<p class=\"description-impact\">Desde su inicio, la Campa\u00f1a de Limpieza de KB Adventures ha tenido un impacto positivo en numerosas comunidades, fomentando un sentido de orgullo y bienestar al crear entornos m\u00e1s limpios y saludables. La empresa se enorgullece de su compromiso con el bienestar comunitario y busca continuamente formas de expandir y mejorar esta iniciativa a\u00f1o tras a\u00f1o, asegurando que sus beneficios lleguen a m\u00e1s personas y tengan un efecto duradero.<\/p>\n  \n<div id=\"modal\" class=\"modal\">\n    <div class=\"modal-content\">\n        <span id=\"closeModal\" class=\"close\">&times;<\/span>\n        <img decoding=\"async\" id=\"modalImage\" class=\"modal-image\" src=\"\" alt=\"Expanded View\">\n    <\/div>\n<\/div>\n\n<script>\n    const modal = document.getElementById('modal');\n    const modalImage = document.getElementById('modalImage');\n    const closeModal = document.getElementById('closeModal');\n    \n    document.querySelectorAll('.grid-photo').forEach(photo => {\n        photo.addEventListener('click', (e) => {\n            modal.style.display = 'flex';\n            modalImage.src = e.target.src;\n        });\n    });\n    \n    closeModal.addEventListener('click', () => {\n        modal.style.display = 'none';\n    });\n    \n    window.addEventListener('click', (e) => {\n        if (e.target === modal) {\n            modal.style.display = 'none';\n        }\n    });\n<\/script>\n\t\t\t\t\t\t\t\t<\/div>\n\t\t\t\t<\/div>\n\t\t\t\t<\/div>","protected":false},"excerpt":{"rendered":"<p>Clean Up Campaign Clean-Up Campaign Our company is committed to environmental conservation through our Clean-Up Campaign. We organize community clean-up events to remove waste from public spaces, rivers, and natural areas, promoting sustainability and ecological awareness. By collaborating with local organizations and volunteers, we aim to create cleaner and healthier environments for future generations. Our [&hellip;]<\/p>\n","protected":false},"author":1,"featured_media":0,"parent":0,"menu_order":0,"comment_status":"closed","ping_status":"closed","template":"elementor_header_footer","meta":{"_acf_changed":false,"om_disable_all_campaigns":false,"_monsterinsights_skip_tracking":false,"_monsterinsights_sitenote_active":false,"_monsterinsights_sitenote_note":"","_monsterinsights_sitenote_category":0,"footnotes":""},"class_list":["post-14724","page","type-page","status-publish","hentry"],"acf":[],"_links":{"self":[{"href":"https:\/\/kbtourstravel.com\/es\/wp-json\/wp\/v2\/pages\/14724","targetHints":{"allow":["GET"]}}],"collection":[{"href":"https:\/\/kbtourstravel.com\/es\/wp-json\/wp\/v2\/pages"}],"about":[{"href":"https:\/\/kbtourstravel.com\/es\/wp-json\/wp\/v2\/types\/page"}],"author":[{"embeddable":true,"href":"https:\/\/kbtourstravel.com\/es\/wp-json\/wp\/v2\/users\/1"}],"replies":[{"embeddable":true,"href":"https:\/\/kbtourstravel.com\/es\/wp-json\/wp\/v2\/comments?post=14724"}],"version-history":[{"count":0,"href":"https:\/\/kbtourstravel.com\/es\/wp-json\/wp\/v2\/pages\/14724\/revisions"}],"wp:attachment":[{"href":"https:\/\/kbtourstravel.com\/es\/wp-json\/wp\/v2\/media?parent=14724"}],"curies":[{"name":"wp","href":"https:\/\/api.w.org\/{rel}","templated":true}]}}