{"id":14708,"date":"2025-01-18T15:04:56","date_gmt":"2025-01-18T15:04:56","guid":{"rendered":"https:\/\/kbtourstravel.com\/?page_id=14708"},"modified":"2025-05-12T15:29:11","modified_gmt":"2025-05-12T15:29:11","slug":"social-responsibility-campaigns","status":"publish","type":"page","link":"https:\/\/kbtourstravel.com\/es\/campanas-de-responsabilidad-social\/","title":{"rendered":"Campa\u00f1a de Responsabilidad Social"},"content":{"rendered":"<div data-elementor-type=\"wp-page\" data-elementor-id=\"14708\" class=\"elementor elementor-14708\" data-elementor-post-type=\"page\">\n\t\t\t\t<div class=\"elementor-element elementor-element-53adf60 e-flex e-con-boxed e-con e-parent\" data-id=\"53adf60\" data-element_type=\"container\" data-e-type=\"container\" data-settings=\"{&quot;background_background&quot;:&quot;classic&quot;}\">\n\t\t\t\t\t<div class=\"e-con-inner\">\n\t\t<div class=\"elementor-element elementor-element-34715f6e e-flex e-con-boxed e-con e-child\" data-id=\"34715f6e\" data-element_type=\"container\" data-e-type=\"container\">\n\t\t\t\t\t<div class=\"e-con-inner\">\n\t\t\t\t<div class=\"elementor-element elementor-element-f8d2e30 animated-slow elementor-invisible elementor-widget elementor-widget-heading\" data-id=\"f8d2e30\" data-element_type=\"widget\" data-e-type=\"widget\" data-settings=\"{&quot;_animation&quot;:&quot;slideInUp&quot;}\" data-widget_type=\"heading.default\">\n\t\t\t\t\t<h2 class=\"elementor-heading-title elementor-size-default\">Campa\u00f1a de Responsabilidad Social<\/h2>\t\t\t\t<\/div>\n\t\t\t\t\t<\/div>\n\t\t\t\t<\/div>\n\t\t\t\t\t<\/div>\n\t\t\t\t<\/div>\n\t\t<div class=\"elementor-element elementor-element-32315dc e-flex e-con-boxed e-con e-parent\" data-id=\"32315dc\" data-element_type=\"container\" data-e-type=\"container\">\n\t\t\t\t\t<div class=\"e-con-inner\">\n\t\t\t\t<div class=\"elementor-element elementor-element-5366f02 elementor-widget elementor-widget-text-editor\" data-id=\"5366f02\" data-element_type=\"widget\" data-e-type=\"widget\" data-widget_type=\"text-editor.default\">\n\t\t\t\t\t\t\t\t\t<style>\n    .containe {\n        max-width: 8000px;\n        margin: auto;\n        background: white;\n        padding: 20px;\n        border-radius: 10px;\n        box-shadow: 0 0 10px rgba(0, 0, 0, 0.1);\n    }\n    h1 {\n        text-align: center;\n        color: #2E8B57;\n    }\n    p {\n        font-size: 18px;\n        line-height: 1.6;\n        color: #333;\n    }\n    .highlight {\n        color: #2E8B57;\n        font-weight: bold;\n    }\n    .footer {\n        text-align: center;\n        margin-top: 20px;\n        font-size: 14px;\n        color: #555;\n    }\n<\/style>\n<div class=\"containe\">\n    <h1>Campa\u00f1a de Responsabilidad Social<\/h1>\n    <p>\n        Nuestra empresa est\u00e1 comprometida en hacer un <span class=\"highlight\">impacto positivo<\/span> en la sociedad a trav\u00e9s de nuestra Campa\u00f1a de Responsabilidad Social. Nos enfocamos en <span class=\"highlight\">iniciativas sostenibles<\/span> que promuevan <span class=\"highlight\">conservaci\u00f3n ambiental<\/span>, el desarrollo comunitario y la educaci\u00f3n.\n    <\/p>\n    <p>\n        By collaborating with <span class=\"highlight\">local organizations and volunteers<\/span>, we strive to create meaningful change and improve the quality of life for those in need.\n    <\/p>\n    <p>Nuestros esfuerzos incluyen:<\/p>\n    <ul>\n        <li>\ud83c\udf31 <span class=\"highlight\">Reforestation projects<\/span><\/li>\n        <li>\ud83e\udd1d <span class=\"highlight\">Programas de inclusi\u00f3n social<\/span><\/li>\n        <li>\ud83d\udcda <span class=\"highlight\">Talleres educativos<\/span> dirigidos a empoderar a las comunidades<\/li>\n    <\/ul>\n    <p>\n        A trav\u00e9s de pr\u00e1cticas empresariales responsables y \u00e9ticas, trabajamos hacia un <span class=\"highlight\">futuro mejor y m\u00e1s sostenible<\/span> para todos. \ud83c\udf1f\n    <\/p>\n    <div class=\"footer\">\n        \ud83d\udc9a Together, we make a difference! \ud83d\udc9a\n    <\/div>\n<\/div>\n\t\t\t\t\t\t\t\t<\/div>\n\t\t\t\t\t<\/div>\n\t\t\t\t<\/div>\n\t\t<div class=\"elementor-element elementor-element-ec3d4f5 e-flex e-con-boxed e-con e-parent\" data-id=\"ec3d4f5\" data-element_type=\"container\" data-e-type=\"container\">\n\t\t\t\t\t<div class=\"e-con-inner\">\n\t\t\t\t\t<\/div>\n\t\t\t\t<\/div>\n\t\t<div class=\"elementor-element elementor-element-1476aca e-flex e-con-boxed e-con e-parent\" data-id=\"1476aca\" data-element_type=\"container\" data-e-type=\"container\">\n\t\t\t\t\t<div class=\"e-con-inner\">\n\t\t\t\t<div class=\"elementor-element elementor-element-0f4d3bb elementor-widget elementor-widget-text-editor\" data-id=\"0f4d3bb\" data-element_type=\"widget\" data-e-type=\"widget\" data-widget_type=\"text-editor.default\">\n\t\t\t\t\t\t\t\t\t<!DOCTYPE html>\n<html lang=\"en\">\n<head>\n    <meta charset=\"UTF-8\">\n    <meta name=\"viewport\" content=\"width=device-width, initial-scale=1.0\">\n    <title>Campa\u00f1a de Navidad<\/title>\n    <style>\n        body {\n            font-family: 'Arial', sans-serif;\n            margin: 0;\n            padding: 0;\n            color: #333;\n            background: #f4f4f4;\n        }\n        h1 {\n            text-align: center;\n            color: #2e86c1;\n            margin: 40px 0;\n            font-size: 2.5em;\n            letter-spacing: 2px;\n            font-weight: 600;\n        }\n        .photo-grid {\n            display: grid;\n            grid-template-columns: repeat(2, 1fr);\n            gap: 20px;\n            padding: 20px;\n            max-width: 1200px;\n            margin: auto;\n        }\n        .grid-item {\n            position: relative;\n            overflow: hidden;\n            border-radius: 10px;\n            box-shadow: 0 6px 12px rgba(0, 0, 0, 0.1);\n        }\n        .grid-photo {\n            width: 100%;\n            height: auto;\n            display: block;\n            transition: transform 0.3s ease-in-out;\n            cursor: pointer;\n        }\n        .grid-photo:hover {\n            transform: scale(1.05);\n        }\n        .caption-overlay {\n            position: absolute;\n            bottom: 0;\n            left: 0;\n            right: 0;\n            background: rgba(0, 0, 0, 0.7);\n            color: #fff;\n            text-align: center;\n            padding: 12px;\n            font-size: 1.2em;\n            font-weight: bold;\n            transition: background 0.3s ease-in-out;\n        }\n        .caption-overlay:hover {\n            background: rgba(0, 0, 0, 0.9);\n        }\n        .subheading-impact {\n            text-align: center;\n            font-size: 2em;\n            color: #2c3e50;\n            margin: 40px 0;\n            font-style: italic;\n            letter-spacing: 1px;\n        }\n        .description-impact {\n            max-width: 800px;\n            margin: auto;\n            padding: 20px;\n            background: #fff;\n            border-radius: 10px;\n            box-shadow: 0 4px 8px rgba(0, 0, 0, 0.1);\n            font-size: 1.2em;\n            line-height: 1.8;\n            text-align: center;\n            color: #34495e;\n        }\n        .modal {\n            display: none;\n            position: fixed;\n            z-index: 1000;\n            left: 0;\n            top: 0;\n            width: 100%;\n            height: 100%;\n            background-color: rgba(0,0,0,0.8);\n            align-items: center;\n            justify-content: center;\n        }\n        .modal-content {\n            position: relative;\n            width: 80%;\n            max-width: 800px;\n        }\n        .modal-image {\n            width: 100%;\n            border-radius: 10px;\n        }\n        .close {\n            position: absolute;\n            top: 10px;\n            right: 25px;\n            color: #fff;\n            font-size: 30px;\n            font-weight: bold;\n            cursor: pointer;\n        }\n    <\/style>\n<\/head>\n<body>\n    <h1 class=\"title-campaign\">Objetivos de la Campa\u00f1a de Responsabilidad Social<\/h1>\n    <div class=\"photo-grid\">\n        <div class=\"grid-item\">\n            <img decoding=\"async\" class=\"grid-photo\" src=\"https:\/\/kbtourstravel.com\/wp-content\/uploads\/2025\/01\/01.jpg\" alt=\"Gift Distribution\">\n            \n        <\/div>\n        <div class=\"grid-item\">\n            <img decoding=\"async\" class=\"grid-photo\" src=\"https:\/\/kbtourstravel.com\/wp-content\/uploads\/2025\/01\/04.jpg\" alt=\"Sharing the Joy of Christmas\">\n            \n        <\/div>\n        <div class=\"grid-item\">\n            <img decoding=\"async\" class=\"grid-photo\" src=\"https:\/\/kbtourstravel.com\/wp-content\/uploads\/2025\/01\/07.jpg\" alt=\"Support for Local Communities\">\n            \n        <\/div>\n        <div class=\"grid-item\">\n            <img decoding=\"async\" class=\"grid-photo\" src=\"https:\/\/kbtourstravel.com\/wp-content\/uploads\/2025\/01\/02.jpg\" alt=\"Awareness and Volunteering\">\n            \n        <\/div>\n    <\/div>\n    <h3 class=\"subheading-impact\">Impacto de la Campa\u00f1a de Responsabilidad Social<\/h3>\n    <p class=\"description-impact\">Desde su inicio, la Campa\u00f1a de Responsabilidad Social de KB Adventures ha impactado positivamente a cientos de familias, ofreciendo recursos materiales as\u00ed como esperanza y alegr\u00eda durante un momento significativo del a\u00f1o. La empresa est\u00e1 profundamente comprometida con la comunidad y se esfuerza por expandir y mejorar esta campa\u00f1a a\u00f1o tras a\u00f1o, asegurando que siga marcando una diferencia significativa en las vidas de los que m\u00e1s lo necesitan.<\/p>\n    \n    <div class=\"modal\" id=\"modal\">\n        <div class=\"modal-content\">\n            <span class=\"close\" id=\"closeModal\">&times;<\/span>\n            <img decoding=\"async\" class=\"modal-image\" id=\"modalImage\" src=\"\" alt=\"Expanded View\">\n        <\/div>\n    <\/div>\n    \n    <script>\n        const modal = document.getElementById('modal');\n        const modalImage = document.getElementById('modalImage');\n        const closeModal = document.getElementById('closeModal');\n\n        document.querySelectorAll('.grid-photo').forEach(photo => {\n            photo.addEventListener('click', (e) => {\n                modal.style.display = 'flex';\n                modalImage.src = e.target.src;\n            });\n        });\n\n        closeModal.addEventListener('click', () => {\n            modal.style.display = 'none';\n        });\n\n        window.addEventListener('click', (e) => {\n            if (e.target === modal) {\n                modal.style.display = 'none';\n            }\n        });\n    <\/script>\n<\/body>\n<\/html>\n\t\t\t\t\t\t\t\t<\/div>\n\t\t\t\t\t<\/div>\n\t\t\t\t<\/div>\n\t\t\t\t<\/div>","protected":false},"excerpt":{"rendered":"<p>Social Responsibility Campaign Social Responsibility Campaign Our company is committed to making a positive impact on society through our Social Responsibility Campaign. We focus on sustainable initiatives that promote environmental conservation, community development, and education. By collaborating with local organizations and volunteers, we strive to create meaningful change and improve the quality of life for [&hellip;]<\/p>\n","protected":false},"author":1,"featured_media":0,"parent":0,"menu_order":0,"comment_status":"closed","ping_status":"closed","template":"elementor_header_footer","meta":{"_acf_changed":false,"om_disable_all_campaigns":false,"_monsterinsights_skip_tracking":false,"_monsterinsights_sitenote_active":false,"_monsterinsights_sitenote_note":"","_monsterinsights_sitenote_category":0,"footnotes":""},"class_list":["post-14708","page","type-page","status-publish","hentry"],"acf":[],"_links":{"self":[{"href":"https:\/\/kbtourstravel.com\/es\/wp-json\/wp\/v2\/pages\/14708","targetHints":{"allow":["GET"]}}],"collection":[{"href":"https:\/\/kbtourstravel.com\/es\/wp-json\/wp\/v2\/pages"}],"about":[{"href":"https:\/\/kbtourstravel.com\/es\/wp-json\/wp\/v2\/types\/page"}],"author":[{"embeddable":true,"href":"https:\/\/kbtourstravel.com\/es\/wp-json\/wp\/v2\/users\/1"}],"replies":[{"embeddable":true,"href":"https:\/\/kbtourstravel.com\/es\/wp-json\/wp\/v2\/comments?post=14708"}],"version-history":[{"count":0,"href":"https:\/\/kbtourstravel.com\/es\/wp-json\/wp\/v2\/pages\/14708\/revisions"}],"wp:attachment":[{"href":"https:\/\/kbtourstravel.com\/es\/wp-json\/wp\/v2\/media?parent=14708"}],"curies":[{"name":"wp","href":"https:\/\/api.w.org\/{rel}","templated":true}]}}