{"id":13762,"date":"2024-08-14T17:43:33","date_gmt":"2024-08-14T17:43:33","guid":{"rendered":"https:\/\/kbtourstravel.com\/?page_id=13762"},"modified":"2026-01-19T16:00:16","modified_gmt":"2026-01-19T16:00:16","slug":"our-social-projects","status":"publish","type":"page","link":"https:\/\/kbtourstravel.com\/es\/nuestros-proyectos-sociales\/","title":{"rendered":"NUESTROS PROYECTOS SOCIALES"},"content":{"rendered":"<div data-elementor-type=\"wp-page\" data-elementor-id=\"13762\" class=\"elementor elementor-13762\" data-elementor-post-type=\"page\">\n\t\t\t\t<div class=\"elementor-element elementor-element-1c5b0ae e-con-full e-flex e-con e-parent\" data-id=\"1c5b0ae\" data-element_type=\"container\" data-e-type=\"container\">\n\t\t\t\t<div class=\"elementor-element elementor-element-e23c973 elementor-widget elementor-widget-heading\" data-id=\"e23c973\" data-element_type=\"widget\" data-e-type=\"widget\" data-widget_type=\"heading.default\">\n\t\t\t\t\t<h2 class=\"elementor-heading-title elementor-size-default\">NUESTROS PROYECTOS SOCIALES<\/h2>\t\t\t\t<\/div>\n\t\t\t\t<\/div>\n\t\t<div class=\"elementor-element elementor-element-4f7a757 e-con-full e-flex e-con e-parent\" data-id=\"4f7a757\" data-element_type=\"container\" data-e-type=\"container\">\n\t\t\t\t<div class=\"elementor-element elementor-element-e451e25 elementor-icon-list--layout-inline elementor-list-item-link-full_width elementor-widget elementor-widget-icon-list\" data-id=\"e451e25\" data-element_type=\"widget\" data-e-type=\"widget\" data-widget_type=\"icon-list.default\">\n\t\t\t\t\t\t\t<ul class=\"elementor-icon-list-items elementor-inline-items\">\n\t\t\t\t\t\t\t<li class=\"elementor-icon-list-item elementor-inline-item\">\n\t\t\t\t\t\t\t\t\t\t\t<a href=\"https:\/\/kbtourstravel.com\/es\/\">\n\n\t\t\t\t\t\t\t\t\t\t\t\t<span class=\"elementor-icon-list-icon\">\n\t\t\t\t\t\t\t<svg aria-hidden=\"true\" class=\"e-font-icon-svg e-fas-chevron-right\" viewbox=\"0 0 320 512\" xmlns=\"http:\/\/www.w3.org\/2000\/svg\"><path d=\"M285.476 272.971L91.132 467.314c-9.373 9.373-24.569 9.373-33.941 0l-22.667-22.667c-9.357-9.357-9.375-24.522-.04-33.901L188.505 256 34.484 101.255c-9.335-9.379-9.317-24.544.04-33.901l22.667-22.667c9.373-9.373 24.569-9.373 33.941 0L285.475 239.03c9.373 9.372 9.373 24.568.001 33.941z\"><\/path><\/svg>\t\t\t\t\t\t<\/span>\n\t\t\t\t\t\t\t\t\t\t<span class=\"elementor-icon-list-text\">Home<\/span>\n\t\t\t\t\t\t\t\t\t\t\t<\/a>\n\t\t\t\t\t\t\t\t\t<\/li>\n\t\t\t\t\t\t\t\t<li class=\"elementor-icon-list-item elementor-inline-item\">\n\t\t\t\t\t\t\t\t\t\t\t<span class=\"elementor-icon-list-icon\">\n\t\t\t\t\t\t\t<svg aria-hidden=\"true\" class=\"e-font-icon-svg e-fas-chevron-right\" viewbox=\"0 0 320 512\" xmlns=\"http:\/\/www.w3.org\/2000\/svg\"><path d=\"M285.476 272.971L91.132 467.314c-9.373 9.373-24.569 9.373-33.941 0l-22.667-22.667c-9.357-9.357-9.375-24.522-.04-33.901L188.505 256 34.484 101.255c-9.335-9.379-9.317-24.544.04-33.901l22.667-22.667c9.373-9.373 24.569-9.373 33.941 0L285.475 239.03c9.373 9.372 9.373 24.568.001 33.941z\"><\/path><\/svg>\t\t\t\t\t\t<\/span>\n\t\t\t\t\t\t\t\t\t\t<span class=\"elementor-icon-list-text\">NUESTROS PROYECTOS SOCIALES<\/span>\n\t\t\t\t\t\t\t\t\t<\/li>\n\t\t\t\t\t\t<\/ul>\n\t\t\t\t\t\t<\/div>\n\t\t\t\t<\/div>\n\t\t<div class=\"elementor-element elementor-element-5e482bb e-flex e-con-boxed e-con e-parent\" data-id=\"5e482bb\" data-element_type=\"container\" data-e-type=\"container\">\n\t\t\t\t\t<div class=\"e-con-inner\">\n\t\t\t\t<div class=\"elementor-element elementor-element-081ee84 elementor-widget elementor-widget-heading\" data-id=\"081ee84\" data-element_type=\"widget\" data-e-type=\"widget\" data-widget_type=\"heading.default\">\n\t\t\t\t\t<h2 class=\"elementor-heading-title elementor-size-default\">Compromiso con la Comunidad<\/h2>\t\t\t\t<\/div>\n\t\t\t\t<div class=\"elementor-element elementor-element-792d451 elementor-widget elementor-widget-text-editor\" data-id=\"792d451\" data-element_type=\"widget\" data-e-type=\"widget\" data-widget_type=\"text-editor.default\">\n\t\t\t\t\t\t\t\t\t<p style=\"text-align: center;\">En KB Adventures, estamos comprometidos con generar un impacto positivo en las comunidades locales. A trav\u00e9s de nuestros proyectos sociales, buscamos apoyar el desarrollo sostenible, la conservaci\u00f3n del medio ambiente y el bienestar de las personas en las \u00e1reas que visitamos.<\/p>\t\t\t\t\t\t\t\t<\/div>\n\t\t\t\t\t<\/div>\n\t\t\t\t<\/div>\n\t\t<div class=\"elementor-element elementor-element-b30c3f2 e-flex e-con-boxed e-con e-parent\" data-id=\"b30c3f2\" data-element_type=\"container\" data-e-type=\"container\">\n\t\t\t\t\t<div class=\"e-con-inner\">\n\t\t<div class=\"elementor-element elementor-element-4a57ebd e-con-full e-flex e-con e-child\" data-id=\"4a57ebd\" data-element_type=\"container\" data-e-type=\"container\" data-settings=\"{&quot;background_background&quot;:&quot;classic&quot;}\">\n\t\t\t\t<div class=\"elementor-element elementor-element-08121e6 elementor-widget elementor-widget-heading\" data-id=\"08121e6\" data-element_type=\"widget\" data-e-type=\"widget\" data-widget_type=\"heading.default\">\n\t\t\t\t\t<h2 class=\"elementor-heading-title elementor-size-default\"><a href=\"https:\/\/kbtourstravel.com\/es\/post-support\/\">Apoyo al puesto de salud<\/a><\/h2>\t\t\t\t<\/div>\n\t\t\t\t<div class=\"elementor-element elementor-element-5201d5a elementor-widget elementor-widget-text-editor\" data-id=\"5201d5a\" data-element_type=\"widget\" data-e-type=\"widget\" data-widget_type=\"text-editor.default\">\n\t\t\t\t\t\t\t\t\t<p style=\"text-align: center;\"><span style=\"color: #ffffff;\"><em>Comunidad Huallpamayta<\/em><\/span><\/p><p style=\"text-align: center;\"><span style=\"color: #ffffff;\"><em>12 de septiembre del 2025- Cusco, Peru<\/em><\/span><\/p>\t\t\t\t\t\t\t\t<\/div>\n\t\t\t\t<\/div>\n\t\t<div class=\"elementor-element elementor-element-fabbb40 e-con-full e-flex e-con e-child\" data-id=\"fabbb40\" data-element_type=\"container\" data-e-type=\"container\">\n\t\t\t\t<div class=\"elementor-element elementor-element-2308773 elementor-widget elementor-widget-heading\" data-id=\"2308773\" data-element_type=\"widget\" data-e-type=\"widget\" data-widget_type=\"heading.default\">\n\t\t\t\t\t<h2 class=\"elementor-heading-title elementor-size-default\"><a href=\"https:\/\/kbtourstravel.com\/es\/alimentando-a-nuestros-amigos-caninos\/\">Alimentando a Nuestros Amigos Caninos<\/a><\/h2>\t\t\t\t<\/div>\n\t\t\t\t<div class=\"elementor-element elementor-element-a362867 elementor-widget elementor-widget-text-editor\" data-id=\"a362867\" data-element_type=\"widget\" data-e-type=\"widget\" data-widget_type=\"text-editor.default\">\n\t\t\t\t\t\t\t\t\t<p style=\"text-align: center;\"><span style=\"color: #ffffff;\">Callegeritos en San Jer\u00f3nimo \u2013 Cusco, Per\u00fa.<\/span><\/p>\t\t\t\t\t\t\t\t<\/div>\n\t\t\t\t<\/div>\n\t\t<div class=\"elementor-element elementor-element-e6e4aff e-con-full e-flex e-con e-child\" data-id=\"e6e4aff\" data-element_type=\"container\" data-e-type=\"container\">\n\t\t\t\t<div class=\"elementor-element elementor-element-7477e22 elementor-widget elementor-widget-heading\" data-id=\"7477e22\" data-element_type=\"widget\" data-e-type=\"widget\" data-widget_type=\"heading.default\">\n\t\t\t\t\t<h2 class=\"elementor-heading-title elementor-size-default\"><a href=\"https:\/\/kbtourstravel.com\/es\/christmas-campaign\/\">Campa\u00f1a de Navidad<\/a><\/h2>\t\t\t\t<\/div>\n\t\t\t\t<div class=\"elementor-element elementor-element-2e2183a elementor-widget elementor-widget-text-editor\" data-id=\"2e2183a\" data-element_type=\"widget\" data-e-type=\"widget\" data-widget_type=\"text-editor.default\">\n\t\t\t\t\t\t\t\t\t<p style=\"text-align: center;\"><em><span style=\"color: #ffffff;\">Comunidad de Palcca, distrito de Ocongate \u2013 Cusco, Per\u00fa 2024.<\/span><\/em><\/p>\t\t\t\t\t\t\t\t<\/div>\n\t\t\t\t<\/div>\n\t\t\t\t\t<\/div>\n\t\t\t\t<\/div>\n\t\t<div class=\"elementor-element elementor-element-7958a6e e-flex e-con-boxed e-con e-parent\" data-id=\"7958a6e\" data-element_type=\"container\" data-e-type=\"container\">\n\t\t\t\t\t<div class=\"e-con-inner\">\n\t\t<div class=\"elementor-element elementor-element-fb7fc9b e-con-full e-flex e-con e-child\" data-id=\"fb7fc9b\" data-element_type=\"container\" data-e-type=\"container\">\n\t\t\t\t<div class=\"elementor-element elementor-element-c4eafc8 elementor-widget elementor-widget-heading\" data-id=\"c4eafc8\" data-element_type=\"widget\" data-e-type=\"widget\" data-widget_type=\"heading.default\">\n\t\t\t\t\t<h2 class=\"elementor-heading-title elementor-size-default\"><a href=\"https:\/\/kbtourstravel.com\/es\/campana-de-limpieza\/\">Campa\u00f1a de Limpieza<\/a><\/h2>\t\t\t\t<\/div>\n\t\t\t\t<div class=\"elementor-element elementor-element-48f21ce elementor-widget elementor-widget-text-editor\" data-id=\"48f21ce\" data-element_type=\"widget\" data-e-type=\"widget\" data-widget_type=\"text-editor.default\">\n\t\t\t\t\t\t\t\t\t<p style=\"text-align: center;\"><span style=\"color: #ffffff;\">Organizamos eventos de limpieza comunitaria para promover la conciencia ambiental y mantener la belleza natural de nuestro entorno.<\/span><\/p>\t\t\t\t\t\t\t\t<\/div>\n\t\t\t\t<\/div>\n\t\t<div class=\"elementor-element elementor-element-b4025e7 e-con-full e-flex e-con e-child\" data-id=\"b4025e7\" data-element_type=\"container\" data-e-type=\"container\">\n\t\t\t\t<div class=\"elementor-element elementor-element-14128bd elementor-widget elementor-widget-heading\" data-id=\"14128bd\" data-element_type=\"widget\" data-e-type=\"widget\" data-widget_type=\"heading.default\">\n\t\t\t\t\t<h2 class=\"elementor-heading-title elementor-size-default\">Campa\u00f1a de Responsabilidad Social<\/h2>\t\t\t\t<\/div>\n\t\t\t\t<div class=\"elementor-element elementor-element-d61d30e elementor-widget elementor-widget-text-editor\" data-id=\"d61d30e\" data-element_type=\"widget\" data-e-type=\"widget\" data-widget_type=\"text-editor.default\">\n\t\t\t\t\t\t\t\t\t<p style=\"text-align: center;\"><span style=\"color: #ffffff;\">Participamos en diversas iniciativas para promover el bienestar social, incluidos programas de concienciaci\u00f3n sobre la salud y proyectos de desarrollo comunitario.<\/span><\/p>\t\t\t\t\t\t\t\t<\/div>\n\t\t\t\t<\/div>\n\t\t<div class=\"elementor-element elementor-element-10db7da e-con-full e-flex e-con e-child\" data-id=\"10db7da\" data-element_type=\"container\" data-e-type=\"container\">\n\t\t\t\t<div class=\"elementor-element elementor-element-acf098d elementor-widget elementor-widget-heading\" data-id=\"acf098d\" data-element_type=\"widget\" data-e-type=\"widget\" data-widget_type=\"heading.default\">\n\t\t\t\t\t<h2 class=\"elementor-heading-title elementor-size-default\"><a href=\"https:\/\/kbtourstravel.com\/es\/campana-de-reforestacion\/\">Campa\u00f1a de Reforestaci\u00f3n<\/a><\/h2>\t\t\t\t<\/div>\n\t\t\t\t<div class=\"elementor-element elementor-element-da3a2ac elementor-widget elementor-widget-text-editor\" data-id=\"da3a2ac\" data-element_type=\"widget\" data-e-type=\"widget\" data-widget_type=\"text-editor.default\">\n\t\t\t\t\t\t\t\t\t<p style=\"text-align: center;\"><span style=\"color: #ffffff;\">Participamos activamente en los esfuerzos de reforestaci\u00f3n, plantando \u00e1rboles para restaurar h\u00e1bitats naturales y combatir el cambio clim\u00e1tico ..<\/span><\/p>\t\t\t\t\t\t\t\t<\/div>\n\t\t\t\t<\/div>\n\t\t\t\t\t<\/div>\n\t\t\t\t<\/div>\n\t\t<div class=\"elementor-element elementor-element-61544d8 e-flex e-con-boxed e-con e-parent\" data-id=\"61544d8\" data-element_type=\"container\" data-e-type=\"container\">\n\t\t\t\t\t<div class=\"e-con-inner\">\n\t\t\t\t<div class=\"elementor-element elementor-element-98b8757 elementor-widget elementor-widget-heading\" data-id=\"98b8757\" data-element_type=\"widget\" data-e-type=\"widget\" data-widget_type=\"heading.default\">\n\t\t\t\t\t<h2 class=\"elementor-heading-title elementor-size-default\">C\u00f3mo Puedes Contribuir<\/h2>\t\t\t\t<\/div>\n\t\t\t\t<div class=\"elementor-element elementor-element-d897d25 elementor-widget elementor-widget-text-editor\" data-id=\"d897d25\" data-element_type=\"widget\" data-e-type=\"widget\" data-widget_type=\"text-editor.default\">\n\t\t\t\t\t\t\t\t\t<p><span style=\"color: #ffffff;\">Invitamos a nuestros viajeros y socios a participar en nuestros proyectos. Desde el voluntariado hasta las donaciones, tu participaci\u00f3n es clave para nuestro \u00e9xito.<\/span><\/p>\t\t\t\t\t\t\t\t<\/div>\n\t\t\t\t\t<\/div>\n\t\t\t\t<\/div>\n\t\t<div class=\"elementor-element elementor-element-1cc0dea e-flex e-con-boxed e-con e-parent\" data-id=\"1cc0dea\" data-element_type=\"container\" data-e-type=\"container\">\n\t\t\t\t\t<div class=\"e-con-inner\">\n\t\t\t\t\t<\/div>\n\t\t\t\t<\/div>\n\t\t\t\t<\/div>","protected":false},"excerpt":{"rendered":"<p>OUR SOCIAL PROJECTS Home OUR SOCIAL PROJECTS Community Commitment At KB Adventures, we are dedicated to making a positive impact on local communities. Through our social projects, we aim to support sustainable development, environmental conservation, and the well-being of people in the areas we visit. Health Post Support Comunidad Huallpamayta 12 de septiembre del 2025- [&hellip;]<\/p>\n","protected":false},"author":1,"featured_media":11685,"parent":0,"menu_order":0,"comment_status":"closed","ping_status":"closed","template":"elementor_header_footer","meta":{"_acf_changed":false,"om_disable_all_campaigns":false,"_monsterinsights_skip_tracking":false,"_monsterinsights_sitenote_active":false,"_monsterinsights_sitenote_note":"","_monsterinsights_sitenote_category":0,"footnotes":""},"class_list":["post-13762","page","type-page","status-publish","has-post-thumbnail","hentry"],"acf":[],"_links":{"self":[{"href":"https:\/\/kbtourstravel.com\/es\/wp-json\/wp\/v2\/pages\/13762","targetHints":{"allow":["GET"]}}],"collection":[{"href":"https:\/\/kbtourstravel.com\/es\/wp-json\/wp\/v2\/pages"}],"about":[{"href":"https:\/\/kbtourstravel.com\/es\/wp-json\/wp\/v2\/types\/page"}],"author":[{"embeddable":true,"href":"https:\/\/kbtourstravel.com\/es\/wp-json\/wp\/v2\/users\/1"}],"replies":[{"embeddable":true,"href":"https:\/\/kbtourstravel.com\/es\/wp-json\/wp\/v2\/comments?post=13762"}],"version-history":[{"count":24,"href":"https:\/\/kbtourstravel.com\/es\/wp-json\/wp\/v2\/pages\/13762\/revisions"}],"predecessor-version":[{"id":18580,"href":"https:\/\/kbtourstravel.com\/es\/wp-json\/wp\/v2\/pages\/13762\/revisions\/18580"}],"wp:featuredmedia":[{"embeddable":true,"href":"https:\/\/kbtourstravel.com\/es\/wp-json\/wp\/v2\/media\/11685"}],"wp:attachment":[{"href":"https:\/\/kbtourstravel.com\/es\/wp-json\/wp\/v2\/media?parent=13762"}],"curies":[{"name":"wp","href":"https:\/\/api.w.org\/{rel}","templated":true}]}}