{"id":11128,"date":"2024-05-17T13:46:30","date_gmt":"2024-05-17T13:46:30","guid":{"rendered":"http:\/\/localhost\/KBtourstravel\/terms-and-conditions-3\/"},"modified":"2025-04-03T17:51:55","modified_gmt":"2025-04-03T17:51:55","slug":"terms_and_condition","status":"publish","type":"page","link":"https:\/\/kbtourstravel.com\/es\/terms_and_condition\/","title":{"rendered":"Terminos y condiciones"},"content":{"rendered":"<div data-elementor-type=\"wp-page\" data-elementor-id=\"11128\" class=\"elementor elementor-11128\" data-elementor-post-type=\"page\">\n\t\t\t\t<div class=\"elementor-element elementor-element-7144f355 e-flex e-con-boxed e-con e-parent\" data-id=\"7144f355\" data-element_type=\"container\" data-e-type=\"container\" data-settings=\"{&quot;background_background&quot;:&quot;classic&quot;}\">\n\t\t\t\t\t<div class=\"e-con-inner\">\n\t\t<div class=\"elementor-element elementor-element-7ba701ad e-flex e-con-boxed e-con e-child\" data-id=\"7ba701ad\" data-element_type=\"container\" data-e-type=\"container\">\n\t\t\t\t\t<div class=\"e-con-inner\">\n\t\t\t\t<div class=\"elementor-element elementor-element-dce3f2b elementor-widget__width-inherit elementor-widget elementor-widget-heading\" data-id=\"dce3f2b\" data-element_type=\"widget\" data-e-type=\"widget\" data-widget_type=\"heading.default\">\n\t\t\t\t\t<h1 class=\"elementor-heading-title elementor-size-default\"><br><br>T\u00c9RMINOS Y CONDICIONES<\/h1>\t\t\t\t<\/div>\n\t\t\t\t\t<\/div>\n\t\t\t\t<\/div>\n\t\t\t\t\t<\/div>\n\t\t\t\t<\/div>\n\t\t<div class=\"elementor-element elementor-element-bc4b60b e-con-full e-flex e-con e-parent\" data-id=\"bc4b60b\" data-element_type=\"container\" data-e-type=\"container\">\n\t\t<div class=\"elementor-element elementor-element-68b34a3 e-con-full e-flex e-con e-child\" data-id=\"68b34a3\" data-element_type=\"container\" data-e-type=\"container\">\n\t\t\t\t<div class=\"elementor-element elementor-element-ca68ebc elementor-widget elementor-widget-text-editor\" data-id=\"ca68ebc\" data-element_type=\"widget\" data-e-type=\"widget\" data-widget_type=\"text-editor.default\">\n\t\t\t\t\t\t\t\t\t<style>\n    body {\n        font-family: 'Poppins', sans-serif;\n        margin: 40px;\n        line-height: 1.8;\n        background-color: #f4f4f4;\n        color: #333;\n    }\n    .content-wrapper {\n        max-width: 1200px;\n        padding: 30px;\n        border-radius: 10px;\n        box-shadow: 0 4px 15px rgba(0, 0, 0, 0.1);\n        margin: auto;\n    }\n    h2 {\n        color: #1f496f;\n        font-size: 28px;\n        border-bottom: 2px solid #ddd;\n        padding-bottom: 5px;\n    }  \n    h1 {\n        color: #1f496f;\n        text-align: center;\n        font-size: 32px;\n        border-bottom: 2px solid #ddd;\n        padding-bottom: 5px;\n    }    \n       .text-content {\n        font-size: 16px;\n        line-height: 1.8;\n        color: #000;\n    }\n    ul {\n        padding-left: 30px;       }\n<\/style>\n<div class=\"content-wrapper\">\n<p class=\"text-content\"><strong>KB ADVENTURES S.A.C.<\/strong> es un operador tur\u00edstico ubicado en Portal Espina N\u00b0163, Cusco, Per\u00fa. Por lo tanto, la empresa est\u00e1 sujeta a las leyes y reglamentos del Per\u00fa.<\/p>\n<p class=\"text-content\"><strong>KB ADVENTURES S.A.C.<\/strong> agradece su preferencia; sin duda, haremos de su viaje los mejores momentos de su vida. Le pedimos por favor, leer cuidadosamente nuestras pol\u00edticas, t\u00e9rminos y condiciones:<\/p>\n\n<h2>1. Documentaci\u00f3n<\/h2>\n<p class=\"text-content\">Para efectivizar su reserva, es obligatorio enviar una copia del pasaporte legible con VIGENCIA mayor a los 6 meses (a partir de su viaje), <strong>KB ADVENTURES S.A.C.<\/strong> no se har\u00e1 responsable por gastos debido a documentos inapropiados, documentos caducados o falta de documentos de viaje.<\/p>\n<p class=\"text-content\">Los descuentos de estudiantes universitarios para el ingreso a Camino Inca y Machu Picchu, debe contar con el carnet de estudiante de pregrado hasta los 25 a\u00f1os, emitido por la universidad conteniendo lo siguiente: informaci\u00f3n de la universidad, informaci\u00f3n personal del estudiante, foto del estudiante y fecha de vigencia no mayor a un a\u00f1o en relaci\u00f3n a la fecha de ingreso a estos dos atractivos (env\u00edo escaneado por correo electr\u00f3nico) y llevar consigo para el inicio del tour.<\/p>\n\n<h2>2. Fechas Festivas<\/h2>\n<p class=\"text-content\">En caso de las fechas festivas en los diversos destinos del Per\u00fa como, por ejemplo; navidad, a\u00f1o nuevo, fiestas patrias, semana santa, fiestas del Cusco, entre otras, se aplicar\u00e1 un valor adicional conforme a las pol\u00edticas de nuestros proveedores.<\/p>\n\n<h2>3. Seguro de Viaje<\/h2>\n<p class=\"text-content\">Antes de realizar cualquier viaje, le recomendamos altamente obtener su seguro de viajes que cubra accidentes, gastos m\u00e9dicos y repatriaci\u00f3n de emergencia, o incluso rescate o ambulancia a\u00e9rea. Tambi\u00e9n recomendamos que consigne en su seguro cancelaciones de su tour, as\u00ed como p\u00e9rdidas de equipaje. envi\u00e9 por favor una copia de su seguro de viajes al correo electr\u00f3nico de su ejecutivo de ventas.<\/p>\n\n<p class=\"text-content\">Al no contratar su seguro de viaje, <strong>KB ADVENTURES S.A.C.<\/strong> no se har\u00e1 responsable de ninguna de las situaciones mencionadas anteriormente.<\/p>\n\n<h2>4. Reserva confirmada y saldo restante<\/h2>\n<p class=\"text-content\">Una vez que se haya decidido por un servicio, deber\u00e1 completar el formulario de contacto en nuestro sitio web durante el procedimiento de reserva. Es responsabilidad de cada cliente llenar la informaci\u00f3n de manera correcta y veraz. En el momento de la reserva se debe abonar un dep\u00f3sito del 100% para reservar los servicios solicitados.<\/p>\n<p class=\"text-content\">Tenga en cuenta que todos nuestros precios enumerados en nuestro sitio web o cotizados por nuestros empleados est\u00e1n expresados en USD y est\u00e1n sujetos a cambios sin previo aviso. El precio est\u00e1 garantizado una vez que haya recibido un correo electr\u00f3nico de confirmaci\u00f3n de su reserva por parte de <strong>KB ADVENTURES S.A.C.<\/strong><\/p>\n<p class=\"text-content\">Actualmente aceptamos el m\u00e9todo de pago con tarjetas de cr\u00e9dito o d\u00e9bito. Puede encontrar nuestro enlace de pago seguro en nuestro sitio web cuando proceda con la reserva. <strong>KB ADVENTURES S.A.C.<\/strong> realiza el cobro mediante la plataforma de reservas WeTravel, el monto total puede variar seg\u00fan\npol\u00edticas de su entidad bancaria y no la cobramos nosotros.<\/p>\n<p class=\"text-content\"> El cliente debe estar en posesi\u00f3n de un pasaporte v\u00e1lido y las visas requeridas para el recorrido y acepta la responsabilidad de obtener lo anterior. Cualquier informaci\u00f3n o consejo dado por la empresa sobre visas, vacunas, clima, vestimenta, equipaje, equipo especial, etc. se da de buena fe, pero sin responsabilidad por parte de la empresa.<\/p>\n<p class=\"text-content\">Para algunos de los servicios es obligatorio proporcionar informaci\u00f3n del pasaporte. <\/p>\n\n<h2>5. Menores de Edad<\/h2>\n<p class=\"text-content\">De acuerdo al programa elegido, se aplicar\u00e1 los descuentos correspondientes.<\/p>\n\n<h2>6. Horarios de recojo<\/h2>\n<p class=\"text-content\">El tiempo de recojo estar\u00e1 determinado en el programa; el turista debe encontrarse listo y esperando en el lobby del hotel, de no encontrarse listo en el tiempo establecido, la agencia no se har\u00e1 responsable por las demoras y\/o abandono por parte del transporte, por ser este un horario ya establecido. De encontrarse el turista en alto grado de ebriedad, se proceder\u00e1 a la cancelaci\u00f3n del tour sin derecho a reembolso ni reprogramaci\u00f3n alguna.<\/p>\n\n<h2>7. Hoteles<\/h2>\n<p class=\"text-content\">La empresa se reserva el derecho de sustituir hoteles de la misma categor\u00eda en los paquetes tur\u00edsticos que ofrece, esto debido a que la KB ADVENTURES S.A.C est\u00e1 sujeto a disponibilidad de los hoteles en Per\u00fa, ello conforme a lo previsto en el Art. 1277 del C\u00f3digo Civil Peruano Vigente.<\/p>\n<p class=\"text-content\">En caso de early check in y late check out se aplicar\u00e1 un valor adicional conforme a las pol\u00edticas de los hoteles.<\/p>\n\n<h2>8.  Camino Inca, monta\u00f1a Huayna Picchu y\/o monta\u00f1a Machu Picchu<\/h2>\n<p class=\"text-content\">Estos servicios est\u00e1n considerados dentro del rubro tur\u00edstico de Aventura, tienen restricciones gubernamentales debido a su mantenimiento, protecci\u00f3n y conservaci\u00f3n, por lo que la reserva deber\u00e1 realizarse con bastante tiempo de anticipaci\u00f3n y previa consulta de disponibilidad de espacios, estos servicios son de muy alta demanda y tienen un l\u00edmite de cupos disponibles.<\/p>\n\n<h2>9. Actualizaci\u00f3n de informaci\u00f3n de nuestro sitio web<\/h2>\n<p class=\"text-content\">La empresa se reserva el derecho de modificar cualquiera informaci\u00f3n que consta en nuestro sitio web.<\/p>\n\n<h2>10. P\u00e9rdidas y\/o robos de pertenencias<\/h2>\n<p class=\"text-content\">Durante el desarrollo de su programa, KB ADVENTURES S.A.C no se har\u00e1 responsable de la p\u00e9rdida de sus pertenencias, sufrir robos o da\u00f1os del equipaje, para evitar ello le rogamos encarecidamente estar atento a todas sus pertenencias.<\/p>\n\n<h2>11. Cancelaciones, devoluciones &amp; reembolso<\/h2>\n<p class=\"text-content\">Si una solicitud de cancelaci\u00f3n se recibe:<\/p>\n<ul>\n <li class=\"text-content\"><strong>1.<\/strong> Si el cliente cancela el servicio confirmado con m\u00e1s de 60 d\u00edas de antelaci\u00f3n a la salida, se retendr\u00e1 el 50% del importe total (excluyendo gastos bancarios) y los costes de los trenes reservados y boletos de ingreso (boleto Machu Picchu, boleto Camino Inca, Monta\u00f1a Machu Picchu y\/o Huayna Picchu).<\/li>\n <li class=\"text-content\"><strong>2.<\/strong> Si el cliente cancela el tour confirmado entre 60 y 31 d\u00edas antes de la salida, se retendr\u00e1 el 70% del monto total (excluyendo cargos bancarios) y los costos de los trenes y boletos de ingreso reservados (boleto Machu Picchu, boleto Camino Inca, boleto Salkantay trek, Monta\u00f1a Machu Picchu y\/o Huayna Picchu).<\/li>\n <li class=\"text-content\"><strong>3.<\/strong> Si el cliente cancela el tour confirmado dentro de una semana o menos, se retendr\u00e1 el 100% del monto total<\/li>\n<\/ul>\n<p class=\"text-content\">Una vez realizada la compra de los boletos de ingreso a Machu Picchu ticket, Inca trail ticket, Salkantay trek ticket, Machu Picchu Mountain y\/o Huayna Picchu, no existe la opci\u00f3n de modificar ninguna fecha y\/o nombre, ni reembolsar ning\u00fan pago que ha sido realizado por el cliente. Todas las entradas incluyen I.V.A. y el operador tur\u00edstico cobra una tarifa de reserva.<\/p>\n<p class=\"text-content\"> Si el cliente abandona el tour antes de tiempo, incluso si no utiliza noches adicionales de alojamiento por cualquier motivo, voluntario o involuntario, no se reembolsar\u00e1 ning\u00fan dinero.<\/p>\n\n<h2>Cancelaci\u00f3n del Camino Inca de 4 D\u00edas y 2 D\u00edas<\/h2>\n<ul>\n <li class=\"text-content\">Si el cliente cancela el servicio confirmado del Camino Inca de 4 D\u00edas o 2 D\u00edas, en 60 d\u00edas o m\u00e1s antes de la salida, se retendr\u00e1 el 70% del monto total, incluidos los costos de los trenes reservados y boletos de entrada (Camino Inca boleto con ingreso a Machu Picchu, Monta\u00f1a Machu Picchu y\/o Huayna Picchu).<\/li>\n <li class=\"text-content\">Si el cliente cancela el servicio confirmado del Camino Inca de 4 D\u00edas o 2 D\u00edas, en 30 o menos d\u00edas antes de la salida, aplica retenci\u00f3n del 100% del monto total.<\/li>\n<\/ul>\n<p class=\"text-content\">Tenga en cuenta que, una vez realizada la reserva para el Camino Inca, no se pueden realizar cambios (son intransferibles en fecha y de titular de la reserva), ya que est\u00e1 controlado por la DRC (Direcci\u00f3n Desconcentrada de Cultura Cusco), y por ley no permite ninguna modificaci\u00f3n despu\u00e9s de haber recibido la reserva. No se permiten cancelaciones y\/o listas de espera para el Camino Inca.<\/p>\n\n<h2>Cancelaci\u00f3n de Participantes del Viaje<\/h2>\n<p class=\"text-content\">Si uno o m\u00e1s participantes del mismo grupo de viaje cancelan el servicio privado reservado, el precio de compra se recalcular\u00e1 en funci\u00f3n del nuevo n\u00famero de pasajeros. El cliente tiene la opci\u00f3n de aceptar o rechazar el nuevo precio calculado. En el segundo caso, se aplican las condiciones de cancelaci\u00f3n por parte del cliente.<\/p>\n\n<h2>Responsabilidad del Cliente<\/h2>\n<p class=\"text-content\">Si por cualquier motivo el transporte elegido por el cliente (autob\u00fas, avi\u00f3n, tren, etc.) no llega a su destino antes o en la fecha y hora prevista para el inicio de los servicios, la empresa no se hace responsable de los da\u00f1os resultantes. servicios perdidos. Estos servicios no utilizados son responsabilidad de nuestros clientes. Recomendamos llegar a la ciudad de salida al menos 2 d\u00edas antes de que comience el servicio, para que el cliente se acostumbre a las condiciones clim\u00e1ticas y reduzca el riesgo de perder un servicio debido a la cancelaci\u00f3n de un vuelo. Cualquier servicio perdido como resultado de estos retrasos no es reembolsable.<\/p>\n\n<h2>Cancelaci\u00f3n por Nuestra Parte<\/h2>\n<p class=\"text-content\"><strong> KB ADVENTURES S.A.C.<\/strong> se reserva el derecho de cancelar un tour en caso de que ocurra alguna de las siguientes circunstancias:<\/p>\n <ul>\n    <li class=\"text-content\">Para la operaci\u00f3n de Salkantay Privado, Camino Inca de 4 y 2 D\u00edas, requerimos un m\u00ednimo de 2 participantes. En caso de que no haya suficientes participantes para un recorrido, el recorrido se cancela autom\u00e1ticamente. Tenga en cuenta que con su reserva firme y al completar el formulario de contacto, ha aceptado estos t\u00e9rminos. <\/li>\n    <p class=\"text-content\"><strong>SIN EMBARGO<\/strong>, esta regla no es aplicable para:<\/p>\n    <li class=\"text-content\"> <strong>Fuerza mayor:<\/strong> en caso de circunstancias inusuales o imprevisibles fuera de nuestro control, incluidas, entre otras, guerras, disturbios, huelgas, protestas, disputas laborales, actividad terrorista y sus consecuencias, desastres naturales como deslizamientos de tierras, condiciones clim\u00e1ticas adversas, epidemias y pandemia, problemas t\u00e9cnicos inevitables con el transporte.<\/li>\n    <li class=\"text-content\"> Para nuestros otros tours, se llegar\u00eda a cancelar si hubieran las siguientes circunstancias: guerras, disturbios, huelgas, protestas, disputas laborales, actividad terrorista y sus consecuencias, desastres naturales como deslizamientos de tierras, condiciones clim\u00e1ticas adversas, epidemias y pandemia, problemas t\u00e9cnicos inevitables con el transporte.<\/li>\n <\/ul>\n\n<p class=\"text-content\"><strong>KB ADVENTURES S.A.C.<\/strong> se reserva el derecho de modificar, posponer o incluso cancelar su viaje. En caso de cancelaci\u00f3n por alguna de las razones mencionadas anteriormente, el monto del reembolso se calcular\u00e1 dependiendo a los tikets adquiridos.<\/p>\n\n<h2>12. Clientes con responsabilidad<\/h2>\n<p class=\"text-content\">La agencia NO se responsabilizar\u00e1 ni asumir\u00e1 ninguna obligaci\u00f3n por accidentes, da\u00f1os, enfermedades, muertes, actitudes conflictivas frente a sus semejantes que se pudieran presentar en el viaje. Asumiendo el cliente todos los gastos extras ocasionado por esta situaci\u00f3n.<\/p>\n\n<h2>13. Nuestra responsabilidad<\/h2>\n<p class=\"text-content\"><strong>KB ADVENTURES S.A.C.<\/strong> se compromete prestar servicios seg\u00fan la solicitud del turista (Servicio compartido o servicio privado). En todo el proceso del programa contratado se otorgar\u00e1 un servicio de calidad, de acuerdo con las exigencias establecidas en el Art. 28 del reglamento de la ley general de Turismo Nro. 29408.<\/p>\n\n<h2>14. Consideraciones importantes<\/h2>\n<p class=\"text-content\">Solicitamos que informe a la agencia sobre alergias, enfermedades de orden f\u00edsico, psicol\u00f3gico o psiqui\u00e1trico pre existentes que requieran medicaci\u00f3n, condiciones del pasajero, caracter\u00edsticas especiales de cada pasajero, preferencias de comida, etc. Por favor consulte a su m\u00e9dico para la prescripci\u00f3n de alg\u00fan medicamento adicional.<\/p>\n<p class=\"text-content\">El cliente aprecia y reconoce que la naturaleza de los viajes a pa\u00edses en desarrollo requiere una flexibilidad considerable y debe permitir alternativas. Se entiende que la ruta, los horarios, los itinerarios, las comodidades y el modo de transporte pueden estar sujetos a modificaciones sin previo aviso debido a circunstancias o eventos locales, que pueden\nincluir enfermedades o aver\u00edas mec\u00e1nicas, cancelaciones de vuelos, huelgas, eventos derivados de disputas pol\u00edticas, clima y otras circunstancias impredecibles.<\/p>\n\n<h2>15. Fundamentaci\u00f3n Jur\u00eddica<\/h2>\n<p class=\"text-content\">A efecto de que el presente contrato se haga de total cumplimiento para las partes contratantes y con la finalidad de otorgar al pasajero la total seguridad de orden legal en su estad\u00eda en el Per\u00fa, cumplimos con poner en conocimiento todos los dispositivos de orden jur\u00eddico requerido por nuestra legislaci\u00f3n.<\/p>\n\n<ul>\n <li class=\"text-content\"><strong>1.<\/strong>Constituci\u00f3n Pol\u00edtica del Per\u00fa de 1993<\/li>\n <li class=\"text-content\"><strong>2.<\/strong>Ley 29408 ley general de Turismo<\/li>\n <li class=\"text-content\"><strong>3.<\/strong>C\u00f3digo Civil Peruano Vigente de 1984<\/li>\n<\/ul>\n<h2>16. Divulgaci\u00f3n de Fotos<\/h2>\n<p class=\"text-content\">El cliente por la presente consciente y otorga permiso a <strong>KB ADVENTURES S.A.C.<\/strong> para usar fotos o videos con el prop\u00f3sito de promocionar nuestros futuros tours. Libera expresamente a <strong>KB ADVENTURES S.A.C.<\/strong>sus agentes y empleados, de cualquier reclamo que tenga o pueda tener por invasi\u00f3n de la privacidad, difamaci\u00f3n o cualquier otra causa de acci\u00f3n que surja del uso de estas fotograf\u00edas e im\u00e1genes de video. Si no desea que su imagen se utilice en nuestro material promocional, av\u00edsenos al momento de la reserva o informe a nuestro gu\u00eda durante el recorrido.<\/p>\n<p class=\"text-content\"><strong>Al confirmar su reserva, acepta plenamente nuestras pol\u00edticas, t\u00e9rminos y condiciones.<\/strong><\/p>\n\n<\/div>\t\t\t\t\t\t\t\t<\/div>\n\t\t\t\t<\/div>\n\t\t<div class=\"elementor-element elementor-element-014785a e-con-full e-flex e-con e-child\" data-id=\"014785a\" data-element_type=\"container\" data-e-type=\"container\">\n\t\t<div class=\"elementor-element elementor-element-263d649 e-con-full e-flex e-con e-child\" data-id=\"263d649\" data-element_type=\"container\" data-e-type=\"container\">\n\t\t\t\t<div class=\"elementor-element elementor-element-8771a01 elementor-widget elementor-widget-text-editor\" data-id=\"8771a01\" data-element_type=\"widget\" data-e-type=\"widget\" data-widget_type=\"text-editor.default\">\n\t\t\t\t\t\t\t\t\t<style>\n  body {\n    background-color: #f0f0f0;\n    font-family: 'Poppins', sans-serif;\n    margin: 0;\n    padding: 0;\n  }\n\n  .cuadro {\n    width: 90%;\n    max-width: 700px;\n    position: sticky;\n    margin: 50px auto; \/* Centrado horizontalmente y margen superior e inferior *\/\n    padding: 30px;\n    border: 1px solid #1f496f; \/* Borde con color #1f496f *\/\n    border-radius: 15px;\n    background-color: #1B4D6E; \/* Fondo s\u00f3lido con color #1f496f *\/\n    box-shadow: 0 6px 12px rgba(0, 0, 0, 0.3);\n    text-align: center;\n    color: #fff;\n  }\n\n  .do {\n    margin-bottom: 20px;\n    color: #faba2c; \/* Color amarillo para el t\u00edtulo *\/\n    font-size: 28px;\n    font-weight: bold;\n    text-transform: uppercase; \/* Texto en may\u00fasculas *\/\n  }\n\n  p {\n    margin-bottom: 15px;\n    font-size: 18px;\n    color: white; \/* Color blanco para el texto *\/\n  }\n\n  .icon {\n    margin-right: 10px;\n    color: #faba2c; \/* Color amarillo para los iconos *\/\n  }\n\n  a {\n    color: #faba2c; \/* Color amarillo para el enlace *\/\n    text-decoration: underline;\n    transition: color 0.3s;\n  }\n\n  a:hover {\n    text-decoration: none;\n    color: #fff; \/* Cambio de color al pasar el mouse por encima *\/\n  }\n\n  @media (max-width: 600px) {\n    .cuadro {\n      width: 95%;\n      padding: 20px;\n    }\n\n    .do {\n      font-size: 24px;\n    }\n\n    p {\n      font-size: 16px;\n    }\n  }\n<\/style>\n\n<div class=\"cuadro\">\n  <p class=\"do\"><strong>\u00bfTIENES ALGUNA PREGUNTA?<\/strong><\/p>\n  No dude en llamarnos. Somos un equipo de expertos y estaremos encantados de hablar con usted.\n  \n  <i class=\"fas fa-phone icon\"><\/i> +51 978 730 410\n  \n  <i class=\"fas fa-phone icon\"><\/i> +51 984 766 667\n  \n  <i class=\"fas fa-envelope icon\"><\/i> Email: <a href=\"mailto:info@kbtourstravel.com\">info@kbtourstravel.com<\/a>\n<\/div>\n\t\t\t\t\t\t\t\t<\/div>\n\t\t\t\t<\/div>\n\t\t<div class=\"elementor-element elementor-element-778ba4a e-con-full e-flex e-con e-child\" data-id=\"778ba4a\" data-element_type=\"container\" data-e-type=\"container\">\n\t\t\t\t<div class=\"elementor-element elementor-element-9b213f2 elementor-widget elementor-widget-text-editor\" data-id=\"9b213f2\" data-element_type=\"widget\" data-e-type=\"widget\" data-widget_type=\"text-editor.default\">\n\t\t\t\t\t\t\t\t\t<!DOCTYPE html>\n<html lang=\"en\">\n<head>\n    <meta charset=\"UTF-8\">\n    <meta name=\"viewport\" content=\"width=device-width, initial-scale=1.0\">\n    <title>Policies, Terms &#038; Conditions<\/title>\n    <style>\n        body {\n            font-family: Arial, sans-serif;\n            margin: 40px;\n            line-height: 1.6;\n            background-color: #f4f4f4;\n            color: #333;\n        }\n        ul {\n            padding-left: 20px;\n        }\n        .section {\n            margin-bottom: 20px;\n            border-bottom: 2px solid #ddd;\n            padding-bottom: 10px;\n        }\n        .highlight {\n            color: red;\n            font-weight: bold;\n        }\n        .tripadvisor-widget {\n            display: flex;\n            align-items: center;\n            justify-content: center;\n            gap: 20px;\n            background-color: #fff;\n            padding: 15px;\n            border-radius: 10px;\n            box-shadow: 0 4px 8px rgba(0, 0, 0, 0.1);\n            max-width: 500px;\n            margin: 20px auto;\n        }\n        .tripadvisor-widget a img {\n            transition: transform 0.3s ease-in-out;\n            border-radius: 5px;\n        }\n        .tripadvisor-widget a img:hover {\n            transform: scale(1.1);\n        }\n    <\/style>\n<\/head>\n<body>\n    <div class=\"content-wrapper\"> \n        <div class=\"tripadvisor-widget\">\n            <div>\n                <a target=\"_blank\" href=\"https:\/\/www.tripadvisor.com.pe\/Attraction_Review-g294314-d4259913-Reviews-KB_Adventure-Cusco_Cusco_Region.html\" rel=\"noopener\">\n                    <img decoding=\"async\" src=\"https:\/\/static.tacdn.com\/img2\/travelers_choice\/widgets\/tchotel_2023_LL.png\" alt=\"TripAdvisor\" style=\"width: 100px;\">\n                <\/a>\n            <\/div>\n            <div>\n                <a target=\"_blank\" href=\"https:\/\/www.tripadvisor.com\/Attraction_Review-g294314-d4259913-Reviews-KB_Adventure-Cusco_Cusco_Region.html\" rel=\"noopener\">\n                    <img decoding=\"async\" src=\"https:\/\/static.tacdn.com\/img2\/brand_refresh\/Tripadvisor_lockup_horizontal_secondary_registered.svg\" alt=\"TripAdvisor\" style=\"width: 150px;\">\n                <\/a>\n            <\/div>\n        <\/div>\n\n        <script async src=\"https:\/\/www.jscache.com\/wejs?wtype=certificateOfExcellence&amp;uniq=697&amp;locationId=4259913&amp;lang=es_PE&amp;year=2023&amp;display_version=2\" data-loadtrk onload=\"this.loadtrk=true\"><\/script>\n        <script async src=\"https:\/\/www.jscache.com\/wejs?wtype=excellent&amp;uniq=47&amp;locationId=4259913&amp;lang=en_US&amp;display_version=2\" data-loadtrk onload=\"this.loadtrk=true\"><\/script>\n    <\/div>\n<\/body>\n<\/html>\n\t\t\t\t\t\t\t\t<\/div>\n\t\t\t\t<\/div>\n\t\t\t\t<\/div>\n\t\t\t\t<\/div>\n\t\t\t\t<\/div>","protected":false},"excerpt":{"rendered":"<p>TERMS AND CONDITIONS KB ADVENTURES S.A.C is a tour operator located at Portal Espina No. 163, Cusco, Peru. Therefore, the company is subject to the laws and regulations of Peru. KB ADVENTURES S.A.C appreciates your preference; without a doubt, we will make your trip the best moments of your life. We kindly ask you to [&hellip;]<\/p>\n","protected":false},"author":1,"featured_media":0,"parent":0,"menu_order":0,"comment_status":"closed","ping_status":"closed","template":"elementor_header_footer","meta":{"_acf_changed":false,"om_disable_all_campaigns":false,"_monsterinsights_skip_tracking":false,"_monsterinsights_sitenote_active":false,"_monsterinsights_sitenote_note":"","_monsterinsights_sitenote_category":0,"footnotes":""},"class_list":["post-11128","page","type-page","status-publish","hentry"],"acf":[],"_links":{"self":[{"href":"https:\/\/kbtourstravel.com\/es\/wp-json\/wp\/v2\/pages\/11128","targetHints":{"allow":["GET"]}}],"collection":[{"href":"https:\/\/kbtourstravel.com\/es\/wp-json\/wp\/v2\/pages"}],"about":[{"href":"https:\/\/kbtourstravel.com\/es\/wp-json\/wp\/v2\/types\/page"}],"author":[{"embeddable":true,"href":"https:\/\/kbtourstravel.com\/es\/wp-json\/wp\/v2\/users\/1"}],"replies":[{"embeddable":true,"href":"https:\/\/kbtourstravel.com\/es\/wp-json\/wp\/v2\/comments?post=11128"}],"version-history":[{"count":0,"href":"https:\/\/kbtourstravel.com\/es\/wp-json\/wp\/v2\/pages\/11128\/revisions"}],"wp:attachment":[{"href":"https:\/\/kbtourstravel.com\/es\/wp-json\/wp\/v2\/media?parent=11128"}],"curies":[{"name":"wp","href":"https:\/\/api.w.org\/{rel}","templated":true}]}}